{"id":111063,"date":"2018-01-01T11:16:05","date_gmt":"2018-01-01T10:16:05","guid":{"rendered":"https:\/\/ledison.hr\/?post_type=product&#038;p=111063"},"modified":"2023-09-05T14:16:39","modified_gmt":"2023-09-05T12:16:39","slug":"led-napajanje-zidni-adapter-18w-1-5a-12v-dc-5-5-2-1","status":"publish","type":"product","link":"https:\/\/ledison.hr\/en\/web-trgovina\/napajanja-za-led\/zidni-adapteri-12v\/led-napajanje-zidni-adapter-18w-1-5a-12v-dc-5-5-2-1\/","title":{"rendered":"LED Napajanje (Zidni adapter) &#8211; 24W 2A, 12V, DC 5.5\/2.1"},"content":{"rendered":"<p>Izlazni napon: DC12V<br \/>\nDC priklju\u010dak: Jack 5.5\/2.1 mm<br \/>\nStruja: 2A<br \/>\nSnaga: 24W<br \/>\nRadni napon: AC 230V<br \/>\nFrekvencija: 50-60Hz<br \/>\nZa\u0161tita: IP20<br \/>\nZa\u0161tita od strujnog udara Class II &#8211; dvostruki oklop<br \/>\nZa\u0161tita od kratkog spoja preoptere\u0107enja i prenapona<br \/>\nTe\u017eina: 180 g<br \/>\nDimenzije: 79\u00d754\u00d733mm<br \/>\nKu\u0107i\u0161te: plasti\u010dno s zidnom uti\u010dnicom<br \/>\nBoja: Crna<\/p>\n<pre><\/pre>\n","protected":false},"excerpt":{"rendered":"<p>Zidni adapter za napajanje od 12V te 2A \u0161to osigurava stabilno napajanje tro\u0161ila snage do 24W.<\/p>\n","protected":false},"featured_media":111974,"comment_status":"open","ping_status":"closed","template":"","meta":{"_acf_changed":false},"product_brand":[],"product_cat":[1278,1324],"product_tag":[],"class_list":{"0":"post-111063","1":"product","2":"type-product","3":"status-publish","4":"has-post-thumbnail","6":"product_cat-napajanja-za-led","7":"product_cat-zidni-adapteri-12v","10":"first","11":"outofstock","12":"taxable","13":"shipping-taxable","14":"purchasable","15":"product-type-simple"},"acf":[],"_links":{"self":[{"href":"https:\/\/ledison.hr\/en\/wp-json\/wp\/v2\/product\/111063","targetHints":{"allow":["GET"]}}],"collection":[{"href":"https:\/\/ledison.hr\/en\/wp-json\/wp\/v2\/product"}],"about":[{"href":"https:\/\/ledison.hr\/en\/wp-json\/wp\/v2\/types\/product"}],"replies":[{"embeddable":true,"href":"https:\/\/ledison.hr\/en\/wp-json\/wp\/v2\/comments?post=111063"}],"wp:featuredmedia":[{"embeddable":true,"href":"https:\/\/ledison.hr\/en\/wp-json\/wp\/v2\/media\/111974"}],"wp:attachment":[{"href":"https:\/\/ledison.hr\/en\/wp-json\/wp\/v2\/media?parent=111063"}],"wp:term":[{"taxonomy":"product_brand","embeddable":true,"href":"https:\/\/ledison.hr\/en\/wp-json\/wp\/v2\/product_brand?post=111063"},{"taxonomy":"product_cat","embeddable":true,"href":"https:\/\/ledison.hr\/en\/wp-json\/wp\/v2\/product_cat?post=111063"},{"taxonomy":"product_tag","embeddable":true,"href":"https:\/\/ledison.hr\/en\/wp-json\/wp\/v2\/product_tag?post=111063"}],"curies":[{"name":"wp","href":"https:\/\/api.w.org\/{rel}","templated":true}]}}