{"id":111165,"date":"2020-10-18T19:58:47","date_gmt":"2020-10-18T17:58:47","guid":{"rendered":"https:\/\/ledison.hr\/?post_type=product&#038;p=111165"},"modified":"2024-02-01T15:31:07","modified_gmt":"2024-02-01T14:31:07","slug":"led-tri-proof-lht010-40w-3600lm-120cm-ip65-ik08","status":"publish","type":"product","link":"https:\/\/ledison.hr\/en\/web-trgovina\/eol\/led-tri-proof-lht010-40w-3600lm-120cm-ip65-ik08\/","title":{"rendered":"LED Tri-proof LHT010 40W 3600lm, 120cm, IP65 IK08"},"content":{"rendered":"<ul>\n<li>Snaga (Potro\u0161nja): 40W<\/li>\n<li>Energetski razred: A+<\/li>\n<li>Radni napon: AC 100-250V<\/li>\n<li>Max. svjetlosni tok izvora: 3600lm<\/li>\n<li>Pokrov: mlije\u010dna plastika<\/li>\n<li>Dimenzije (mm): L1210xW100xH75mm<\/li>\n<li>Index za\u0161tite: IP65 IK08<\/li>\n<li>Certifikati: CE ROHS<\/li>\n<li>Kut svjetlosti: 120\u00b0<\/li>\n<li>LED \u017eivotni vijek: 25.000 sati<\/li>\n<li>Broj paljenja\/ga\u0161enja: 40.000 puta<\/li>\n<li>Indeks uzvrata boje (CRI): &gt;80<\/li>\n<li>Temperatura boje: 4100K<\/li>\n<li>Radna temperatura: -10\u00b0C do +50\u00b0C<\/li>\n<\/ul>\n","protected":false},"excerpt":{"rendered":"<p>Tri-proof LED svjetiljka snage 40W 3600lm duljine 1200 mm idealna je zamjena za vodotjesne armature s 2x 36W fluo cijevima a pogodna je za skladi\u0161ta te vanjske prostore izlo\u017eene ki\u0161i.<\/p>\n","protected":false},"featured_media":115237,"comment_status":"open","ping_status":"closed","template":"","meta":{"_acf_changed":false},"product_brand":[],"product_cat":[1402],"product_tag":[],"class_list":{"0":"post-111165","1":"product","2":"type-product","3":"status-publish","4":"has-post-thumbnail","6":"product_cat-eol","9":"first","10":"instock","11":"taxable","12":"shipping-taxable","13":"purchasable","14":"product-type-simple"},"acf":[],"_links":{"self":[{"href":"https:\/\/ledison.hr\/en\/wp-json\/wp\/v2\/product\/111165","targetHints":{"allow":["GET"]}}],"collection":[{"href":"https:\/\/ledison.hr\/en\/wp-json\/wp\/v2\/product"}],"about":[{"href":"https:\/\/ledison.hr\/en\/wp-json\/wp\/v2\/types\/product"}],"replies":[{"embeddable":true,"href":"https:\/\/ledison.hr\/en\/wp-json\/wp\/v2\/comments?post=111165"}],"wp:featuredmedia":[{"embeddable":true,"href":"https:\/\/ledison.hr\/en\/wp-json\/wp\/v2\/media\/115237"}],"wp:attachment":[{"href":"https:\/\/ledison.hr\/en\/wp-json\/wp\/v2\/media?parent=111165"}],"wp:term":[{"taxonomy":"product_brand","embeddable":true,"href":"https:\/\/ledison.hr\/en\/wp-json\/wp\/v2\/product_brand?post=111165"},{"taxonomy":"product_cat","embeddable":true,"href":"https:\/\/ledison.hr\/en\/wp-json\/wp\/v2\/product_cat?post=111165"},{"taxonomy":"product_tag","embeddable":true,"href":"https:\/\/ledison.hr\/en\/wp-json\/wp\/v2\/product_tag?post=111165"}],"curies":[{"name":"wp","href":"https:\/\/api.w.org\/{rel}","templated":true}]}}