{"id":111810,"date":"2021-04-12T13:23:30","date_gmt":"2021-04-12T11:23:30","guid":{"rendered":"https:\/\/ledison.hr\/?post_type=product&#038;p=111810"},"modified":"2026-01-13T10:03:58","modified_gmt":"2026-01-13T09:03:58","slug":"daljinski-rf-2-4g-upravljac-za-rgb-kontr-skydance-rm3","status":"publish","type":"product","link":"https:\/\/ledison.hr\/en\/web-trgovina\/led-upravljacki-sistemi\/upravljaci-rf-2-4ghz\/daljinski-rf-2-4g-upravljac-za-rgb-kontr-skydance-rm3\/","title":{"rendered":"Daljinski RF2.4G Upravlja\u010d za RGB\/RGBW, Skydance RM3"},"content":{"rendered":"<ul>\n<li>Izlazni signal: RF 2.4GHz<\/li>\n<li>Doseg upravlja\u010da: do 30m<\/li>\n<li><strong>Broj zona: 1<\/strong><\/li>\n<li><strong>Funkcija<\/strong>: Dimming, on\/off, Promjena boje (RGBW)<\/li>\n<li>Baterija: CR2032<\/li>\n<li>Radna struja: &lt; 5mA<\/li>\n<li>Dimenzije: 100 x 47 x 8 mm<\/li>\n<\/ul>\n<p><strong>Uparivanje:<\/strong><\/p>\n<p><strong>Putem MATCH key na kontroleru:<\/strong><\/p>\n<p>Kratko pritisnite tipku \u201cMatch\u201d na kontroleru (dimmeru), zatim odmah pritisnite i dr\u017eite nekoliko sekundi tipku za uklju\u010divanje\/isklju\u010divanje na daljinskom upravlja\u010du.<br data-start=\"224\" data-end=\"227\" \/>Ako LED indikator brzo zatreperi nekoliko puta, to zna\u010di da je uparivanje uspje\u0161no.<\/p>\n<p><strong>DELETE funkcija:<\/strong><br \/>\nPritisnite i dr\u017eite tipku \u201cMatch\u201d na kontroleru 5 sekundi za brisanje svih uparenih ure\u0111aja.<br data-start=\"108\" data-end=\"111\" \/>Ako LED indikator brzo zatreperi nekoliko puta, to zna\u010di da su svi upareni daljinski upravlja\u010di izbrisani.<\/p>\n<p><strong>Bez MATCH key:<br \/>\n<\/strong><\/p>\n<p>Isklju\u010dite napajanje, zatim ga ponovno uklju\u010dite i ponovite postupak jo\u0161 jednom.<br data-start=\"122\" data-end=\"125\" \/>Odmah nakon toga, kratko pritisnite tipku za uklju\u010divanje\/isklju\u010divanje na daljinskom upravlja\u010du 3 puta.<br data-start=\"229\" data-end=\"232\" \/>Ako svjetlo trepne 3 puta, to zna\u010di da je uparivanje uspje\u0161no.<\/p>\n<p><strong>DELETE funkcija:<\/strong><br \/>\nIsklju\u010dite napajanje, zatim ga ponovno uklju\u010dite i ponovite postupak jo\u0161 jednom.<br data-start=\"122\" data-end=\"125\" \/>Odmah nakon toga, kratko pritisnite tipku za uklju\u010divanje\/isklju\u010divanje na daljinskom upravlja\u010du 5 puta.<br data-start=\"229\" data-end=\"232\" \/>Ako svjetlo trepne 5 puta, to zna\u010di da su svi upareni daljinski upravlja\u010di izbrisani.<\/p>\n<p><a href=\"https:\/\/ledison.hr\/wp-content\/uploads\/2021\/04\/RM1_RM3_2.jpg\"><img loading=\"lazy\" decoding=\"async\" class=\"alignnone size-full wp-image-113514\" src=\"https:\/\/ledison.hr\/wp-content\/uploads\/2021\/04\/RM1_RM3_2.jpg\" alt=\"\" width=\"1170\" height=\"636\" srcset=\"https:\/\/ledison.hr\/wp-content\/uploads\/2021\/04\/RM1_RM3_2.jpg 1170w, https:\/\/ledison.hr\/wp-content\/uploads\/2021\/04\/RM1_RM3_2-300x163.jpg 300w, https:\/\/ledison.hr\/wp-content\/uploads\/2021\/04\/RM1_RM3_2-800x435.jpg 800w, https:\/\/ledison.hr\/wp-content\/uploads\/2021\/04\/RM1_RM3_2-768x417.jpg 768w, https:\/\/ledison.hr\/wp-content\/uploads\/2021\/04\/RM1_RM3_2-600x326.jpg 600w\" sizes=\"auto, (max-width: 1170px) 100vw, 1170px\" \/><\/a> <a href=\"https:\/\/ledison.hr\/wp-content\/uploads\/2021\/04\/RM1_RM3.jpg\"><img loading=\"lazy\" decoding=\"async\" class=\"alignnone size-full wp-image-113510\" src=\"https:\/\/ledison.hr\/wp-content\/uploads\/2021\/04\/RM1_RM3.jpg\" alt=\"\" width=\"1170\" height=\"642\" srcset=\"https:\/\/ledison.hr\/wp-content\/uploads\/2021\/04\/RM1_RM3.jpg 1170w, https:\/\/ledison.hr\/wp-content\/uploads\/2021\/04\/RM1_RM3-300x165.jpg 300w, https:\/\/ledison.hr\/wp-content\/uploads\/2021\/04\/RM1_RM3-800x439.jpg 800w, https:\/\/ledison.hr\/wp-content\/uploads\/2021\/04\/RM1_RM3-768x421.jpg 768w, https:\/\/ledison.hr\/wp-content\/uploads\/2021\/04\/RM1_RM3-600x329.jpg 600w\" sizes=\"auto, (max-width: 1170px) 100vw, 1170px\" \/><\/a> <a href=\"https:\/\/ledison.hr\/wp-content\/uploads\/2021\/04\/RM1_RM3_1.jpg\"><img loading=\"lazy\" decoding=\"async\" class=\"alignnone size-full wp-image-113512\" src=\"https:\/\/ledison.hr\/wp-content\/uploads\/2021\/04\/RM1_RM3_1.jpg\" alt=\"\" width=\"1170\" height=\"586\" srcset=\"https:\/\/ledison.hr\/wp-content\/uploads\/2021\/04\/RM1_RM3_1.jpg 1170w, https:\/\/ledison.hr\/wp-content\/uploads\/2021\/04\/RM1_RM3_1-300x150.jpg 300w, https:\/\/ledison.hr\/wp-content\/uploads\/2021\/04\/RM1_RM3_1-800x401.jpg 800w, https:\/\/ledison.hr\/wp-content\/uploads\/2021\/04\/RM1_RM3_1-768x385.jpg 768w, https:\/\/ledison.hr\/wp-content\/uploads\/2021\/04\/RM1_RM3_1-600x301.jpg 600w\" sizes=\"auto, (max-width: 1170px) 100vw, 1170px\" \/><\/a> <a href=\"https:\/\/ledison.hr\/wp-content\/uploads\/2021\/04\/RM3.jpg\"><img loading=\"lazy\" decoding=\"async\" class=\"alignnone size-full wp-image-113516\" src=\"https:\/\/ledison.hr\/wp-content\/uploads\/2021\/04\/RM3.jpg\" alt=\"\" width=\"1122\" height=\"717\" srcset=\"https:\/\/ledison.hr\/wp-content\/uploads\/2021\/04\/RM3.jpg 1122w, https:\/\/ledison.hr\/wp-content\/uploads\/2021\/04\/RM3-300x192.jpg 300w, https:\/\/ledison.hr\/wp-content\/uploads\/2021\/04\/RM3-800x511.jpg 800w, https:\/\/ledison.hr\/wp-content\/uploads\/2021\/04\/RM3-768x491.jpg 768w, https:\/\/ledison.hr\/wp-content\/uploads\/2021\/04\/RM3-600x383.jpg 600w\" sizes=\"auto, (max-width: 1122px) 100vw, 1122px\" \/><\/a> <a href=\"https:\/\/ledison.hr\/wp-content\/uploads\/2021\/04\/RM3_1-1.jpg\"><img loading=\"lazy\" decoding=\"async\" class=\"alignnone size-full wp-image-113518\" src=\"https:\/\/ledison.hr\/wp-content\/uploads\/2021\/04\/RM3_1-1.jpg\" alt=\"\" width=\"1001\" height=\"728\" srcset=\"https:\/\/ledison.hr\/wp-content\/uploads\/2021\/04\/RM3_1-1.jpg 1001w, https:\/\/ledison.hr\/wp-content\/uploads\/2021\/04\/RM3_1-1-300x218.jpg 300w, https:\/\/ledison.hr\/wp-content\/uploads\/2021\/04\/RM3_1-1-800x582.jpg 800w, https:\/\/ledison.hr\/wp-content\/uploads\/2021\/04\/RM3_1-1-768x559.jpg 768w, https:\/\/ledison.hr\/wp-content\/uploads\/2021\/04\/RM3_1-1-600x436.jpg 600w\" sizes=\"auto, (max-width: 1001px) 100vw, 1001px\" \/><\/a><\/p>\n<div><\/div>\n","protected":false},"excerpt":{"rendered":"<p>Daljinski upravlja\u010d za Skydance RGB\/RGBW RF 2.4G kontrolere za LED trake, dometa do 30m.<\/p>\n","protected":false},"featured_media":119448,"comment_status":"open","ping_status":"closed","template":"","meta":{"_acf_changed":false},"product_brand":[],"product_cat":[1384,1293],"product_tag":[],"class_list":{"0":"post-111810","1":"product","2":"type-product","3":"status-publish","4":"has-post-thumbnail","6":"product_cat-upravljaci-rf-2-4ghz","7":"product_cat-led-upravljacki-sistemi","10":"first","11":"instock","12":"taxable","13":"shipping-taxable","14":"purchasable","15":"product-type-simple"},"acf":[],"_links":{"self":[{"href":"https:\/\/ledison.hr\/en\/wp-json\/wp\/v2\/product\/111810","targetHints":{"allow":["GET"]}}],"collection":[{"href":"https:\/\/ledison.hr\/en\/wp-json\/wp\/v2\/product"}],"about":[{"href":"https:\/\/ledison.hr\/en\/wp-json\/wp\/v2\/types\/product"}],"replies":[{"embeddable":true,"href":"https:\/\/ledison.hr\/en\/wp-json\/wp\/v2\/comments?post=111810"}],"wp:featuredmedia":[{"embeddable":true,"href":"https:\/\/ledison.hr\/en\/wp-json\/wp\/v2\/media\/119448"}],"wp:attachment":[{"href":"https:\/\/ledison.hr\/en\/wp-json\/wp\/v2\/media?parent=111810"}],"wp:term":[{"taxonomy":"product_brand","embeddable":true,"href":"https:\/\/ledison.hr\/en\/wp-json\/wp\/v2\/product_brand?post=111810"},{"taxonomy":"product_cat","embeddable":true,"href":"https:\/\/ledison.hr\/en\/wp-json\/wp\/v2\/product_cat?post=111810"},{"taxonomy":"product_tag","embeddable":true,"href":"https:\/\/ledison.hr\/en\/wp-json\/wp\/v2\/product_tag?post=111810"}],"curies":[{"name":"wp","href":"https:\/\/api.w.org\/{rel}","templated":true}]}}