{"id":114801,"date":"2021-02-24T14:26:01","date_gmt":"2021-02-24T13:26:01","guid":{"rendered":"https:\/\/ledison.hr\/?post_type=product&#038;p=114801"},"modified":"2026-04-14T22:18:02","modified_gmt":"2026-04-14T20:18:02","slug":"baseus-kabel-tungsten-gold-type-ctype-c-2m-100w","status":"publish","type":"product","link":"https:\/\/ledison.hr\/en\/web-trgovina\/baseus\/baseus-kabel-tungsten-gold-type-ctype-c-2m-100w\/","title":{"rendered":"Baseus Kabel Tungsten GOLD Type-C>Type-C, 2M, 100W"},"content":{"rendered":"<ul>\n<li>Brand: Baseus<\/li>\n<li>Tip konektora: Type-C &gt; Type-C<\/li>\n<li>USB standard: High Speed \u200b\u200b(480 Mbit \/ s)<\/li>\n<li>Maksimalna snaga: 20V \/ 5A<\/li>\n<li>Du\u017eina kabela: 2M<\/li>\n<li>Zna\u010dajke: loading \/ data transfer<\/li>\n<li>Materijal: Cink legura   pletena \u017eica<\/li>\n<li>Kompatibilnost: svi ure\u0111aji sa Type-C utorom<\/li>\n<\/ul>\n","protected":false},"excerpt":{"rendered":"<div>\n<p>Baseus Tungsten GOLD Type-C&gt;Type-C kabel du\u017eine 2m vrhunske kvalitete kompatibilan je sa svim ure\u0111ajima koji imaju Type-C utor a bez problema podosi strujno optere\u0107enje 5A odnodno max. 100W.<\/p>\n<\/div>\n","protected":false},"featured_media":114802,"comment_status":"open","ping_status":"closed","template":"","meta":{"_acf_changed":false},"product_brand":[],"product_cat":[1493],"product_tag":[],"class_list":{"0":"post-114801","1":"product","2":"type-product","3":"status-publish","4":"has-post-thumbnail","6":"product_cat-baseus","9":"first","10":"instock","11":"taxable","12":"shipping-taxable","13":"purchasable","14":"product-type-simple"},"acf":[],"_links":{"self":[{"href":"https:\/\/ledison.hr\/en\/wp-json\/wp\/v2\/product\/114801","targetHints":{"allow":["GET"]}}],"collection":[{"href":"https:\/\/ledison.hr\/en\/wp-json\/wp\/v2\/product"}],"about":[{"href":"https:\/\/ledison.hr\/en\/wp-json\/wp\/v2\/types\/product"}],"replies":[{"embeddable":true,"href":"https:\/\/ledison.hr\/en\/wp-json\/wp\/v2\/comments?post=114801"}],"wp:featuredmedia":[{"embeddable":true,"href":"https:\/\/ledison.hr\/en\/wp-json\/wp\/v2\/media\/114802"}],"wp:attachment":[{"href":"https:\/\/ledison.hr\/en\/wp-json\/wp\/v2\/media?parent=114801"}],"wp:term":[{"taxonomy":"product_brand","embeddable":true,"href":"https:\/\/ledison.hr\/en\/wp-json\/wp\/v2\/product_brand?post=114801"},{"taxonomy":"product_cat","embeddable":true,"href":"https:\/\/ledison.hr\/en\/wp-json\/wp\/v2\/product_cat?post=114801"},{"taxonomy":"product_tag","embeddable":true,"href":"https:\/\/ledison.hr\/en\/wp-json\/wp\/v2\/product_tag?post=114801"}],"curies":[{"name":"wp","href":"https:\/\/api.w.org\/{rel}","templated":true}]}}