{"id":114835,"date":"2021-02-25T14:24:26","date_gmt":"2021-02-25T13:24:26","guid":{"rendered":"https:\/\/ledison.hr\/?post_type=product&#038;p=114835"},"modified":"2024-12-18T16:09:56","modified_gmt":"2024-12-18T15:09:56","slug":"baseus-maska-wing-6-7%e2%80%b3-za-iphone-12pro-max-bijela-tran","status":"publish","type":"product","link":"https:\/\/ledison.hr\/en\/web-trgovina\/baseus\/baseus-maska-wing-6-7%e2%80%b3-za-iphone-12pro-max-bijela-tran\/","title":{"rendered":"Baseus Maska WING 6.7\u2033 Za IPhone 12Pro Max, Bijela Tran."},"content":{"rendered":"<p>Isklju\u010divo za iPhone 12 Pro Max dijagonale 6.7\u2033 u transparentnoj bijeloj boji.<\/p>\n<p>Izra\u0111ena je od visokokvalitetne tanke plastike, \u010duva ure\u0111aj od ogrebotina i ostalih o\u0161te\u0107enja.<br \/>\nOtporna je na fleke od raznih vanjskh utjecaja, kao i na otiske prstiju.<\/p>\n<p>Precizno je dizajnirana te nesmetano mo\u017eete obavljati sve funkcije na telefonu.<br \/>\nPodr\u017eava wireless punjenje.<br \/>\nDolazi u originalnom Baseus pakiranju.<\/p>\n","protected":false},"excerpt":{"rendered":"<div>\n<p>Ultra tanka Baseus maska za iPhone 12Pro Max, 6.7\u2033, debljine samo 0.4mm \u010dvrsto prijanja za rubove telefona i sprije\u010dava njegovo ispadanje.<\/p>\n<\/div>\n","protected":false},"featured_media":114836,"comment_status":"open","ping_status":"closed","template":"","meta":{"_acf_changed":false},"product_brand":[],"product_cat":[1493],"product_tag":[],"class_list":{"0":"post-114835","1":"product","2":"type-product","3":"status-publish","4":"has-post-thumbnail","6":"product_cat-baseus","9":"first","10":"instock","11":"taxable","12":"shipping-taxable","13":"purchasable","14":"product-type-simple"},"acf":[],"_links":{"self":[{"href":"https:\/\/ledison.hr\/en\/wp-json\/wp\/v2\/product\/114835","targetHints":{"allow":["GET"]}}],"collection":[{"href":"https:\/\/ledison.hr\/en\/wp-json\/wp\/v2\/product"}],"about":[{"href":"https:\/\/ledison.hr\/en\/wp-json\/wp\/v2\/types\/product"}],"replies":[{"embeddable":true,"href":"https:\/\/ledison.hr\/en\/wp-json\/wp\/v2\/comments?post=114835"}],"wp:featuredmedia":[{"embeddable":true,"href":"https:\/\/ledison.hr\/en\/wp-json\/wp\/v2\/media\/114836"}],"wp:attachment":[{"href":"https:\/\/ledison.hr\/en\/wp-json\/wp\/v2\/media?parent=114835"}],"wp:term":[{"taxonomy":"product_brand","embeddable":true,"href":"https:\/\/ledison.hr\/en\/wp-json\/wp\/v2\/product_brand?post=114835"},{"taxonomy":"product_cat","embeddable":true,"href":"https:\/\/ledison.hr\/en\/wp-json\/wp\/v2\/product_cat?post=114835"},{"taxonomy":"product_tag","embeddable":true,"href":"https:\/\/ledison.hr\/en\/wp-json\/wp\/v2\/product_tag?post=114835"}],"curies":[{"name":"wp","href":"https:\/\/api.w.org\/{rel}","templated":true}]}}