{"id":114842,"date":"2021-02-25T14:59:55","date_gmt":"2021-02-25T13:59:55","guid":{"rendered":"https:\/\/ledison.hr\/?post_type=product&#038;p=114842"},"modified":"2024-01-23T15:44:57","modified_gmt":"2024-01-23T14:44:57","slug":"baseus-maska-wing-5-4%e2%80%b3-za-iphone-12-mini-bijela-tran","status":"publish","type":"product","link":"https:\/\/ledison.hr\/en\/web-trgovina\/baseus\/baseus-maska-wing-5-4%e2%80%b3-za-iphone-12-mini-bijela-tran\/","title":{"rendered":"Baseus Maska WING 5.4\u2033 Za IPhone 12 Mini, Bijela Tran."},"content":{"rendered":"<div class=\"woocommerce-tabs wc-tabs-wrapper\">\n<div id=\"tab-description\" class=\"woocommerce-Tabs-panel woocommerce-Tabs-panel--description panel entry-content wc-tab\" role=\"tabpanel\" aria-labelledby=\"tab-title-description\">\n<p>Izra\u0111ena je od visokokvalitetne tanke plastike, \u010duva ure\u0111aj od ogrebotina i ostalih o\u0161te\u0107enja.<br \/>\nOtporna je na fleke od raznih vanjskh utjecaja, kao i na otiske prstiju.<\/p>\n<p>Precizno je dizajnirana te nesmetano mo\u017eete obavljati sve funkcije na telefonu.<br \/>\nPodr\u017eava wireless punjenje.<br \/>\nDolazi u originalnom Baseus pakiranju.<\/p>\n<p>&nbsp;<\/p>\n<\/div>\n<\/div>\n","protected":false},"excerpt":{"rendered":"<div>\n<p>Ultra tanka Baseus maska za iPhone 12 mini, debljine samo 0.4mm \u010dvrsto prijanja za rubove telefona i sprije\u010dava njegovo ispadanje.<\/p>\n<\/div>\n","protected":false},"featured_media":114843,"comment_status":"open","ping_status":"closed","template":"","meta":{"_acf_changed":false},"product_brand":[],"product_cat":[1493],"product_tag":[],"class_list":{"0":"post-114842","1":"product","2":"type-product","3":"status-publish","4":"has-post-thumbnail","6":"product_cat-baseus","9":"first","10":"instock","11":"taxable","12":"shipping-taxable","13":"purchasable","14":"product-type-simple"},"acf":[],"_links":{"self":[{"href":"https:\/\/ledison.hr\/en\/wp-json\/wp\/v2\/product\/114842","targetHints":{"allow":["GET"]}}],"collection":[{"href":"https:\/\/ledison.hr\/en\/wp-json\/wp\/v2\/product"}],"about":[{"href":"https:\/\/ledison.hr\/en\/wp-json\/wp\/v2\/types\/product"}],"replies":[{"embeddable":true,"href":"https:\/\/ledison.hr\/en\/wp-json\/wp\/v2\/comments?post=114842"}],"wp:featuredmedia":[{"embeddable":true,"href":"https:\/\/ledison.hr\/en\/wp-json\/wp\/v2\/media\/114843"}],"wp:attachment":[{"href":"https:\/\/ledison.hr\/en\/wp-json\/wp\/v2\/media?parent=114842"}],"wp:term":[{"taxonomy":"product_brand","embeddable":true,"href":"https:\/\/ledison.hr\/en\/wp-json\/wp\/v2\/product_brand?post=114842"},{"taxonomy":"product_cat","embeddable":true,"href":"https:\/\/ledison.hr\/en\/wp-json\/wp\/v2\/product_cat?post=114842"},{"taxonomy":"product_tag","embeddable":true,"href":"https:\/\/ledison.hr\/en\/wp-json\/wp\/v2\/product_tag?post=114842"}],"curies":[{"name":"wp","href":"https:\/\/api.w.org\/{rel}","templated":true}]}}