{"id":114857,"date":"2021-03-13T15:54:53","date_gmt":"2021-03-13T14:54:53","guid":{"rendered":"https:\/\/ledison.hr\/?post_type=product&#038;p=114857"},"modified":"2026-04-14T22:18:02","modified_gmt":"2026-04-14T20:18:02","slug":"baseus-punjac-super-si-quick-1c-20w-iphone12-crni","status":"publish","type":"product","link":"https:\/\/ledison.hr\/en\/web-trgovina\/baseus\/baseus-punjac-super-si-quick-1c-20w-iphone12-crni\/","title":{"rendered":"Baseus Punja\u010d Super Si Quick 1C 20W, CCSUP-C01, Crni"},"content":{"rendered":"<ul>\n<li>Oznaka modela: CCSUP-C01<\/li>\n<li>Podr\u017eava PD fast charge for iPhone 12 te iPad Pro.<\/li>\n<li>Maksimalna izlazna snaga: 20W<\/li>\n<li>Ulazni napon i struja: AC 100V-240V, 50\/60Hz, 0.6A,<\/li>\n<li>Izlazni napon i struja: Type-C 5V-3A, 9V-2A, 9V-2.22A, 12V<\/li>\n<li>Pogodan za punjenje tableta: iPad Pro 10.5\u2033, iPad Air3 10.5\u2033, iPad Mini 7.9\u2033, iPad Pro 12.9\u2033<\/li>\n<li>Pogodan za punjenje ostalih mobitela: Huawei, Xiaomi, Samsung telefoni i tableti<\/li>\n<li>Tablet For Pad Pro 12.9\u2033 2020\/2018, Pad Pro 11\u2033 2020\/2018<\/li>\n<li>PD 20W punjenje: Svi modeli iPhone 12 (9V\/2.22A)<\/li>\n<li>PD 18W punjenje: Apple 11\/11 Pro\/11 Pro Max, Apple SE2, Apple XS\/XS Max\/XR\/X, Apple 8\/8 Plus<\/li>\n<li>Standardno punjenje: Apple 7\/7 Plus, Apple 6\/6 Plus\/6s\/6s Plus<\/li>\n<li>Za\u0161tita od prekora\u010denja napona i struje, preoptere\u0107enja, elektrostati\u010dkog napona te pregrijavanja.<\/li>\n<li>Boja punja\u010da: Crna<\/li>\n<li>Te\u017eina: 49 grama<\/li>\n<li>Sadr\u017eaj pakiranja: Punja\u010d, uputstvo<\/li>\n<\/ul>\n<p>Promotivni video o proizvodu mo\u017eete pogledati\u00a0<a href=\"https:\/\/www.youtube.com\/watch?v=u73cobmg0UA&amp;ab_channel=BaseusOfficialStudio\" target=\"_blank\" rel=\"noopener\">OVDJE<\/a><\/p>\n<p><img decoding=\"async\" src=\"https:\/\/www.baseus-cn.com\/wp-content\/uploads\/2020\/10\/102474-l3qdmt.jpg\" alt=\"Baseus Super Si USB C Charger 20W ForiPhone 12 Pro Max Support QC3.0 PD Fast Charging Portable Phone Charger ForiP 11 Pro Max\" \/><\/p>\n<p><img decoding=\"async\" src=\"https:\/\/www.baseus-cn.com\/wp-content\/uploads\/2020\/10\/102474-swpxtw.jpg\" alt=\"Baseus Super Si USB C Charger 20W ForiPhone 12 Pro Max Support QC3.0 PD Fast Charging Portable Phone Charger ForiP 11 Pro Max\" \/><\/p>\n<p><img decoding=\"async\" src=\"https:\/\/www.baseus-cn.com\/wp-content\/uploads\/2020\/10\/102474-diyrdr.jpg\" alt=\"Baseus Super Si USB C Charger 20W ForiPhone 12 Pro Max Support QC3.0 PD Fast Charging Portable Phone Charger ForiP 11 Pro Max\" \/><\/p>\n","protected":false},"excerpt":{"rendered":"<p>Baseus Super Si 20W brzi univerzalni punja\u010d crne boje, snage 20W za iPhone 8-11, iPhone 12, iPhone 12 Pro, iPhone 12 Mini, iPhone 12 Pro Max i drugih mobitela, podr\u017eava QC3.0 PD brzo punjenje.\u00a0 Punja\u010d dolazi bez kabela te je isti potrebno naru\u010diti zasebno ovisno o potrebama.<\/p>\n","protected":false},"featured_media":114858,"comment_status":"open","ping_status":"closed","template":"","meta":{"_acf_changed":false},"product_brand":[],"product_cat":[1493],"product_tag":[],"class_list":{"0":"post-114857","1":"product","2":"type-product","3":"status-publish","4":"has-post-thumbnail","6":"product_cat-baseus","9":"first","10":"instock","11":"taxable","12":"shipping-taxable","13":"purchasable","14":"product-type-simple"},"acf":[],"_links":{"self":[{"href":"https:\/\/ledison.hr\/en\/wp-json\/wp\/v2\/product\/114857","targetHints":{"allow":["GET"]}}],"collection":[{"href":"https:\/\/ledison.hr\/en\/wp-json\/wp\/v2\/product"}],"about":[{"href":"https:\/\/ledison.hr\/en\/wp-json\/wp\/v2\/types\/product"}],"replies":[{"embeddable":true,"href":"https:\/\/ledison.hr\/en\/wp-json\/wp\/v2\/comments?post=114857"}],"wp:featuredmedia":[{"embeddable":true,"href":"https:\/\/ledison.hr\/en\/wp-json\/wp\/v2\/media\/114858"}],"wp:attachment":[{"href":"https:\/\/ledison.hr\/en\/wp-json\/wp\/v2\/media?parent=114857"}],"wp:term":[{"taxonomy":"product_brand","embeddable":true,"href":"https:\/\/ledison.hr\/en\/wp-json\/wp\/v2\/product_brand?post=114857"},{"taxonomy":"product_cat","embeddable":true,"href":"https:\/\/ledison.hr\/en\/wp-json\/wp\/v2\/product_cat?post=114857"},{"taxonomy":"product_tag","embeddable":true,"href":"https:\/\/ledison.hr\/en\/wp-json\/wp\/v2\/product_tag?post=114857"}],"curies":[{"name":"wp","href":"https:\/\/api.w.org\/{rel}","templated":true}]}}