{"id":114887,"date":"2021-03-07T23:46:05","date_gmt":"2021-03-07T22:46:05","guid":{"rendered":"https:\/\/ledison.hr\/?post_type=product&#038;p=114887"},"modified":"2026-02-20T11:02:28","modified_gmt":"2026-02-20T10:02:28","slug":"baseus-auto-smart-inflator-pumpa-crcqb01-01-12v-120w-crna","status":"publish","type":"product","link":"https:\/\/ledison.hr\/en\/web-trgovina\/baseus\/baseus-auto-smart-inflator-pumpa-crcqb01-01-12v-120w-crna\/","title":{"rendered":"Baseus Auto Pumpa Smart Inflator CRCQB01-01, 12V 120W, Crna"},"content":{"rendered":"<p><strong>Product Parameter:<\/strong><br \/>\nMaterials: ABS PC<br \/>\nRated voltage: 12V<br \/>\nMaximum current: 10A<br \/>\nRated power: 120W<br \/>\nContinuous working period: About 30 minutes<br \/>\nApplicability: Car and SUV<\/p>\n<p><strong>Product Feature:<\/strong><br \/>\nMaximum current: 10A<br \/>\nMaterials: ABS PC<br \/>\nRated voltage: 12V<br \/>\nRated power: 120W<br \/>\nContinuous working period: About 30 minutes<br \/>\nApplicability: Car and SUV<br \/>\nAccessories: inflatable wire, 3M vehicle charging power wire<br \/>\nAutomatic Inflation\uff1b<br \/>\nSUV or Car Double Inflatable Mode<br \/>\nAir supply in 60 seconds<br \/>\n4 LED lights<br \/>\nMetal core and pure copper coil<\/p>\n<p><strong>Package included:<\/strong><\/p>\n<ul>\n<li>1 x BASEUS Fully Automatic Intelligent Inflatable Pump<\/li>\n<li>1 x Inflatable Wire<\/li>\n<li>1 x 3M Vehicle Charging Power Wire<\/li>\n<li>1 x Storage Bag<\/li>\n<\/ul>\n<p><a href=\"https:\/\/baseus.hr\/wp-content\/uploads\/2021\/03\/Auto-Pumpa_120W_2.jpg\" target=\"_blank\" rel=\"noopener\"><img loading=\"lazy\" decoding=\"async\" class=\" wp-image-112064 alignleft\" src=\"https:\/\/baseus.hr\/wp-content\/uploads\/2021\/03\/Auto-Pumpa_120W_2.jpg\" alt=\"\" width=\"731\" height=\"731\" \/><\/a><\/p>\n<p><img loading=\"lazy\" decoding=\"async\" class=\"\" src=\"http:\/\/cdn.shopify.com\/s\/files\/1\/0513\/5361\/6561\/products\/BaseusSmartInflatorPumpBlack3_1200x1200.jpg?v=1606426902\" alt=\"Baseus Smart Inflator Pump Black \u2013 Keypoint Electronic\" width=\"728\" height=\"728\" \/><\/p>\n<p>&nbsp;<\/p>\n","protected":false},"excerpt":{"rendered":"<p>Kompaktan i sna\u017ean zra\u010dni Smart kompresor (pumpa) robusne izrade za osobne automobile, napaja se putem prilo\u017eenog kabela za 12V.<\/p>\n","protected":false},"featured_media":114888,"comment_status":"open","ping_status":"closed","template":"","meta":{"_acf_changed":false},"product_brand":[],"product_cat":[1493],"product_tag":[],"class_list":{"0":"post-114887","1":"product","2":"type-product","3":"status-publish","4":"has-post-thumbnail","6":"product_cat-baseus","9":"first","10":"instock","11":"taxable","12":"shipping-taxable","13":"purchasable","14":"product-type-simple"},"acf":[],"_links":{"self":[{"href":"https:\/\/ledison.hr\/en\/wp-json\/wp\/v2\/product\/114887","targetHints":{"allow":["GET"]}}],"collection":[{"href":"https:\/\/ledison.hr\/en\/wp-json\/wp\/v2\/product"}],"about":[{"href":"https:\/\/ledison.hr\/en\/wp-json\/wp\/v2\/types\/product"}],"replies":[{"embeddable":true,"href":"https:\/\/ledison.hr\/en\/wp-json\/wp\/v2\/comments?post=114887"}],"wp:featuredmedia":[{"embeddable":true,"href":"https:\/\/ledison.hr\/en\/wp-json\/wp\/v2\/media\/114888"}],"wp:attachment":[{"href":"https:\/\/ledison.hr\/en\/wp-json\/wp\/v2\/media?parent=114887"}],"wp:term":[{"taxonomy":"product_brand","embeddable":true,"href":"https:\/\/ledison.hr\/en\/wp-json\/wp\/v2\/product_brand?post=114887"},{"taxonomy":"product_cat","embeddable":true,"href":"https:\/\/ledison.hr\/en\/wp-json\/wp\/v2\/product_cat?post=114887"},{"taxonomy":"product_tag","embeddable":true,"href":"https:\/\/ledison.hr\/en\/wp-json\/wp\/v2\/product_tag?post=114887"}],"curies":[{"name":"wp","href":"https:\/\/api.w.org\/{rel}","templated":true}]}}