{"id":114897,"date":"2021-03-15T21:11:47","date_gmt":"2021-03-15T20:11:47","guid":{"rendered":"https:\/\/ledison.hr\/?post_type=product&#038;p=114897"},"modified":"2026-04-16T16:16:58","modified_gmt":"2026-04-16T14:16:58","slug":"baseus-punjac-mini-dual-usb-18w-pd3-0-qc3-0-tzccfs-d02-bijeli","status":"publish","type":"product","link":"https:\/\/ledison.hr\/en\/web-trgovina\/baseus\/baseus-punjac-mini-dual-usb-18w-pd3-0-qc3-0-tzccfs-d02-bijeli\/","title":{"rendered":"Baseus Punja\u010d Mini Dual-USB 18W, QC3.0, PD3.0, Bijeli"},"content":{"rendered":"<ul>\n<li>Ukupna izlazna snaga: 18W<\/li>\n<li>Priklju\u010dci: 2 x USB Type A port<\/li>\n<li>Ulazni napon: 100-240V- 50-60Hz,<\/li>\n<li>Ulazna struja: 300 mA<\/li>\n<li>Podr\u017eani standardi za brzo punjenje:<br \/>\nHuawei SuperCharge<br \/>\nPower Delivery 3.0<br \/>\nQualcomm Quick Charge 3.0<br \/>\nSamsung Adaptive Fast Charging<\/li>\n<li>Izlazna struja:<br \/>\nUSB1: 5V\/3A, 9V\/2A, 12V\/1.5A<br \/>\nUSB2: 5V\/3A, 9V\/2A, 12V\/1.5A<br \/>\nUSB1 USB 2: 5V\/3A Max<\/li>\n<li>Dimenzije punja\u010da: 50*43*26mm<\/li>\n<li>Te\u017eina punja\u010da: 60g<\/li>\n<li>Product code: CCFS-V02<\/li>\n<\/ul>\n<p>Uz ovaj punja\u010d NE DOLAZI kabel te se naru\u010duje zasebno u ovisnosti o tome koji ure\u0111aj \u017eelite puniti!<\/p>\n","protected":false},"excerpt":{"rendered":"<div>\n<p>Povoljan univerzalni mini punja\u010d s 2 USB A porta, ukupne snage 18W za Apple ure\u0111aje (iPhone 7-11, iPad) te Androide, podr\u017eava QC3.0 PD3.0 brzo punjenje. Kabel <strong>ne dolazi<\/strong> uz punja\u010d i naru\u010duje se zasebno.<\/p>\n<\/div>\n","protected":false},"featured_media":114898,"comment_status":"open","ping_status":"closed","template":"","meta":{"_acf_changed":false},"product_brand":[],"product_cat":[1493],"product_tag":[],"class_list":{"0":"post-114897","1":"product","2":"type-product","3":"status-publish","4":"has-post-thumbnail","6":"product_cat-baseus","9":"first","10":"instock","11":"taxable","12":"shipping-taxable","13":"purchasable","14":"product-type-simple"},"acf":[],"_links":{"self":[{"href":"https:\/\/ledison.hr\/en\/wp-json\/wp\/v2\/product\/114897","targetHints":{"allow":["GET"]}}],"collection":[{"href":"https:\/\/ledison.hr\/en\/wp-json\/wp\/v2\/product"}],"about":[{"href":"https:\/\/ledison.hr\/en\/wp-json\/wp\/v2\/types\/product"}],"replies":[{"embeddable":true,"href":"https:\/\/ledison.hr\/en\/wp-json\/wp\/v2\/comments?post=114897"}],"wp:featuredmedia":[{"embeddable":true,"href":"https:\/\/ledison.hr\/en\/wp-json\/wp\/v2\/media\/114898"}],"wp:attachment":[{"href":"https:\/\/ledison.hr\/en\/wp-json\/wp\/v2\/media?parent=114897"}],"wp:term":[{"taxonomy":"product_brand","embeddable":true,"href":"https:\/\/ledison.hr\/en\/wp-json\/wp\/v2\/product_brand?post=114897"},{"taxonomy":"product_cat","embeddable":true,"href":"https:\/\/ledison.hr\/en\/wp-json\/wp\/v2\/product_cat?post=114897"},{"taxonomy":"product_tag","embeddable":true,"href":"https:\/\/ledison.hr\/en\/wp-json\/wp\/v2\/product_tag?post=114897"}],"curies":[{"name":"wp","href":"https:\/\/api.w.org\/{rel}","templated":true}]}}