{"id":115375,"date":"2024-10-01T11:42:02","date_gmt":"2024-10-01T09:42:02","guid":{"rendered":"https:\/\/ledison.hr\/?post_type=product&#038;p=115375"},"modified":"2026-03-23T20:06:03","modified_gmt":"2026-03-23T19:06:03","slug":"led-zarulja-wellmax-gu10-8w-720lm-3000k-220v","status":"publish","type":"product","link":"https:\/\/ledison.hr\/en\/web-trgovina\/zarulje-i-cijevi\/grlo-gu10-mr16\/led-zarulja-wellmax-gu10-8w-720lm-3000k-220v\/","title":{"rendered":"LED \u017darulja Wellmax GU10 &#8211; 8W 720lm 3000K 220V"},"content":{"rendered":"<ul>\n<li>Potro\u0161nja (Snaga): 8W<\/li>\n<li>Ekvivalent za klasi\u010dnu:<\/li>\n<li>Radni napon: AC 220V-240V<\/li>\n<li>Svjetlosni tok: 720 lm<\/li>\n<li>LED Chip: Samsung<\/li>\n<li>Grlo (Navoj): GU10<\/li>\n<li>Oblik \u017earulje: Spot<\/li>\n<li>Boja svjetlosti: Topla bijela<\/li>\n<li>Temperatura boje: 3000K<\/li>\n<li>Index uzvrata boje (CRI): &gt;80<\/li>\n<li>Kut osvjetljavanja: 120\u00b0<\/li>\n<li>IP faktor zastite: IP20<\/li>\n<li>Radni napon: AC 220V-240V<\/li>\n<li>Dimabilna: NE<\/li>\n<li>O\u010dekivani \u017eivotni vijek: 25000 h<\/li>\n<li>Broj ON\/OFF ciklusa: &gt;12500<\/li>\n<li>Certifikati: CE RoHS<\/li>\n<\/ul>\n","protected":false},"excerpt":{"rendered":"<p>Premium LED GU10 \u017earulja s originalnim Samsung SMD chipovima potro\u0161nje 8W isporu\u010duje 720lm tople bijele svjetlosti temperature boje 3000K.<\/p>\n","protected":false},"featured_media":117744,"comment_status":"open","ping_status":"closed","template":"","meta":{"_acf_changed":false},"product_brand":[],"product_cat":[1475,1363],"product_tag":[],"class_list":{"0":"post-115375","1":"product","2":"type-product","3":"status-publish","4":"has-post-thumbnail","6":"product_cat-zarulje-i-cijevi","7":"product_cat-grlo-gu10-mr16","10":"first","11":"instock","12":"taxable","13":"shipping-taxable","14":"purchasable","15":"product-type-simple"},"acf":[],"_links":{"self":[{"href":"https:\/\/ledison.hr\/en\/wp-json\/wp\/v2\/product\/115375","targetHints":{"allow":["GET"]}}],"collection":[{"href":"https:\/\/ledison.hr\/en\/wp-json\/wp\/v2\/product"}],"about":[{"href":"https:\/\/ledison.hr\/en\/wp-json\/wp\/v2\/types\/product"}],"replies":[{"embeddable":true,"href":"https:\/\/ledison.hr\/en\/wp-json\/wp\/v2\/comments?post=115375"}],"wp:featuredmedia":[{"embeddable":true,"href":"https:\/\/ledison.hr\/en\/wp-json\/wp\/v2\/media\/117744"}],"wp:attachment":[{"href":"https:\/\/ledison.hr\/en\/wp-json\/wp\/v2\/media?parent=115375"}],"wp:term":[{"taxonomy":"product_brand","embeddable":true,"href":"https:\/\/ledison.hr\/en\/wp-json\/wp\/v2\/product_brand?post=115375"},{"taxonomy":"product_cat","embeddable":true,"href":"https:\/\/ledison.hr\/en\/wp-json\/wp\/v2\/product_cat?post=115375"},{"taxonomy":"product_tag","embeddable":true,"href":"https:\/\/ledison.hr\/en\/wp-json\/wp\/v2\/product_tag?post=115375"}],"curies":[{"name":"wp","href":"https:\/\/api.w.org\/{rel}","templated":true}]}}