{"id":115889,"date":"2022-04-05T14:39:11","date_gmt":"2022-04-05T12:39:11","guid":{"rendered":"https:\/\/ledison.hr\/?post_type=product&#038;p=115889"},"modified":"2025-11-22T19:29:44","modified_gmt":"2025-11-22T18:29:44","slug":"led-armatura-svjetlosni-lanac-bez-zarulja-5m-8x-e27-ip65","status":"publish","type":"product","link":"https:\/\/ledison.hr\/en\/web-trgovina\/svjetiljke-armature\/vrtne-svjetiljke\/led-armatura-svjetlosni-lanac-bez-zarulja-5m-8x-e27-ip65\/","title":{"rendered":"LED Armatura &#8211; Svjetlosni lanac bez \u017earulja 5m, 8x E27, IP65"},"content":{"rendered":"<p>Kabel s grlima duljine 5 metara<br \/>\nTip grla: E27 x 8 komada<br \/>\nMaksimalna snaga: 40 W (jedno grlo)<br \/>\nMogu\u0107e je spajati vi\u0161e kabela do maksimalno 30 m du\u017eine<br \/>\nIP stupanj za\u0161tite: IP65<br \/>\nRadna temperatura: od &#8211; 20 \u00b0C do 65 \u00b0C<br \/>\nMaterijal: PVC<br \/>\nBoja artikla: crna<br \/>\nDimenzije artikla: duljina 5 metara, 8 grla za \u017earulje + 2,5 metara kabela za uti\u010dnicu (tip 2 x 1.0 m2)<br \/>\nNeto te\u017eina: 0,960 kg<br \/>\nBruto te\u017eina: 1,095 kg<br \/>\nDimenzije pakiranja: 330 x 200 x 70 mm<br \/>\nCertifikati: CE, RoHS<\/p>\n<p>*<strong>\u017darulje nisu uklju\u010dene u pakiranje<\/strong>*<\/p>\n","protected":false},"excerpt":{"rendered":"<p>Svjetlosni lanac du\u017eine 5 metra, 8 grla za E27 \u017earulje. *<strong>\u017darulje nisu uklju\u010dene u pakiranje<\/strong>*<\/p>\n","protected":false},"featured_media":118099,"comment_status":"open","ping_status":"closed","template":"","meta":{"_acf_changed":false},"product_brand":[],"product_cat":[1283,1399],"product_tag":[],"class_list":{"0":"post-115889","1":"product","2":"type-product","3":"status-publish","4":"has-post-thumbnail","6":"product_cat-svjetiljke-armature","7":"product_cat-vrtne-svjetiljke","10":"first","11":"onbackorder","12":"taxable","13":"shipping-taxable","14":"purchasable","15":"product-type-simple"},"acf":[],"_links":{"self":[{"href":"https:\/\/ledison.hr\/en\/wp-json\/wp\/v2\/product\/115889","targetHints":{"allow":["GET"]}}],"collection":[{"href":"https:\/\/ledison.hr\/en\/wp-json\/wp\/v2\/product"}],"about":[{"href":"https:\/\/ledison.hr\/en\/wp-json\/wp\/v2\/types\/product"}],"replies":[{"embeddable":true,"href":"https:\/\/ledison.hr\/en\/wp-json\/wp\/v2\/comments?post=115889"}],"wp:featuredmedia":[{"embeddable":true,"href":"https:\/\/ledison.hr\/en\/wp-json\/wp\/v2\/media\/118099"}],"wp:attachment":[{"href":"https:\/\/ledison.hr\/en\/wp-json\/wp\/v2\/media?parent=115889"}],"wp:term":[{"taxonomy":"product_brand","embeddable":true,"href":"https:\/\/ledison.hr\/en\/wp-json\/wp\/v2\/product_brand?post=115889"},{"taxonomy":"product_cat","embeddable":true,"href":"https:\/\/ledison.hr\/en\/wp-json\/wp\/v2\/product_cat?post=115889"},{"taxonomy":"product_tag","embeddable":true,"href":"https:\/\/ledison.hr\/en\/wp-json\/wp\/v2\/product_tag?post=115889"}],"curies":[{"name":"wp","href":"https:\/\/api.w.org\/{rel}","templated":true}]}}