{"id":116667,"date":"2023-11-09T14:10:26","date_gmt":"2023-11-09T13:10:26","guid":{"rendered":"https:\/\/ledison.hr\/?post_type=product&#038;p=116667"},"modified":"2026-03-02T12:46:57","modified_gmt":"2026-03-02T11:46:57","slug":"led-plafonjera-gt-slim-18w-o22-5cm-1890lm-5cct-bijela","status":"publish","type":"product","link":"https:\/\/ledison.hr\/en\/web-trgovina\/svjetiljke-armature\/stropne-plafonjere-led-svjetiljke\/led-plafonjera-gt-slim-18w-o22-5cm-1890lm-5cct-bijela\/","title":{"rendered":"LED Plafonjera GT Slim &#8211; 18W, \u00d822.5cm, 1890lm, 5CCT, Bijela"},"content":{"rendered":"<ul>\n<li>Snaga: <strong>18 W<\/strong><\/li>\n<li>Boja svjetlosti: <strong>5 CCT<\/strong> 3000K-3500K-4000K-5000K-6500K <strong>(odabir boje svjetlosti pomo\u0107u prekida\u010da na stra\u017enjoj strani proizvoda)<\/strong><\/li>\n<li>IP stupanj za\u0161tite: IP40<\/li>\n<li>Napon: AC 100 &#8211; 240 V \/ 50 &#8211; 60 Hz<\/li>\n<li>FLUX: 105 lm \/ W<\/li>\n<li>Ukupan tok svjetlosti: <strong>1890 lm <\/strong><\/li>\n<li>Kut svjetlosti: 120 \u00b0<\/li>\n<li>LED diode: San`an 2835<\/li>\n<li>Radna temperatura: od &#8211; 25 \u00b0C do 45 \u00b0C<\/li>\n<li>Vijek trajanja: <strong>30000 radnih sati<\/strong><\/li>\n<li>Certifikati: CE, RoHS<\/li>\n<li>Materijal: plastika<\/li>\n<li>Boja artikla: bijela<\/li>\n<li>Neto te\u017eina: 0,490 kg<\/li>\n<li>Bruto te\u017eina: 0,510 kg<\/li>\n<li>Dimenzije artikla: <strong>\u00d8 225 x 24 mm <\/strong><\/li>\n<li>CRI \u2265 80<\/li>\n<li>PF \u2265 0.5<\/li>\n<\/ul>\n","protected":false},"excerpt":{"rendered":"<p>LED slim Plafonjera snage 18W, s tokom svjetlosti od 1890lm te 5CCT switch-om za izmjenu temperature boje.<\/p>\n","protected":false},"featured_media":118062,"comment_status":"open","ping_status":"closed","template":"","meta":{"_acf_changed":false},"product_brand":[],"product_cat":[1309,1283],"product_tag":[],"class_list":{"0":"post-116667","1":"product","2":"type-product","3":"status-publish","4":"has-post-thumbnail","6":"product_cat-stropne-plafonjere-led-svjetiljke","7":"product_cat-svjetiljke-armature","10":"first","11":"instock","12":"taxable","13":"shipping-taxable","14":"purchasable","15":"product-type-simple"},"acf":[],"_links":{"self":[{"href":"https:\/\/ledison.hr\/en\/wp-json\/wp\/v2\/product\/116667","targetHints":{"allow":["GET"]}}],"collection":[{"href":"https:\/\/ledison.hr\/en\/wp-json\/wp\/v2\/product"}],"about":[{"href":"https:\/\/ledison.hr\/en\/wp-json\/wp\/v2\/types\/product"}],"replies":[{"embeddable":true,"href":"https:\/\/ledison.hr\/en\/wp-json\/wp\/v2\/comments?post=116667"}],"wp:featuredmedia":[{"embeddable":true,"href":"https:\/\/ledison.hr\/en\/wp-json\/wp\/v2\/media\/118062"}],"wp:attachment":[{"href":"https:\/\/ledison.hr\/en\/wp-json\/wp\/v2\/media?parent=116667"}],"wp:term":[{"taxonomy":"product_brand","embeddable":true,"href":"https:\/\/ledison.hr\/en\/wp-json\/wp\/v2\/product_brand?post=116667"},{"taxonomy":"product_cat","embeddable":true,"href":"https:\/\/ledison.hr\/en\/wp-json\/wp\/v2\/product_cat?post=116667"},{"taxonomy":"product_tag","embeddable":true,"href":"https:\/\/ledison.hr\/en\/wp-json\/wp\/v2\/product_tag?post=116667"}],"curies":[{"name":"wp","href":"https:\/\/api.w.org\/{rel}","templated":true}]}}