{"id":116690,"date":"2023-11-09T14:29:23","date_gmt":"2023-11-09T13:29:23","guid":{"rendered":"https:\/\/ledison.hr\/?post_type=product&#038;p=116690"},"modified":"2025-12-02T14:24:00","modified_gmt":"2025-12-02T13:24:00","slug":"led-plafonjera-gt-slim-24w-o40cm-2520lm-5cct-crna","status":"publish","type":"product","link":"https:\/\/ledison.hr\/en\/web-trgovina\/svjetiljke-armature\/stropne-plafonjere-led-svjetiljke\/led-plafonjera-gt-slim-24w-o40cm-2520lm-5cct-crna\/","title":{"rendered":"LED Plafonjera GT Slim &#8211; 24W, \u00d840cm, 2520lm, 5CCT, Crna"},"content":{"rendered":"<ul>\n<li>Snaga: <strong>24 W<\/strong><\/li>\n<li>Boja svjetlosti: <strong>5 CCT<\/strong> 3000K-3500K-4000K-5000K-6500K <strong>(odabir boje svjetlosti pomo\u0107u prekida\u010da na stra\u017enjoj strani proizvoda)<\/strong><\/li>\n<li>IP stupanj za\u0161tite: IP40<\/li>\n<li>Napon: AC 100 &#8211; 240 V \/ 50 &#8211; 60 Hz<\/li>\n<li>FLUX: 105 lm \/ W<\/li>\n<li>Ukupan tok svjetlosti: <strong>2520<\/strong><strong>\u00a0lm <\/strong><\/li>\n<li>Kut svjetlosti: 120 \u00b0<\/li>\n<li>LED diode: San`an 2835<\/li>\n<li>Radna temperatura: od &#8211; 25 \u00b0C do 45 \u00b0C<\/li>\n<li>Vijek trajanja: <strong>30000 radnih sati<\/strong><\/li>\n<li>Certifikati: CE, RoHS<\/li>\n<li>Materijal: plastika<\/li>\n<li>Boja artikla: crna<\/li>\n<li>Neto te\u017eina: 1,164 kg<\/li>\n<li>Bruto te\u017eina: 1,455 kg<\/li>\n<li>Dimenzije artikla: <strong>\u00d8 400 x 24 mm<\/strong><\/li>\n<li>CRI \u2265 80<\/li>\n<li>PF \u2265 0.5<\/li>\n<\/ul>\n","protected":false},"excerpt":{"rendered":"<p>LED slim Plafonjera snage 24W, s tokom svjetlosti od 2520lm te 5CCT switch-om za izmjenu temperature boje.<\/p>\n","protected":false},"featured_media":118072,"comment_status":"open","ping_status":"closed","template":"","meta":{"_acf_changed":false},"product_brand":[],"product_cat":[1309,1283],"product_tag":[],"class_list":{"0":"post-116690","1":"product","2":"type-product","3":"status-publish","4":"has-post-thumbnail","6":"product_cat-stropne-plafonjere-led-svjetiljke","7":"product_cat-svjetiljke-armature","10":"first","11":"instock","12":"taxable","13":"shipping-taxable","14":"purchasable","15":"product-type-simple"},"acf":[],"_links":{"self":[{"href":"https:\/\/ledison.hr\/en\/wp-json\/wp\/v2\/product\/116690","targetHints":{"allow":["GET"]}}],"collection":[{"href":"https:\/\/ledison.hr\/en\/wp-json\/wp\/v2\/product"}],"about":[{"href":"https:\/\/ledison.hr\/en\/wp-json\/wp\/v2\/types\/product"}],"replies":[{"embeddable":true,"href":"https:\/\/ledison.hr\/en\/wp-json\/wp\/v2\/comments?post=116690"}],"wp:featuredmedia":[{"embeddable":true,"href":"https:\/\/ledison.hr\/en\/wp-json\/wp\/v2\/media\/118072"}],"wp:attachment":[{"href":"https:\/\/ledison.hr\/en\/wp-json\/wp\/v2\/media?parent=116690"}],"wp:term":[{"taxonomy":"product_brand","embeddable":true,"href":"https:\/\/ledison.hr\/en\/wp-json\/wp\/v2\/product_brand?post=116690"},{"taxonomy":"product_cat","embeddable":true,"href":"https:\/\/ledison.hr\/en\/wp-json\/wp\/v2\/product_cat?post=116690"},{"taxonomy":"product_tag","embeddable":true,"href":"https:\/\/ledison.hr\/en\/wp-json\/wp\/v2\/product_tag?post=116690"}],"curies":[{"name":"wp","href":"https:\/\/api.w.org\/{rel}","templated":true}]}}