{"id":116915,"date":"2024-02-09T11:53:38","date_gmt":"2024-02-09T10:53:38","guid":{"rendered":"https:\/\/ledison.hr\/?post_type=product&#038;p=116915"},"modified":"2025-11-22T19:14:34","modified_gmt":"2025-11-22T18:14:34","slug":"led-linijska-koline-k1-20w-4000k-120cm-bijela","status":"publish","type":"product","link":"https:\/\/ledison.hr\/en\/web-trgovina\/led-linearna-rasvjeta\/uredske-led-visilice\/led-linijska-koline-k1-20w-4000k-120cm-bijela\/","title":{"rendered":"LED Linijska Koline K1 &#8211; 20W, 4000K, 120cm, Bijela"},"content":{"rendered":"<ul>\n<li>Vrsta svjetiljke: Vise\u0107a ili Stropna<\/li>\n<li>Radni napon: AC 230V<\/li>\n<li>Snaga (Potro\u0161nja): 20W<\/li>\n<li>Svjetlosni tok: 2600lm<\/li>\n<li>Temperatura boje: 4000K<\/li>\n<li>Dimenzije (mm): L1200 x W50 x H72,8<\/li>\n<li>Energetski razred: C<\/li>\n<li>Materijal tijela svjetiljke: Aluminij<\/li>\n<li>Pokrov (disperzor): Opal<\/li>\n<li>Index za\u0161tite: IP20<\/li>\n<li>Certifikati: CE ROHS<\/li>\n<li>Kut svjetlosti: 105\u00b0<\/li>\n<li>O\u010dekivani LED \u017eivotni vijek: 50.000 sati<\/li>\n<li>Broj paljenja\/ga\u0161enja: 30.000 puta<\/li>\n<li>Indeks uzvrata boje (CRI): &gt;80<\/li>\n<li>Radna temperatura: -20\u00b0C do +40\u00b0C<\/li>\n<\/ul>\n","protected":false},"excerpt":{"rendered":"<p>Aluminijska linijska LED svjetiljka snage 20W pri 4000K za osvjetljavanje radnih povr\u0161ina u modernim uredima ali i blagovaonicama kuhinjama te sli\u010dnim prostorima.<br \/>\nSvjetiljka se mo\u017ee montirati kao visilica (Pendant) budu\u0107i da dolazi s potrebnim priborom za vise\u0107u monta\u017eu, kabel (du\u017eine 1m), ali i direktno na povr\u0161inu stropa \/ zida (Surface) pomo\u0107u prilo\u017eenih stropnih metalnih dr\u017ea\u010da.<\/p>\n","protected":false},"featured_media":116918,"comment_status":"open","ping_status":"closed","template":"","meta":{"_acf_changed":false},"product_brand":[],"product_cat":[1306,1270,1390],"product_tag":[],"class_list":{"0":"post-116915","1":"product","2":"type-product","3":"status-publish","4":"has-post-thumbnail","6":"product_cat-uredske-led-visilice","7":"product_cat-led-linearna-rasvjeta","8":"product_cat-led-arhitekturalna-rasvjeta","11":"first","12":"onbackorder","13":"taxable","14":"shipping-taxable","15":"purchasable","16":"product-type-simple"},"acf":[],"_links":{"self":[{"href":"https:\/\/ledison.hr\/en\/wp-json\/wp\/v2\/product\/116915","targetHints":{"allow":["GET"]}}],"collection":[{"href":"https:\/\/ledison.hr\/en\/wp-json\/wp\/v2\/product"}],"about":[{"href":"https:\/\/ledison.hr\/en\/wp-json\/wp\/v2\/types\/product"}],"replies":[{"embeddable":true,"href":"https:\/\/ledison.hr\/en\/wp-json\/wp\/v2\/comments?post=116915"}],"wp:featuredmedia":[{"embeddable":true,"href":"https:\/\/ledison.hr\/en\/wp-json\/wp\/v2\/media\/116918"}],"wp:attachment":[{"href":"https:\/\/ledison.hr\/en\/wp-json\/wp\/v2\/media?parent=116915"}],"wp:term":[{"taxonomy":"product_brand","embeddable":true,"href":"https:\/\/ledison.hr\/en\/wp-json\/wp\/v2\/product_brand?post=116915"},{"taxonomy":"product_cat","embeddable":true,"href":"https:\/\/ledison.hr\/en\/wp-json\/wp\/v2\/product_cat?post=116915"},{"taxonomy":"product_tag","embeddable":true,"href":"https:\/\/ledison.hr\/en\/wp-json\/wp\/v2\/product_tag?post=116915"}],"curies":[{"name":"wp","href":"https:\/\/api.w.org\/{rel}","templated":true}]}}