{"id":117059,"date":"2024-04-22T12:01:37","date_gmt":"2024-04-22T10:01:37","guid":{"rendered":"https:\/\/ledison.hr\/?post_type=product&#038;p=117059"},"modified":"2025-12-04T14:27:25","modified_gmt":"2025-12-04T13:27:25","slug":"led-traka-cob-11w-m-480-12-4000k-ip67-5m","status":"publish","type":"product","link":"https:\/\/ledison.hr\/en\/web-trgovina\/trake-i-moduli\/cob-led-trake\/cob-trake-ip67-68\/led-traka-cob-11w-m-480-12-4000k-ip67-5m\/","title":{"rendered":"LED Traka COB 11W\/m, 480-12V-4000K, IP67, 5m"},"content":{"rendered":"<ul>\n<li>Snaga (Potro\u0161nja): 11W\/m<\/li>\n<li>Svjetlosni tok: 1100 lm\/m<\/li>\n<li>Temperatura boje: 4000K (Neutralna bijela)<\/li>\n<li>Radni napon: DC 12V<\/li>\n<li>Index uzvrata boje: CRI&gt;80<\/li>\n<li>Broj i tip LED dioda: 480 kom COB\/m<\/li>\n<li>Kut osvjetljenja: 180 stupnjeva<\/li>\n<li>\u0160irina trake PCB: 8 mm<\/li>\n<li>Du\u017eina role: 5 metara<\/li>\n<li>Vodootporna: DA <strong>(IP67 rating)<br \/>\n*Preporuka svakih 5 metara provu\u0107i kablove od trake do napajanja zbog pada napona.*<\/strong><br \/>\n<strong>*Traka se mo\u017ee rezati svakih 2.5cm*<\/strong><br \/>\n<strong>*Traka ne sadr\u017ei na pole\u0111ini 3m samoljepljivu traku*<\/strong><\/li>\n<\/ul>\n","protected":false},"excerpt":{"rendered":"<p>COB (ChipOnBoard) je nova tehnologija izrade LED traka koja osigurava \u010distu svjetlosnu liniju bez svjetlosnih to\u010dkica koje su karakteristi\u010dne za uobi\u010dajene SMD LED trake a dodatno ima znatno \u0161iri kut svjetla te veliku fleksibilnost i mehani\u010dku otpornost.<\/p>\n","protected":false},"featured_media":117831,"comment_status":"open","ping_status":"closed","template":"","meta":{"_acf_changed":false},"product_brand":[],"product_cat":[1274,1558,1364],"product_tag":[],"class_list":{"0":"post-117059","1":"product","2":"type-product","3":"status-publish","4":"has-post-thumbnail","6":"product_cat-trake-i-moduli","7":"product_cat-cob-trake-ip67-68","8":"product_cat-cob-led-trake","11":"first","12":"instock","13":"taxable","14":"shipping-taxable","15":"purchasable","16":"product-type-simple"},"acf":[],"_links":{"self":[{"href":"https:\/\/ledison.hr\/en\/wp-json\/wp\/v2\/product\/117059","targetHints":{"allow":["GET"]}}],"collection":[{"href":"https:\/\/ledison.hr\/en\/wp-json\/wp\/v2\/product"}],"about":[{"href":"https:\/\/ledison.hr\/en\/wp-json\/wp\/v2\/types\/product"}],"replies":[{"embeddable":true,"href":"https:\/\/ledison.hr\/en\/wp-json\/wp\/v2\/comments?post=117059"}],"wp:featuredmedia":[{"embeddable":true,"href":"https:\/\/ledison.hr\/en\/wp-json\/wp\/v2\/media\/117831"}],"wp:attachment":[{"href":"https:\/\/ledison.hr\/en\/wp-json\/wp\/v2\/media?parent=117059"}],"wp:term":[{"taxonomy":"product_brand","embeddable":true,"href":"https:\/\/ledison.hr\/en\/wp-json\/wp\/v2\/product_brand?post=117059"},{"taxonomy":"product_cat","embeddable":true,"href":"https:\/\/ledison.hr\/en\/wp-json\/wp\/v2\/product_cat?post=117059"},{"taxonomy":"product_tag","embeddable":true,"href":"https:\/\/ledison.hr\/en\/wp-json\/wp\/v2\/product_tag?post=117059"}],"curies":[{"name":"wp","href":"https:\/\/api.w.org\/{rel}","templated":true}]}}