{"id":117071,"date":"2020-10-30T17:45:17","date_gmt":"2020-10-30T16:45:17","guid":{"rendered":"https:\/\/ledison.hr\/?post_type=product&#038;p=117071"},"modified":"2026-04-08T16:18:13","modified_gmt":"2026-04-08T14:18:13","slug":"led-touch-bar-td60-10w-ww-3000k-12v-l60cm","status":"publish","type":"product","link":"https:\/\/ledison.hr\/en\/web-trgovina\/led-linearna-rasvjeta\/kabinet-led-rasvjeta\/led-touch-bar-td60-10w-ww-3000k-12v-l60cm\/","title":{"rendered":"LED Touch Bar TD60 &#8211; 10W, WW 3000K, 12V, L=60cm"},"content":{"rendered":"<ul>\n<li>Duljina: <strong>60 cm<\/strong><\/li>\n<li>Potro\u0161nja (Snaga): <strong>10W<\/strong><\/li>\n<li>Temperatura boje:\u00a0<strong>3000K<\/strong><\/li>\n<li>Dimabilno: DA<\/li>\n<li>Na\u010din uklju\u010divanja: <strong>Na dodir<\/strong><\/li>\n<li>Na\u010din aplikacije: samoljepljiva 3M traka<\/li>\n<li><strong>Radni napon: DC 12V<\/strong><\/li>\n<li>LED \u010dipovi: 69 kom SMD2835<\/li>\n<li>Kut osvjetljavanja: 120 stupnjeva<\/li>\n<li>Faktor za\u0161tite: IP20<\/li>\n<\/ul>\n<p>Za ovaj LED Rigid Bar potrebno vam je napajanje (trafo) od <strong>12V<\/strong> snage od 12W-20W bilo u formi <em><strong><a href=\"https:\/\/ledison.hr\/web-trgovina\/led-napajanja-driveri\/naponski-adapteri-12v-led-napajanja\/led-napajanje-zidni-adapter-18w-1-5a-12v-dc-5-5-2-1\/\">zidnog adaptera<\/a><\/strong><\/em> ili pak standardnog <em><strong><a href=\"https:\/\/ledison.hr\/web-trgovina\/kategorija\/napajanja-za-led\/\">napajanja<\/a><\/strong><\/em> za LED rasvjetu.<\/p>\n","protected":false},"excerpt":{"rendered":"<p>Dimabilna samoljepljiva svjetle\u0107a \u0161ipka du\u017eine 60cm s regulacijom intenziteta na dodir (Touch Dimmable Rigid Bar) idealna je za osvjetljavanje prostora ispod kuhinjskih elemenata kao i za bilo koju vrstu radnih povr\u0161ina gdje vam je potrebno diskretno ali vrlo u\u010dinkovito osvjetljenje prostora.<\/p>\n<div>\n<p>*ISPORU\u010cUJE SE BEZ NAPAJANJA!*<\/p>\n<\/div>\n","protected":false},"featured_media":116980,"comment_status":"open","ping_status":"closed","template":"","meta":{"_acf_changed":false},"product_brand":[],"product_cat":[1320,1270],"product_tag":[],"class_list":{"0":"post-117071","1":"product","2":"type-product","3":"status-publish","4":"has-post-thumbnail","6":"product_cat-kabinet-led-rasvjeta","7":"product_cat-led-linearna-rasvjeta","10":"first","11":"instock","12":"taxable","13":"shipping-taxable","14":"purchasable","15":"product-type-simple"},"acf":[],"_links":{"self":[{"href":"https:\/\/ledison.hr\/en\/wp-json\/wp\/v2\/product\/117071","targetHints":{"allow":["GET"]}}],"collection":[{"href":"https:\/\/ledison.hr\/en\/wp-json\/wp\/v2\/product"}],"about":[{"href":"https:\/\/ledison.hr\/en\/wp-json\/wp\/v2\/types\/product"}],"replies":[{"embeddable":true,"href":"https:\/\/ledison.hr\/en\/wp-json\/wp\/v2\/comments?post=117071"}],"wp:featuredmedia":[{"embeddable":true,"href":"https:\/\/ledison.hr\/en\/wp-json\/wp\/v2\/media\/116980"}],"wp:attachment":[{"href":"https:\/\/ledison.hr\/en\/wp-json\/wp\/v2\/media?parent=117071"}],"wp:term":[{"taxonomy":"product_brand","embeddable":true,"href":"https:\/\/ledison.hr\/en\/wp-json\/wp\/v2\/product_brand?post=117071"},{"taxonomy":"product_cat","embeddable":true,"href":"https:\/\/ledison.hr\/en\/wp-json\/wp\/v2\/product_cat?post=117071"},{"taxonomy":"product_tag","embeddable":true,"href":"https:\/\/ledison.hr\/en\/wp-json\/wp\/v2\/product_tag?post=117071"}],"curies":[{"name":"wp","href":"https:\/\/api.w.org\/{rel}","templated":true}]}}