{"id":117085,"date":"2020-10-26T17:45:55","date_gmt":"2020-10-26T16:45:55","guid":{"rendered":"https:\/\/ledison.hr\/?post_type=product&#038;p=117085"},"modified":"2026-02-06T16:24:05","modified_gmt":"2026-02-06T15:24:05","slug":"led-touch-bar-td200-38w-ww-3000k-l200cm","status":"publish","type":"product","link":"https:\/\/ledison.hr\/en\/web-trgovina\/led-linearna-rasvjeta\/kabinet-led-rasvjeta\/led-touch-bar-td200-38w-ww-3000k-l200cm\/","title":{"rendered":"LED Touch Bar TD200 &#8211; 38W, WW 3000K, 12V, L=200cm"},"content":{"rendered":"<ul>\n<li>Duljina: <strong>200 cm<\/strong><\/li>\n<li>Potro\u0161nja (Snaga): <strong>38W<\/strong><\/li>\n<li>Temperatura boje: <strong>3000K<\/strong><\/li>\n<li>Dimabilno: DA<\/li>\n<li>Na\u010din uklju\u010divanja: <strong>Na dodir<\/strong><\/li>\n<li>Na\u010din aplikacije: samoljepljiva 3M traka<\/li>\n<li>Radni napon: <strong>DC 12V<\/strong><\/li>\n<li>LED \u010dipovi: 177 kom SMD2835<\/li>\n<li>Kut osvjetljavanja: 120 stupnjeva<\/li>\n<li>Faktor za\u0161tite: IP20<\/li>\n<\/ul>\n<p>Za ovaj LED Rigid Bar potrebno vam je napajanje (trafo) od <strong>12V<\/strong> snage od najmanje 40W bilo u formi <a href=\"https:\/\/ledison.hr\/web-trgovina\/led-napajanja-driveri\/naponski-adapteri-12v-led-napajanja\/led-napajanje-stolni-adapter-45w-3-8a-12v-dc-5-5-2-1\/\">zidnog adaptera<\/a>\u00a0ili pak standardnog\u00a0<a href=\"https:\/\/ledison.hr\/web-trgovina\/kategorija\/napajanja-za-led\/\">napajanja<\/a>\u00a0za LED rasvjetu.<\/p>\n","protected":false},"excerpt":{"rendered":"<p>Dimabilna samoljepljiva svjetle\u0107a \u0161ipka du\u017eine 200cm s regulacijom intenziteta na dodir (Touch Dimmable Rigid Bar) idealna je za osvjetljavanje prostora ispod kuhinjskih elemenata kao i za bilo koju vrstu radnih povr\u0161ina gdje vam je potrebno diskretno ali vrlo u\u010dinkovito osvjetljenje prostora.<\/p>\n<p>*ISPORU\u010cUJE SE BEZ NAPAJANJA!*<\/p>\n<p>* NIJE MOGU\u0106A DOSTAVA U NA\u0160EM ARAN\u017dMANU *<\/p>\n","protected":false},"featured_media":116996,"comment_status":"open","ping_status":"closed","template":"","meta":{"_acf_changed":false},"product_brand":[],"product_cat":[1320,1270],"product_tag":[],"class_list":{"0":"post-117085","1":"product","2":"type-product","3":"status-publish","4":"has-post-thumbnail","6":"product_cat-kabinet-led-rasvjeta","7":"product_cat-led-linearna-rasvjeta","10":"first","11":"instock","12":"taxable","13":"shipping-taxable","14":"purchasable","15":"product-type-simple"},"acf":[],"_links":{"self":[{"href":"https:\/\/ledison.hr\/en\/wp-json\/wp\/v2\/product\/117085","targetHints":{"allow":["GET"]}}],"collection":[{"href":"https:\/\/ledison.hr\/en\/wp-json\/wp\/v2\/product"}],"about":[{"href":"https:\/\/ledison.hr\/en\/wp-json\/wp\/v2\/types\/product"}],"replies":[{"embeddable":true,"href":"https:\/\/ledison.hr\/en\/wp-json\/wp\/v2\/comments?post=117085"}],"wp:featuredmedia":[{"embeddable":true,"href":"https:\/\/ledison.hr\/en\/wp-json\/wp\/v2\/media\/116996"}],"wp:attachment":[{"href":"https:\/\/ledison.hr\/en\/wp-json\/wp\/v2\/media?parent=117085"}],"wp:term":[{"taxonomy":"product_brand","embeddable":true,"href":"https:\/\/ledison.hr\/en\/wp-json\/wp\/v2\/product_brand?post=117085"},{"taxonomy":"product_cat","embeddable":true,"href":"https:\/\/ledison.hr\/en\/wp-json\/wp\/v2\/product_cat?post=117085"},{"taxonomy":"product_tag","embeddable":true,"href":"https:\/\/ledison.hr\/en\/wp-json\/wp\/v2\/product_tag?post=117085"}],"curies":[{"name":"wp","href":"https:\/\/api.w.org\/{rel}","templated":true}]}}