{"id":117092,"date":"2024-05-09T15:03:15","date_gmt":"2024-05-09T13:03:15","guid":{"rendered":"https:\/\/ledison.hr\/?post_type=product&#038;p=117092"},"modified":"2026-02-20T10:58:52","modified_gmt":"2026-02-20T09:58:52","slug":"led-traka-cob-11w-m-320-24v-3000k-ip20-10m","status":"publish","type":"product","link":"https:\/\/ledison.hr\/en\/web-trgovina\/trake-i-moduli\/cob-led-trake\/cob-trake-ip20\/led-traka-cob-11w-m-320-24v-3000k-ip20-10m\/","title":{"rendered":"LED Traka COB 11W\/m, 320-24V-3000K, IP20, 10m"},"content":{"rendered":"<ul>\n<li>Snaga (Potro\u0161nja): <strong>11W\/m<\/strong><\/li>\n<li>Svjetlosni tok: <strong>1100 lm\/m<\/strong><\/li>\n<li>Temperatura boje: 3000K (Toplo bijela)<\/li>\n<li>Radni napon: <strong>DC 24V<\/strong><\/li>\n<li>Index uzvrata boje: CRI&gt;80<\/li>\n<li>Broj i tip LED dioda: 320 kom COB\/m<\/li>\n<li>Kut osvjetljenja: 120 stupnjeva<\/li>\n<li>\u0160irina trake PCB: 8 mm<\/li>\n<li>Du\u017eina role: <strong>10 metara<\/strong><\/li>\n<li>Vodootporna: NE<\/li>\n<\/ul>\n<p>*Preporuka svakih 5 metara provu\u0107i kablove od trake do napajanja zbog pada napona.*<\/p>\n","protected":false},"excerpt":{"rendered":"<p>COB (ChipOnBoard) je nova tehnologija izrade LED traka koja osigurava \u010distu svjetlosnu liniju bez svjetlosnih to\u010dkica koje su karakteristi\u010dne za uobi\u010dajene SMD LED trake a dodatno ima znatno \u0161iri kut svjetla te veliku fleksibilnost i mehani\u010dku otpornost.<\/p>\n","protected":false},"featured_media":117819,"comment_status":"open","ping_status":"closed","template":"","meta":{"_acf_changed":false},"product_brand":[],"product_cat":[1274,1557,1364],"product_tag":[],"class_list":{"0":"post-117092","1":"product","2":"type-product","3":"status-publish","4":"has-post-thumbnail","6":"product_cat-trake-i-moduli","7":"product_cat-cob-trake-ip20","8":"product_cat-cob-led-trake","11":"first","12":"instock","13":"taxable","14":"shipping-taxable","15":"purchasable","16":"product-type-simple"},"acf":[],"_links":{"self":[{"href":"https:\/\/ledison.hr\/en\/wp-json\/wp\/v2\/product\/117092","targetHints":{"allow":["GET"]}}],"collection":[{"href":"https:\/\/ledison.hr\/en\/wp-json\/wp\/v2\/product"}],"about":[{"href":"https:\/\/ledison.hr\/en\/wp-json\/wp\/v2\/types\/product"}],"replies":[{"embeddable":true,"href":"https:\/\/ledison.hr\/en\/wp-json\/wp\/v2\/comments?post=117092"}],"wp:featuredmedia":[{"embeddable":true,"href":"https:\/\/ledison.hr\/en\/wp-json\/wp\/v2\/media\/117819"}],"wp:attachment":[{"href":"https:\/\/ledison.hr\/en\/wp-json\/wp\/v2\/media?parent=117092"}],"wp:term":[{"taxonomy":"product_brand","embeddable":true,"href":"https:\/\/ledison.hr\/en\/wp-json\/wp\/v2\/product_brand?post=117092"},{"taxonomy":"product_cat","embeddable":true,"href":"https:\/\/ledison.hr\/en\/wp-json\/wp\/v2\/product_cat?post=117092"},{"taxonomy":"product_tag","embeddable":true,"href":"https:\/\/ledison.hr\/en\/wp-json\/wp\/v2\/product_tag?post=117092"}],"curies":[{"name":"wp","href":"https:\/\/api.w.org\/{rel}","templated":true}]}}