{"id":117338,"date":"2024-08-30T14:06:50","date_gmt":"2024-08-30T12:06:50","guid":{"rendered":"https:\/\/ledison.hr\/?post_type=product&#038;p=117338"},"modified":"2025-11-22T19:09:27","modified_gmt":"2025-11-22T18:09:27","slug":"led-zarulja-gt-mr16-7w-3000k-220v","status":"publish","type":"product","link":"https:\/\/ledison.hr\/en\/web-trgovina\/zarulje-i-cijevi\/grlo-gu10-mr16\/led-zarulja-gt-mr16-7w-3000k-220v\/","title":{"rendered":"LED \u017dARULJA GT MR16 \u2013 7W 3000K 220V"},"content":{"rendered":"<p>Tip grla: MR16 \/ G5.3<br \/>\nSnaga: 7 W<br \/>\nBoja svjetlosti: 3000 K<br \/>\nIP stupanj za\u0161tite: IP20<br \/>\nNapon: AC 220 &#8211; 240 V \/ 50 &#8211; 60 Hz<br \/>\nSvjetlosna u\u010dinkovitost: 80 lm \/ W<br \/>\nFLUX: 560 lm<br \/>\nKut svjetlosti: 60 \u00b0<br \/>\nLED diode: San`an SMD 2835<br \/>\nRadni vijek: 15 000 radnih sati<br \/>\nCertifikati: CE, RoHS<br \/>\nBoja artikla: bijela<br \/>\nDimenzije artikla: \u00d8 50 x 50 mm<\/p>\n","protected":false},"excerpt":{"rendered":"<div>\n<p>LED MR16 \u017earulja potro\u0161nje 7W isporu\u010duje 560lm tople bijele svjetlosti temperature boje 3000K.<\/p>\n<\/div>\n","protected":false},"featured_media":117341,"comment_status":"open","ping_status":"closed","template":"","meta":{"_acf_changed":false},"product_brand":[],"product_cat":[1475,1363],"product_tag":[1541],"class_list":{"0":"post-117338","1":"product","2":"type-product","3":"status-publish","4":"has-post-thumbnail","6":"product_cat-zarulje-i-cijevi","7":"product_cat-grlo-gu10-mr16","8":"product_tag-lb-1104","11":"first","12":"instock","13":"taxable","14":"shipping-taxable","15":"purchasable","16":"product-type-simple"},"acf":[],"_links":{"self":[{"href":"https:\/\/ledison.hr\/en\/wp-json\/wp\/v2\/product\/117338","targetHints":{"allow":["GET"]}}],"collection":[{"href":"https:\/\/ledison.hr\/en\/wp-json\/wp\/v2\/product"}],"about":[{"href":"https:\/\/ledison.hr\/en\/wp-json\/wp\/v2\/types\/product"}],"replies":[{"embeddable":true,"href":"https:\/\/ledison.hr\/en\/wp-json\/wp\/v2\/comments?post=117338"}],"wp:featuredmedia":[{"embeddable":true,"href":"https:\/\/ledison.hr\/en\/wp-json\/wp\/v2\/media\/117341"}],"wp:attachment":[{"href":"https:\/\/ledison.hr\/en\/wp-json\/wp\/v2\/media?parent=117338"}],"wp:term":[{"taxonomy":"product_brand","embeddable":true,"href":"https:\/\/ledison.hr\/en\/wp-json\/wp\/v2\/product_brand?post=117338"},{"taxonomy":"product_cat","embeddable":true,"href":"https:\/\/ledison.hr\/en\/wp-json\/wp\/v2\/product_cat?post=117338"},{"taxonomy":"product_tag","embeddable":true,"href":"https:\/\/ledison.hr\/en\/wp-json\/wp\/v2\/product_tag?post=117338"}],"curies":[{"name":"wp","href":"https:\/\/api.w.org\/{rel}","templated":true}]}}