{"id":117581,"date":"2024-10-01T15:59:26","date_gmt":"2024-10-01T13:59:26","guid":{"rendered":"https:\/\/ledison.hr\/?post_type=product&#038;p=117581"},"modified":"2025-04-25T17:08:16","modified_gmt":"2025-04-25T15:08:16","slug":"led-zarulja-md-filament-e14-3-5w-350lm-4000k-220v-t25","status":"publish","type":"product","link":"https:\/\/ledison.hr\/en\/web-trgovina\/zarulje-i-cijevi\/filament-led-e14-e27\/led-zarulja-md-filament-e14-3-5w-350lm-4000k-220v-t25\/","title":{"rendered":"LED \u017darulja MD Filament E14 \u2013 3.5W, 350LM, 4000K, 220V, T25"},"content":{"rendered":"<ul>\n<li>Oblik: <strong>T25<\/strong><\/li>\n<li>Potro\u0161nja (Snaga): <strong>3.5<\/strong><strong>W<\/strong><\/li>\n<li>Radni napon: AC 220 &#8211; 240 V \/ 50 &#8211; 60 Hz<\/li>\n<li>Svjetlosni tok: <strong>35<\/strong><strong>0lm<\/strong><\/li>\n<li>Dimabilna: <b>NE<\/b><\/li>\n<li>Grlo (Navoj): E14<\/li>\n<li>Boja svjetlosti: Neutral bijela<\/li>\n<li>Temperatura boje:\u00a0<strong>4000K<\/strong><\/li>\n<li>Index uzvrata boje (CRI): &gt;80<\/li>\n<li>Kut osvjetljavanja: 320\u00b0<\/li>\n<li>IP faktor zastite: IP20<\/li>\n<li>O\u010dekivani \u017eivotni vijek: 35.000 h<\/li>\n<li>Dimenzije:\u00d8 25 x 84 mm<\/li>\n<\/ul>\n","protected":false},"excerpt":{"rendered":"<p>LED E14 T25 filament \u017earulja potro\u0161nje 3.5W isporu\u010duje 350lm, neutralne bijele svjetlosti na 4000K.<\/p>\n","protected":false},"featured_media":117582,"comment_status":"open","ping_status":"closed","template":"","meta":{"_acf_changed":false},"product_brand":[],"product_cat":[1475,1307],"product_tag":[],"class_list":{"0":"post-117581","1":"product","2":"type-product","3":"status-publish","4":"has-post-thumbnail","6":"product_cat-zarulje-i-cijevi","7":"product_cat-filament-led-e14-e27","10":"first","11":"outofstock","12":"taxable","13":"shipping-taxable","14":"purchasable","15":"product-type-simple"},"acf":[],"_links":{"self":[{"href":"https:\/\/ledison.hr\/en\/wp-json\/wp\/v2\/product\/117581","targetHints":{"allow":["GET"]}}],"collection":[{"href":"https:\/\/ledison.hr\/en\/wp-json\/wp\/v2\/product"}],"about":[{"href":"https:\/\/ledison.hr\/en\/wp-json\/wp\/v2\/types\/product"}],"replies":[{"embeddable":true,"href":"https:\/\/ledison.hr\/en\/wp-json\/wp\/v2\/comments?post=117581"}],"wp:featuredmedia":[{"embeddable":true,"href":"https:\/\/ledison.hr\/en\/wp-json\/wp\/v2\/media\/117582"}],"wp:attachment":[{"href":"https:\/\/ledison.hr\/en\/wp-json\/wp\/v2\/media?parent=117581"}],"wp:term":[{"taxonomy":"product_brand","embeddable":true,"href":"https:\/\/ledison.hr\/en\/wp-json\/wp\/v2\/product_brand?post=117581"},{"taxonomy":"product_cat","embeddable":true,"href":"https:\/\/ledison.hr\/en\/wp-json\/wp\/v2\/product_cat?post=117581"},{"taxonomy":"product_tag","embeddable":true,"href":"https:\/\/ledison.hr\/en\/wp-json\/wp\/v2\/product_tag?post=117581"}],"curies":[{"name":"wp","href":"https:\/\/api.w.org\/{rel}","templated":true}]}}