{"id":117584,"date":"2024-09-27T14:35:10","date_gmt":"2024-09-27T12:35:10","guid":{"rendered":"https:\/\/ledison.hr\/?post_type=product&#038;p=117584"},"modified":"2025-12-01T14:10:19","modified_gmt":"2025-12-01T13:10:19","slug":"led-zarulja-md-filament-e27-4w-300lm-1800k-220v-g45-dimm","status":"publish","type":"product","link":"https:\/\/ledison.hr\/en\/web-trgovina\/zarulje-i-cijevi\/filament-led-e14-e27\/led-zarulja-md-filament-e27-4w-300lm-1800k-220v-g45-dimm\/","title":{"rendered":"LED \u017darulja MD Filament E27 \u2013 4W, 300LM, 1800K, 220V, G45, Dimm."},"content":{"rendered":"<ul>\n<li>Oblik: <strong>G45<\/strong><\/li>\n<li>Potro\u0161nja (Snaga): <strong>4<\/strong><strong>W<\/strong><\/li>\n<li>Radni napon: AC 220 &#8211; 240 V \/ 50 &#8211; 60 Hz<\/li>\n<li>Svjetlosni tok: <strong>30<\/strong><strong>0lm<\/strong><\/li>\n<li>Dimabilna:\u00a0<strong>DA<\/strong>\u00a0(triac dim)<\/li>\n<li>Grlo (Navoj): E27<\/li>\n<li>Boja svjetlosti: Topla bijela (Gold efekt)<\/li>\n<li>Temperatura boje:\u00a0<strong>1800K<\/strong><\/li>\n<li>Index uzvrata boje (CRI): &gt;80<\/li>\n<li>Kut osvjetljavanja: 320\u00b0<\/li>\n<li>IP faktor zastite: IP20<\/li>\n<li>O\u010dekivani \u017eivotni vijek: 15.000 h<\/li>\n<li>Dimenzije:\u00d8 45 x 74 mm<\/li>\n<li>Materijal: Amber Gold staklo<\/li>\n<\/ul>\n","protected":false},"excerpt":{"rendered":"<p>LED E27 G45 Amber gold filament dimabilna \u017earulja potro\u0161nje 4W isporu\u010duje 300lm, tople bijele svjetlosti na 1800K.<\/p>\n","protected":false},"featured_media":117585,"comment_status":"open","ping_status":"closed","template":"","meta":{"_acf_changed":false},"product_brand":[],"product_cat":[1475,1307],"product_tag":[],"class_list":{"0":"post-117584","1":"product","2":"type-product","3":"status-publish","4":"has-post-thumbnail","6":"product_cat-zarulje-i-cijevi","7":"product_cat-filament-led-e14-e27","10":"first","11":"instock","12":"taxable","13":"shipping-taxable","14":"purchasable","15":"product-type-simple"},"acf":[],"_links":{"self":[{"href":"https:\/\/ledison.hr\/en\/wp-json\/wp\/v2\/product\/117584","targetHints":{"allow":["GET"]}}],"collection":[{"href":"https:\/\/ledison.hr\/en\/wp-json\/wp\/v2\/product"}],"about":[{"href":"https:\/\/ledison.hr\/en\/wp-json\/wp\/v2\/types\/product"}],"replies":[{"embeddable":true,"href":"https:\/\/ledison.hr\/en\/wp-json\/wp\/v2\/comments?post=117584"}],"wp:featuredmedia":[{"embeddable":true,"href":"https:\/\/ledison.hr\/en\/wp-json\/wp\/v2\/media\/117585"}],"wp:attachment":[{"href":"https:\/\/ledison.hr\/en\/wp-json\/wp\/v2\/media?parent=117584"}],"wp:term":[{"taxonomy":"product_brand","embeddable":true,"href":"https:\/\/ledison.hr\/en\/wp-json\/wp\/v2\/product_brand?post=117584"},{"taxonomy":"product_cat","embeddable":true,"href":"https:\/\/ledison.hr\/en\/wp-json\/wp\/v2\/product_cat?post=117584"},{"taxonomy":"product_tag","embeddable":true,"href":"https:\/\/ledison.hr\/en\/wp-json\/wp\/v2\/product_tag?post=117584"}],"curies":[{"name":"wp","href":"https:\/\/api.w.org\/{rel}","templated":true}]}}