{"id":117691,"date":"2024-10-03T19:18:41","date_gmt":"2024-10-03T17:18:41","guid":{"rendered":"https:\/\/ledison.hr\/?post_type=product&#038;p=117691"},"modified":"2025-11-10T16:11:57","modified_gmt":"2025-11-10T15:11:57","slug":"led-zarulja-md-gu10-6w-2700k-220v-dimm","status":"publish","type":"product","link":"https:\/\/ledison.hr\/en\/web-trgovina\/zarulje-i-cijevi\/grlo-gu10-mr16\/led-zarulja-md-gu10-6w-2700k-220v-dimm\/","title":{"rendered":"LED \u017dARULJA MD GU10 \u2013 6W 2700K 220V Dimm."},"content":{"rendered":"<p>Tip grla: GU10<br \/>\nSnaga: 6 W<br \/>\nBoja svjetlosti: 2700 K<br \/>\nDimabilno: DA<br \/>\nIP stupanj za\u0161tite: IP20<br \/>\nNapon: 220V<br \/>\nSvjetlosna u\u010dinkovitost: 550 lm<br \/>\nKut svjetlosti: 110 \u00b0<br \/>\nRadni vijek: 25 000 radnih sati<br \/>\nCertifikati: CE, RoHS<br \/>\nDimenzije artikla: \u00d8 50 x 56 mm<\/p>\n","protected":false},"excerpt":{"rendered":"<div>\n<p>LED GU10 dimabilna \u017earulja potro\u0161nje 6W isporu\u010duje 550lm tople bijele svjetlosti temperature boje 2700K.<\/p>\n<\/div>\n","protected":false},"featured_media":117692,"comment_status":"open","ping_status":"closed","template":"","meta":{"_acf_changed":false},"product_brand":[],"product_cat":[1475,1363],"product_tag":[],"class_list":{"0":"post-117691","1":"product","2":"type-product","3":"status-publish","4":"has-post-thumbnail","6":"product_cat-zarulje-i-cijevi","7":"product_cat-grlo-gu10-mr16","10":"first","11":"outofstock","12":"taxable","13":"shipping-taxable","14":"purchasable","15":"product-type-simple"},"acf":[],"_links":{"self":[{"href":"https:\/\/ledison.hr\/en\/wp-json\/wp\/v2\/product\/117691","targetHints":{"allow":["GET"]}}],"collection":[{"href":"https:\/\/ledison.hr\/en\/wp-json\/wp\/v2\/product"}],"about":[{"href":"https:\/\/ledison.hr\/en\/wp-json\/wp\/v2\/types\/product"}],"replies":[{"embeddable":true,"href":"https:\/\/ledison.hr\/en\/wp-json\/wp\/v2\/comments?post=117691"}],"wp:featuredmedia":[{"embeddable":true,"href":"https:\/\/ledison.hr\/en\/wp-json\/wp\/v2\/media\/117692"}],"wp:attachment":[{"href":"https:\/\/ledison.hr\/en\/wp-json\/wp\/v2\/media?parent=117691"}],"wp:term":[{"taxonomy":"product_brand","embeddable":true,"href":"https:\/\/ledison.hr\/en\/wp-json\/wp\/v2\/product_brand?post=117691"},{"taxonomy":"product_cat","embeddable":true,"href":"https:\/\/ledison.hr\/en\/wp-json\/wp\/v2\/product_cat?post=117691"},{"taxonomy":"product_tag","embeddable":true,"href":"https:\/\/ledison.hr\/en\/wp-json\/wp\/v2\/product_tag?post=117691"}],"curies":[{"name":"wp","href":"https:\/\/api.w.org\/{rel}","templated":true}]}}