{"id":117997,"date":"2025-09-23T15:00:58","date_gmt":"2025-09-23T13:00:58","guid":{"rendered":"https:\/\/ledison.hr\/?post_type=product&#038;p=117997"},"modified":"2026-04-14T22:18:01","modified_gmt":"2026-04-14T20:18:01","slug":"led-traka-el-cob-rgb-15w-m-450-12v-ip20-5m","status":"publish","type":"product","link":"https:\/\/ledison.hr\/en\/web-trgovina\/trake-i-moduli\/cob-led-trake\/cob-trake-rgb\/led-traka-el-cob-rgb-15w-m-450-12v-ip20-5m\/","title":{"rendered":"LED Traka EL COB RGB-15W\/m, 450-12V, IP20, 5m"},"content":{"rendered":"<ul>\n<li>Snaga (Potro\u0161nja): <strong>15W\/m<\/strong><\/li>\n<li>CCT: RGB<\/li>\n<li>Radni napon: <strong>DC 12V<\/strong><\/li>\n<li>Index uzvrata boje: CRI&gt;80<\/li>\n<li>Broj i tip LED dioda: 450 kom COB\/m<\/li>\n<li>Kut osvjetljenja: 180 stupnjeva<\/li>\n<li>\u0160irina trake PCB: 10 mm<\/li>\n<li>Du\u017eina role: <strong>5 metara<\/strong><\/li>\n<li>Vodootporna: NE<\/li>\n<\/ul>\n<p>*Preporuka svakih 5 metara provu\u0107i kablove od trake do napajanja zbog pada napona.*<br \/>\n*Traka se mo\u017ee rezati svakih 2cm*<\/p>\n<p><a href=\"https:\/\/ledison.hr\/wp-content\/uploads\/2024\/10\/cob-rgb.jpg\"><img loading=\"lazy\" decoding=\"async\" class=\"alignnone size-full wp-image-118768\" src=\"https:\/\/ledison.hr\/wp-content\/uploads\/2024\/10\/cob-rgb.jpg\" alt=\"\" width=\"600\" height=\"600\" srcset=\"https:\/\/ledison.hr\/wp-content\/uploads\/2024\/10\/cob-rgb.jpg 600w, https:\/\/ledison.hr\/wp-content\/uploads\/2024\/10\/cob-rgb-300x300.jpg 300w, https:\/\/ledison.hr\/wp-content\/uploads\/2024\/10\/cob-rgb-150x150.jpg 150w, https:\/\/ledison.hr\/wp-content\/uploads\/2024\/10\/cob-rgb-145x145.jpg 145w, https:\/\/ledison.hr\/wp-content\/uploads\/2024\/10\/cob-rgb-50x50.jpg 50w, https:\/\/ledison.hr\/wp-content\/uploads\/2024\/10\/cob-rgb-100x100.jpg 100w\" sizes=\"auto, (max-width: 600px) 100vw, 600px\" \/><\/a><\/p>\n","protected":false},"excerpt":{"rendered":"<p>COB (ChipOnBoard) je nova tehnologija izrade LED traka koja osigurava \u010distu svjetlosnu liniju bez svjetlosnih to\u010dkica koje su karakteristi\u010dne za uobi\u010dajene SMD LED trake a dodatno ima znatno \u0161iri kut svjetla te veliku fleksibilnost i mehani\u010dku otpornost.<\/p>\n","protected":false},"featured_media":118761,"comment_status":"open","ping_status":"closed","template":"","meta":{"_acf_changed":false},"product_brand":[],"product_cat":[1274,1559,1364,1323],"product_tag":[],"class_list":{"0":"post-117997","1":"product","2":"type-product","3":"status-publish","4":"has-post-thumbnail","6":"product_cat-trake-i-moduli","7":"product_cat-cob-trake-rgb","8":"product_cat-cob-led-trake","9":"product_cat-led-kolor-trake","12":"first","13":"instock","14":"taxable","15":"shipping-taxable","16":"purchasable","17":"product-type-simple"},"acf":[],"_links":{"self":[{"href":"https:\/\/ledison.hr\/en\/wp-json\/wp\/v2\/product\/117997","targetHints":{"allow":["GET"]}}],"collection":[{"href":"https:\/\/ledison.hr\/en\/wp-json\/wp\/v2\/product"}],"about":[{"href":"https:\/\/ledison.hr\/en\/wp-json\/wp\/v2\/types\/product"}],"replies":[{"embeddable":true,"href":"https:\/\/ledison.hr\/en\/wp-json\/wp\/v2\/comments?post=117997"}],"wp:featuredmedia":[{"embeddable":true,"href":"https:\/\/ledison.hr\/en\/wp-json\/wp\/v2\/media\/118761"}],"wp:attachment":[{"href":"https:\/\/ledison.hr\/en\/wp-json\/wp\/v2\/media?parent=117997"}],"wp:term":[{"taxonomy":"product_brand","embeddable":true,"href":"https:\/\/ledison.hr\/en\/wp-json\/wp\/v2\/product_brand?post=117997"},{"taxonomy":"product_cat","embeddable":true,"href":"https:\/\/ledison.hr\/en\/wp-json\/wp\/v2\/product_cat?post=117997"},{"taxonomy":"product_tag","embeddable":true,"href":"https:\/\/ledison.hr\/en\/wp-json\/wp\/v2\/product_tag?post=117997"}],"curies":[{"name":"wp","href":"https:\/\/api.w.org\/{rel}","templated":true}]}}