{"id":118045,"date":"2024-11-12T14:26:53","date_gmt":"2024-11-12T13:26:53","guid":{"rendered":"https:\/\/ledison.hr\/?post_type=product&#038;p=118045"},"modified":"2025-11-22T18:59:59","modified_gmt":"2025-11-22T17:59:59","slug":"led-tracni-reflektor-monofazni-gt-20w-1800lm-3cct-25-bijeli","status":"publish","type":"product","link":"https:\/\/ledison.hr\/en\/web-trgovina\/led-reflektorska-rasvjeta\/tracna-led-rasvjeta\/led-tracni-reflektor-monofazni-gt-20w-1800lm-3cct-25-bijeli\/","title":{"rendered":"LED Tra\u010dni Reflektor Monofazni GT &#8211; 20W, 1800lm, 3CCT, 25\u00b0, Bijeli"},"content":{"rendered":"<p>Snaga: 20 W<br \/>\nBoja svjetlosti: 3CCT &#8211; 3000 K &#8211; 4000 K &#8211; 6500 K<br \/>\nOdabir boje svjetlosti pomo\u0107u ugra\u0111enog prekida\u010da<br \/>\nSvjetlosna u\u010dinkovitost: 90 lm \/ W<br \/>\nFLUX: 1800 lm<br \/>\nNapon: AC 85 &#8211; 265 V \/ 50 &#8211; 60 Hz<br \/>\nCRI:\u00a0\u2265 80<br \/>\nPF: \u2265 0,9<br \/>\nSCDM:\u00a0\u2264 7<br \/>\nKut svjetlosti: 25\u00b0<br \/>\nIP stupanj za\u0161tite: IP20<br \/>\nBoja artikla: bijela<br \/>\nMaterijal: aluminij + PC<br \/>\nRadni vijek: 30 000 radnih sati<br \/>\nNeto te\u017eina: 0,520 kg<br \/>\nBruto te\u017eina: 0,600 kg<br \/>\nDimenzije artikla:\u00a0\u00d8 60 x 135 mm<br \/>\nDimenzije nosa\u010da za ugradnju u \u0161inu: 120 x 52 x 30 mm<br \/>\nCertifikati: CE, RoHS<\/p>\n","protected":false},"excerpt":{"rendered":"<p>Monofazni tra\u010dni LED reflektor snage 20W 1800lm sa mogu\u0107nosti odabira topline svjetlosti pomo\u0107u prekida\u010da 3CCT.<\/p>\n","protected":false},"featured_media":118038,"comment_status":"open","ping_status":"closed","template":"","meta":{"_acf_changed":false},"product_brand":[],"product_cat":[1286,1302],"product_tag":[],"class_list":{"0":"post-118045","1":"product","2":"type-product","3":"status-publish","4":"has-post-thumbnail","6":"product_cat-led-reflektorska-rasvjeta","7":"product_cat-tracna-led-rasvjeta","10":"first","11":"onbackorder","12":"taxable","13":"shipping-taxable","14":"purchasable","15":"product-type-simple"},"acf":[],"_links":{"self":[{"href":"https:\/\/ledison.hr\/en\/wp-json\/wp\/v2\/product\/118045","targetHints":{"allow":["GET"]}}],"collection":[{"href":"https:\/\/ledison.hr\/en\/wp-json\/wp\/v2\/product"}],"about":[{"href":"https:\/\/ledison.hr\/en\/wp-json\/wp\/v2\/types\/product"}],"replies":[{"embeddable":true,"href":"https:\/\/ledison.hr\/en\/wp-json\/wp\/v2\/comments?post=118045"}],"wp:featuredmedia":[{"embeddable":true,"href":"https:\/\/ledison.hr\/en\/wp-json\/wp\/v2\/media\/118038"}],"wp:attachment":[{"href":"https:\/\/ledison.hr\/en\/wp-json\/wp\/v2\/media?parent=118045"}],"wp:term":[{"taxonomy":"product_brand","embeddable":true,"href":"https:\/\/ledison.hr\/en\/wp-json\/wp\/v2\/product_brand?post=118045"},{"taxonomy":"product_cat","embeddable":true,"href":"https:\/\/ledison.hr\/en\/wp-json\/wp\/v2\/product_cat?post=118045"},{"taxonomy":"product_tag","embeddable":true,"href":"https:\/\/ledison.hr\/en\/wp-json\/wp\/v2\/product_tag?post=118045"}],"curies":[{"name":"wp","href":"https:\/\/api.w.org\/{rel}","templated":true}]}}