{"id":118143,"date":"2024-10-14T10:39:50","date_gmt":"2024-10-14T08:39:50","guid":{"rendered":"https:\/\/ledison.hr\/?post_type=product&#038;p=118143"},"modified":"2025-11-22T19:06:41","modified_gmt":"2025-11-22T18:06:41","slug":"led-monofazna-nadgradna-sina-gt-1m-crna","status":"publish","type":"product","link":"https:\/\/ledison.hr\/en\/web-trgovina\/led-reflektorska-rasvjeta\/tracna-led-rasvjeta\/led-monofazna-nadgradna-sina-gt-1m-crna\/","title":{"rendered":"LED Monofazna Nadgradna \u0160ina GT &#8211; 1M, Crna"},"content":{"rendered":"<p>Napon: AC 160 &#8211; 265 V \/ 50 &#8211; 60 Hz<br \/>\nIP stupanj za\u0161tite: IP40<br \/>\nCertifikati: CE, FCC, RoHS<br \/>\nMaterijal: aluminij<br \/>\nBoja artikla: crna<br \/>\nNeto te\u017eina: 0,380 kg<br \/>\nDimenzije \u0161ine: 1000 x 33 x 21 mm<\/p>\n","protected":false},"excerpt":{"rendered":"<p>Monofazni nadgradna tra\u010dna \u0161ina du\u017eine 1 metar. Uz \u0161inu dolazi ulazni priklju\u010dak za struju i zavr\u0161ni poklopac.<\/p>\n","protected":false},"featured_media":118152,"comment_status":"open","ping_status":"closed","template":"","meta":{"_acf_changed":false},"product_brand":[],"product_cat":[1286,1302],"product_tag":[],"class_list":{"0":"post-118143","1":"product","2":"type-product","3":"status-publish","4":"has-post-thumbnail","6":"product_cat-led-reflektorska-rasvjeta","7":"product_cat-tracna-led-rasvjeta","10":"first","11":"onbackorder","12":"taxable","13":"shipping-taxable","14":"purchasable","15":"product-type-simple"},"acf":[],"_links":{"self":[{"href":"https:\/\/ledison.hr\/en\/wp-json\/wp\/v2\/product\/118143","targetHints":{"allow":["GET"]}}],"collection":[{"href":"https:\/\/ledison.hr\/en\/wp-json\/wp\/v2\/product"}],"about":[{"href":"https:\/\/ledison.hr\/en\/wp-json\/wp\/v2\/types\/product"}],"replies":[{"embeddable":true,"href":"https:\/\/ledison.hr\/en\/wp-json\/wp\/v2\/comments?post=118143"}],"wp:featuredmedia":[{"embeddable":true,"href":"https:\/\/ledison.hr\/en\/wp-json\/wp\/v2\/media\/118152"}],"wp:attachment":[{"href":"https:\/\/ledison.hr\/en\/wp-json\/wp\/v2\/media?parent=118143"}],"wp:term":[{"taxonomy":"product_brand","embeddable":true,"href":"https:\/\/ledison.hr\/en\/wp-json\/wp\/v2\/product_brand?post=118143"},{"taxonomy":"product_cat","embeddable":true,"href":"https:\/\/ledison.hr\/en\/wp-json\/wp\/v2\/product_cat?post=118143"},{"taxonomy":"product_tag","embeddable":true,"href":"https:\/\/ledison.hr\/en\/wp-json\/wp\/v2\/product_tag?post=118143"}],"curies":[{"name":"wp","href":"https:\/\/api.w.org\/{rel}","templated":true}]}}