{"id":118648,"date":"2025-02-05T09:55:42","date_gmt":"2025-02-05T08:55:42","guid":{"rendered":"https:\/\/ledison.hr\/?post_type=product&#038;p=118648"},"modified":"2026-03-17T16:20:07","modified_gmt":"2026-03-17T15:20:07","slug":"led-zarulja-md-e27-11-1w-1055lm-4000k-t44","status":"publish","type":"product","link":"https:\/\/ledison.hr\/en\/web-trgovina\/zarulje-i-cijevi\/grlo-e14-e27\/led-zarulja-md-e27-11-1w-1055lm-4000k-t44\/","title":{"rendered":"LED \u017darulja MD E27 &#8211; 11.1W 1055lm 4000K T44"},"content":{"rendered":"<ul>\n<li>Potro\u0161nja (Snaga): 11.1W<\/li>\n<li>Svjetlosni tok: 1055 lumen<\/li>\n<li>LED Efikasnost: 95 lm\/W<\/li>\n<li>Grlo (Navoj): E27<\/li>\n<li>Oblik: T44<\/li>\n<li>Boja svjetlosti: Neutral bijela<\/li>\n<li>Temperatura boje: 4000K<\/li>\n<li>Index uzvrata boje (CRI): &gt;80<\/li>\n<li>Kut osvjetljavanja: 200\u00b0<\/li>\n<li>IP faktor zastite: IP20<\/li>\n<li>Radni napon: AC 220V-240V<\/li>\n<li>Dimabilna: NE<\/li>\n<li>O\u010dekivani LED \u017eivotni vijek: 25000 h<\/li>\n<li>Certifikati: CE RoHS<\/li>\n<\/ul>\n","protected":false},"excerpt":{"rendered":"<p>LED \u017darulja E27 T44 potro\u0161nje 11.1W isporu\u010duje 1055lm, neutral bijele svjetlosti na 4000K.<\/p>\n","protected":false},"featured_media":118649,"comment_status":"open","ping_status":"closed","template":"","meta":{"_acf_changed":false},"product_brand":[],"product_cat":[1339,1475],"product_tag":[],"class_list":{"0":"post-118648","1":"product","2":"type-product","3":"status-publish","4":"has-post-thumbnail","6":"product_cat-grlo-e14-e27","7":"product_cat-zarulje-i-cijevi","10":"first","11":"outofstock","12":"taxable","13":"shipping-taxable","14":"purchasable","15":"product-type-simple"},"acf":[],"_links":{"self":[{"href":"https:\/\/ledison.hr\/en\/wp-json\/wp\/v2\/product\/118648","targetHints":{"allow":["GET"]}}],"collection":[{"href":"https:\/\/ledison.hr\/en\/wp-json\/wp\/v2\/product"}],"about":[{"href":"https:\/\/ledison.hr\/en\/wp-json\/wp\/v2\/types\/product"}],"replies":[{"embeddable":true,"href":"https:\/\/ledison.hr\/en\/wp-json\/wp\/v2\/comments?post=118648"}],"wp:featuredmedia":[{"embeddable":true,"href":"https:\/\/ledison.hr\/en\/wp-json\/wp\/v2\/media\/118649"}],"wp:attachment":[{"href":"https:\/\/ledison.hr\/en\/wp-json\/wp\/v2\/media?parent=118648"}],"wp:term":[{"taxonomy":"product_brand","embeddable":true,"href":"https:\/\/ledison.hr\/en\/wp-json\/wp\/v2\/product_brand?post=118648"},{"taxonomy":"product_cat","embeddable":true,"href":"https:\/\/ledison.hr\/en\/wp-json\/wp\/v2\/product_cat?post=118648"},{"taxonomy":"product_tag","embeddable":true,"href":"https:\/\/ledison.hr\/en\/wp-json\/wp\/v2\/product_tag?post=118648"}],"curies":[{"name":"wp","href":"https:\/\/api.w.org\/{rel}","templated":true}]}}