{"id":118814,"date":"2025-02-06T12:08:55","date_gmt":"2025-02-06T11:08:55","guid":{"rendered":"https:\/\/ledison.hr\/?post_type=product&#038;p=118814"},"modified":"2026-03-05T13:02:44","modified_gmt":"2026-03-05T12:02:44","slug":"led-modul-za-plafonjeru-24w-4000k-2400lm-220v-ip20","status":"publish","type":"product","link":"https:\/\/ledison.hr\/en\/web-trgovina\/trake-i-moduli\/led-moduli-smd\/led-modul-za-plafonjeru-24w-4000k-2400lm-220v-ip20\/","title":{"rendered":"LED Modul Za Plafonjeru &#8211; 24W, 4000K, 2400lm, 220V"},"content":{"rendered":"<ul>\n<li>Potro\u0161nja (Snaga): 24W<\/li>\n<li>Svjetlosni tok: 2400 lumen<\/li>\n<li>LED Efikasnost: 100 lm\/W<\/li>\n<li>Dimenzija: 13\u00d713 cm<\/li>\n<li>Boja svjetlosti: Neutral bijela<\/li>\n<li>Temperatura boje: 4000K<\/li>\n<li>Index uzvrata boje (CRI): &gt;80<\/li>\n<li>Kut osvjetljavanja: 120\u00b0<\/li>\n<li>IP faktor zastite: IP20<\/li>\n<li>Radni napon: AC 220V-240V<\/li>\n<li>Dimabilna: NE<\/li>\n<li>O\u010dekivani LED \u017eivotni vijek: 20000 h<\/li>\n<li>Certifikati: CE RoHS<\/li>\n<\/ul>\n<p>*Modul se ugra\u0111uje u plafonjeru pomo\u0107u magneta na pole\u0111ini modula*<\/p>\n<p><a href=\"https:\/\/ledison.hr\/wp-content\/uploads\/2025\/02\/LED-Modul-za-plafonjeru-24W-2.jpg\"><img loading=\"lazy\" decoding=\"async\" class=\"alignnone size-full wp-image-118817\" src=\"https:\/\/ledison.hr\/wp-content\/uploads\/2025\/02\/LED-Modul-za-plafonjeru-24W-2.jpg\" alt=\"\" width=\"600\" height=\"600\" srcset=\"https:\/\/ledison.hr\/wp-content\/uploads\/2025\/02\/LED-Modul-za-plafonjeru-24W-2.jpg 600w, https:\/\/ledison.hr\/wp-content\/uploads\/2025\/02\/LED-Modul-za-plafonjeru-24W-2-300x300.jpg 300w, https:\/\/ledison.hr\/wp-content\/uploads\/2025\/02\/LED-Modul-za-plafonjeru-24W-2-150x150.jpg 150w, https:\/\/ledison.hr\/wp-content\/uploads\/2025\/02\/LED-Modul-za-plafonjeru-24W-2-145x145.jpg 145w, https:\/\/ledison.hr\/wp-content\/uploads\/2025\/02\/LED-Modul-za-plafonjeru-24W-2-50x50.jpg 50w, https:\/\/ledison.hr\/wp-content\/uploads\/2025\/02\/LED-Modul-za-plafonjeru-24W-2-100x100.jpg 100w\" sizes=\"auto, (max-width: 600px) 100vw, 600px\" \/><\/a> <a href=\"https:\/\/ledison.hr\/wp-content\/uploads\/2025\/02\/LED-Modul-za-plafonjeru-24W-1.jpg\"><img loading=\"lazy\" decoding=\"async\" class=\"alignnone size-full wp-image-118815\" src=\"https:\/\/ledison.hr\/wp-content\/uploads\/2025\/02\/LED-Modul-za-plafonjeru-24W-1.jpg\" alt=\"\" width=\"600\" height=\"600\" srcset=\"https:\/\/ledison.hr\/wp-content\/uploads\/2025\/02\/LED-Modul-za-plafonjeru-24W-1.jpg 600w, https:\/\/ledison.hr\/wp-content\/uploads\/2025\/02\/LED-Modul-za-plafonjeru-24W-1-300x300.jpg 300w, https:\/\/ledison.hr\/wp-content\/uploads\/2025\/02\/LED-Modul-za-plafonjeru-24W-1-150x150.jpg 150w, https:\/\/ledison.hr\/wp-content\/uploads\/2025\/02\/LED-Modul-za-plafonjeru-24W-1-145x145.jpg 145w, https:\/\/ledison.hr\/wp-content\/uploads\/2025\/02\/LED-Modul-za-plafonjeru-24W-1-50x50.jpg 50w, https:\/\/ledison.hr\/wp-content\/uploads\/2025\/02\/LED-Modul-za-plafonjeru-24W-1-100x100.jpg 100w\" sizes=\"auto, (max-width: 600px) 100vw, 600px\" \/><\/a><\/p>\n","protected":false},"excerpt":{"rendered":"<p>LED Modul za plafonjere snage 24W pri 2400lm, temperature svjetlosti 4000K.<\/p>\n","protected":false},"featured_media":118821,"comment_status":"open","ping_status":"closed","template":"","meta":{"_acf_changed":false},"product_brand":[],"product_cat":[1274,1335],"product_tag":[],"class_list":{"0":"post-118814","1":"product","2":"type-product","3":"status-publish","4":"has-post-thumbnail","6":"product_cat-trake-i-moduli","7":"product_cat-led-moduli-smd","10":"first","11":"outofstock","12":"taxable","13":"shipping-taxable","14":"purchasable","15":"product-type-simple"},"acf":[],"_links":{"self":[{"href":"https:\/\/ledison.hr\/en\/wp-json\/wp\/v2\/product\/118814","targetHints":{"allow":["GET"]}}],"collection":[{"href":"https:\/\/ledison.hr\/en\/wp-json\/wp\/v2\/product"}],"about":[{"href":"https:\/\/ledison.hr\/en\/wp-json\/wp\/v2\/types\/product"}],"replies":[{"embeddable":true,"href":"https:\/\/ledison.hr\/en\/wp-json\/wp\/v2\/comments?post=118814"}],"wp:featuredmedia":[{"embeddable":true,"href":"https:\/\/ledison.hr\/en\/wp-json\/wp\/v2\/media\/118821"}],"wp:attachment":[{"href":"https:\/\/ledison.hr\/en\/wp-json\/wp\/v2\/media?parent=118814"}],"wp:term":[{"taxonomy":"product_brand","embeddable":true,"href":"https:\/\/ledison.hr\/en\/wp-json\/wp\/v2\/product_brand?post=118814"},{"taxonomy":"product_cat","embeddable":true,"href":"https:\/\/ledison.hr\/en\/wp-json\/wp\/v2\/product_cat?post=118814"},{"taxonomy":"product_tag","embeddable":true,"href":"https:\/\/ledison.hr\/en\/wp-json\/wp\/v2\/product_tag?post=118814"}],"curies":[{"name":"wp","href":"https:\/\/api.w.org\/{rel}","templated":true}]}}