{"id":118835,"date":"2024-10-01T18:36:25","date_gmt":"2024-10-01T16:36:25","guid":{"rendered":"https:\/\/ledison.hr\/?post_type=product&#038;p=118835"},"modified":"2026-02-20T11:00:51","modified_gmt":"2026-02-20T10:00:51","slug":"led-zarulja-wellmax-e27-20w-lm-4000k-t70","status":"publish","type":"product","link":"https:\/\/ledison.hr\/en\/web-trgovina\/zarulje-i-cijevi\/grlo-e14-e27\/led-zarulja-wellmax-e27-20w-lm-4000k-t70\/","title":{"rendered":"LED \u017darulja Wellmax E27 &#8211; 20W lm 4000K T70"},"content":{"rendered":"<ul>\n<li>Potro\u0161nja (Snaga): 20W<\/li>\n<li>Ekvivalent za klasi\u010dnu: W<\/li>\n<li>Svjetlosni tok:\u00a0 lumen<\/li>\n<li>LED Efikasnost: 90 lm\/W<\/li>\n<li>LED Chip: Original Samsung<\/li>\n<li>Grlo (Navoj): E27<\/li>\n<li>Oblik: T70<\/li>\n<li>Boja svjetlosti: Neutralna\u00a0bijela<\/li>\n<li>Temperatura boje: 4000K<\/li>\n<li>Index uzvrata boje (CRI): &gt;80<\/li>\n<li>Kut osvjetljavanja: 230\u00b0<\/li>\n<li>IP faktor zastite: IP20<\/li>\n<li>Radni napon: AC 220V-240V<\/li>\n<li>Dimabilna: NE<\/li>\n<li>O\u010dekivani LED \u017eivotni vijek: 25000 h<\/li>\n<li>Certifikati: CE RoHS<\/li>\n<\/ul>\n","protected":false},"excerpt":{"rendered":"<p>Kvalitetna Wellmax Ballet E27 LED \u017earulja s originalnim Samsung SMD chipovima potro\u0161nje 20W isporu\u010duje lm neutralne bijele svjetlosti od 4000K, \u0161to je pribli\u017eno kao klasi\u010dna \u017earulja od W.<\/p>\n","protected":false},"featured_media":118836,"comment_status":"open","ping_status":"closed","template":"","meta":{"_acf_changed":false},"product_brand":[],"product_cat":[1339,1475],"product_tag":[],"class_list":{"0":"post-118835","1":"product","2":"type-product","3":"status-publish","4":"has-post-thumbnail","6":"product_cat-grlo-e14-e27","7":"product_cat-zarulje-i-cijevi","10":"first","11":"instock","12":"taxable","13":"shipping-taxable","14":"purchasable","15":"product-type-simple"},"acf":[],"_links":{"self":[{"href":"https:\/\/ledison.hr\/en\/wp-json\/wp\/v2\/product\/118835","targetHints":{"allow":["GET"]}}],"collection":[{"href":"https:\/\/ledison.hr\/en\/wp-json\/wp\/v2\/product"}],"about":[{"href":"https:\/\/ledison.hr\/en\/wp-json\/wp\/v2\/types\/product"}],"replies":[{"embeddable":true,"href":"https:\/\/ledison.hr\/en\/wp-json\/wp\/v2\/comments?post=118835"}],"wp:featuredmedia":[{"embeddable":true,"href":"https:\/\/ledison.hr\/en\/wp-json\/wp\/v2\/media\/118836"}],"wp:attachment":[{"href":"https:\/\/ledison.hr\/en\/wp-json\/wp\/v2\/media?parent=118835"}],"wp:term":[{"taxonomy":"product_brand","embeddable":true,"href":"https:\/\/ledison.hr\/en\/wp-json\/wp\/v2\/product_brand?post=118835"},{"taxonomy":"product_cat","embeddable":true,"href":"https:\/\/ledison.hr\/en\/wp-json\/wp\/v2\/product_cat?post=118835"},{"taxonomy":"product_tag","embeddable":true,"href":"https:\/\/ledison.hr\/en\/wp-json\/wp\/v2\/product_tag?post=118835"}],"curies":[{"name":"wp","href":"https:\/\/api.w.org\/{rel}","templated":true}]}}