{"id":119395,"date":"2025-07-10T12:13:16","date_gmt":"2025-07-10T10:13:16","guid":{"rendered":"https:\/\/ledison.hr\/?post_type=product&#038;p=119395"},"modified":"2026-03-12T14:21:25","modified_gmt":"2026-03-12T13:21:25","slug":"led-tri-proof-vt-36w-4320lm-120cm-6500k-ip65","status":"publish","type":"product","link":"https:\/\/ledison.hr\/en\/web-trgovina\/led-linearna-rasvjeta\/tri-proof-ip65\/led-tri-proof-vt-36w-4320lm-120cm-6500k-ip65\/","title":{"rendered":"LED Tri-Proof VT-36W 4320lm 120cm 6500K IP65"},"content":{"rendered":"<ul>\n<li>Snaga (Potro\u0161nja): 36W<\/li>\n<li>Napon: 220-240V, 50Hz<\/li>\n<li>Max. svjetlosni tok izvora: 4320lm<\/li>\n<li>Temperatura svjetlosti: 6500K<\/li>\n<li>LED tip: SMD<\/li>\n<li>\u017divotni vijek: 30 000 sati<\/li>\n<li>Zamjena za fluorescentnu cijev: 200W<\/li>\n<li>Vrijeme paljenja: 0-100% in &lt; 1s<\/li>\n<li>PF:&gt;0,9<\/li>\n<li>CRI:&gt;70<\/li>\n<li>Kut svjetlosnog snopa: 120\u00b0<\/li>\n<li>Tip ku\u0107i\u0161ta: ABS+plastika<\/li>\n<li>IP za\u0161tita: IP65<\/li>\n<li>Dimenzije: 1200x65x58mm<\/li>\n<li>Masa: 916g<\/li>\n<li>Master paket: 12 kom<\/li>\n<\/ul>\n","protected":false},"excerpt":{"rendered":"<p>Linearna Tri-proof LED svjetiljka snage 36W i 4320lm duljine 1200mm idealna je zamjena za armature s fluo cijevima a pogodna je za skladi\u0161ta gara\u017ee te vanjske prostore izlo\u017eene vlazi i ki\u0161i.<\/p>\n","protected":false},"featured_media":119396,"comment_status":"open","ping_status":"closed","template":"","meta":{"_acf_changed":false},"product_brand":[],"product_cat":[1355,1270],"product_tag":[1555],"class_list":{"0":"post-119395","1":"product","2":"type-product","3":"status-publish","4":"has-post-thumbnail","6":"product_cat-tri-proof-ip65","7":"product_cat-led-linearna-rasvjeta","8":"product_tag-vt1249","11":"first","12":"instock","13":"taxable","14":"shipping-taxable","15":"purchasable","16":"product-type-simple"},"acf":[],"_links":{"self":[{"href":"https:\/\/ledison.hr\/en\/wp-json\/wp\/v2\/product\/119395","targetHints":{"allow":["GET"]}}],"collection":[{"href":"https:\/\/ledison.hr\/en\/wp-json\/wp\/v2\/product"}],"about":[{"href":"https:\/\/ledison.hr\/en\/wp-json\/wp\/v2\/types\/product"}],"replies":[{"embeddable":true,"href":"https:\/\/ledison.hr\/en\/wp-json\/wp\/v2\/comments?post=119395"}],"wp:featuredmedia":[{"embeddable":true,"href":"https:\/\/ledison.hr\/en\/wp-json\/wp\/v2\/media\/119396"}],"wp:attachment":[{"href":"https:\/\/ledison.hr\/en\/wp-json\/wp\/v2\/media?parent=119395"}],"wp:term":[{"taxonomy":"product_brand","embeddable":true,"href":"https:\/\/ledison.hr\/en\/wp-json\/wp\/v2\/product_brand?post=119395"},{"taxonomy":"product_cat","embeddable":true,"href":"https:\/\/ledison.hr\/en\/wp-json\/wp\/v2\/product_cat?post=119395"},{"taxonomy":"product_tag","embeddable":true,"href":"https:\/\/ledison.hr\/en\/wp-json\/wp\/v2\/product_tag?post=119395"}],"curies":[{"name":"wp","href":"https:\/\/api.w.org\/{rel}","templated":true}]}}