{"id":119857,"date":"2024-10-01T15:33:26","date_gmt":"2024-10-01T13:33:26","guid":{"rendered":"https:\/\/ledison.hr\/?post_type=product&#038;p=119857"},"modified":"2026-01-22T13:22:35","modified_gmt":"2026-01-22T12:22:35","slug":"led-zarulja-wellmax-e27-13w-1200lm-80w-3000k","status":"publish","type":"product","link":"https:\/\/ledison.hr\/en\/web-trgovina\/zarulje-i-cijevi\/grlo-e14-e27\/led-zarulja-wellmax-e27-13w-1200lm-80w-3000k\/","title":{"rendered":"LED \u017darulja Wellmax E27 &#8211; 13W 1200lm (80W) 3000K"},"content":{"rendered":"<ul>\n<li>Potro\u0161nja (Snaga): 13W<\/li>\n<li>Ekvivalent za klasi\u010dnu: 80W<\/li>\n<li>Radni napon: AC 220V-240V<\/li>\n<li>Svjetlosni tok: 1200 lm<\/li>\n<li>LED Chip: Samsung<\/li>\n<li>Grlo (Navoj): E27<\/li>\n<li>Oblik \u017earulje: A65<\/li>\n<li>Boja svjetlosti: Toplo bijela<\/li>\n<li>Temperatura boje: 3000K<\/li>\n<li>Index uzvrata boje (CRI): &gt;80<\/li>\n<li>Kut osvjetljavanja: 230\u00b0<\/li>\n<li>IP faktor zastite: IP20<\/li>\n<li>Radni napon: AC 220V-240V<\/li>\n<li>Dimabilna: NE<\/li>\n<li>O\u010dekivani \u017eivotni vijek: 25000 h<\/li>\n<li>Broj ON\/OFF ciklusa: &gt;12500<\/li>\n<li>Certifikati: CE RoHS<\/li>\n<\/ul>\n","protected":false},"excerpt":{"rendered":"<p>Kvalitetna Wellmax Ballet LED E27 \u017earulja s originalnim Samsung SMD chipovima potro\u0161nje 13W isporu\u010duje 1200lm tople bijele svjetlosti od 3000K \u0161to je pribli\u017eno kao klasi\u010dna \u017earulja sod 80W.<\/p>\n","protected":false},"featured_media":119858,"comment_status":"open","ping_status":"closed","template":"","meta":{"_acf_changed":false},"product_brand":[],"product_cat":[1339,1475],"product_tag":[],"class_list":{"0":"post-119857","1":"product","2":"type-product","3":"status-publish","4":"has-post-thumbnail","6":"product_cat-grlo-e14-e27","7":"product_cat-zarulje-i-cijevi","10":"first","11":"instock","12":"taxable","13":"shipping-taxable","14":"purchasable","15":"product-type-simple"},"acf":[],"_links":{"self":[{"href":"https:\/\/ledison.hr\/en\/wp-json\/wp\/v2\/product\/119857","targetHints":{"allow":["GET"]}}],"collection":[{"href":"https:\/\/ledison.hr\/en\/wp-json\/wp\/v2\/product"}],"about":[{"href":"https:\/\/ledison.hr\/en\/wp-json\/wp\/v2\/types\/product"}],"replies":[{"embeddable":true,"href":"https:\/\/ledison.hr\/en\/wp-json\/wp\/v2\/comments?post=119857"}],"wp:featuredmedia":[{"embeddable":true,"href":"https:\/\/ledison.hr\/en\/wp-json\/wp\/v2\/media\/119858"}],"wp:attachment":[{"href":"https:\/\/ledison.hr\/en\/wp-json\/wp\/v2\/media?parent=119857"}],"wp:term":[{"taxonomy":"product_brand","embeddable":true,"href":"https:\/\/ledison.hr\/en\/wp-json\/wp\/v2\/product_brand?post=119857"},{"taxonomy":"product_cat","embeddable":true,"href":"https:\/\/ledison.hr\/en\/wp-json\/wp\/v2\/product_cat?post=119857"},{"taxonomy":"product_tag","embeddable":true,"href":"https:\/\/ledison.hr\/en\/wp-json\/wp\/v2\/product_tag?post=119857"}],"curies":[{"name":"wp","href":"https:\/\/api.w.org\/{rel}","templated":true}]}}