{"id":119974,"date":"2025-10-22T12:14:42","date_gmt":"2025-10-22T10:14:42","guid":{"rendered":"https:\/\/ledison.hr\/?post_type=product&#038;p=119974"},"modified":"2026-04-10T09:55:55","modified_gmt":"2026-04-10T07:55:55","slug":"led-alu-profil-ugradni-p02-2m-crni","status":"publish","type":"product","link":"https:\/\/ledison.hr\/en\/web-trgovina\/trake-i-moduli\/profili-aluminijski\/led-alu-profil-ugradni-p02-2m-crni\/","title":{"rendered":"LED Alu Profil Ugradni (P02), 2m, Crni"},"content":{"rendered":"<ul>\n<li>Du\u017eina profila: 2 m<\/li>\n<li>Tip profila: Ugradni<\/li>\n<li>Materijal profila: Aluminij<\/li>\n<li><strong>Boja: Crni<\/strong><\/li>\n<li>Max. \u0161irina trake: 12 mm<\/li>\n<li>\u0160irina profila: 24.5 mm<\/li>\n<li>\u0160irina profila za frezat: 15.5 mm<\/li>\n<li>Dubina profila: 6.05 mm<\/li>\n<li>Pokrov: Opal (mlije\u010dni)<\/li>\n<li>Propusnost svjetla: 80%<\/li>\n<\/ul>\n<p><strong>*Pakiranje sadr\u017ei: ALU profil, opal (pokrov), zavr\u0161ne kapice.*<\/strong><\/p>\n<p>*Mogu\u0107a kupnja crnog difuzora za ovaj model alu profila*<\/p>\n","protected":false},"excerpt":{"rendered":"<p>Ugradni Aluminijski profil za LED Trake P02 (Crni) u kompletu s mlije\u010dnim pokrovom te zavr\u0161nim kapicama duljine 2m.<\/p>\n<div>\n<p>\u26a0\ufe0f\u00a0NIJE MOGU\u0106A DOSTAVA U NA\u0160EM ARAN\u017dMANU \u26a0\ufe0f<\/p>\n<\/div>\n","protected":false},"featured_media":119975,"comment_status":"open","ping_status":"closed","template":"","meta":{"_acf_changed":false},"product_brand":[],"product_cat":[1274,1285],"product_tag":[],"class_list":{"0":"post-119974","1":"product","2":"type-product","3":"status-publish","4":"has-post-thumbnail","6":"product_cat-trake-i-moduli","7":"product_cat-profili-aluminijski","10":"first","11":"instock","12":"taxable","13":"shipping-taxable","14":"purchasable","15":"product-type-simple"},"acf":[],"_links":{"self":[{"href":"https:\/\/ledison.hr\/en\/wp-json\/wp\/v2\/product\/119974","targetHints":{"allow":["GET"]}}],"collection":[{"href":"https:\/\/ledison.hr\/en\/wp-json\/wp\/v2\/product"}],"about":[{"href":"https:\/\/ledison.hr\/en\/wp-json\/wp\/v2\/types\/product"}],"replies":[{"embeddable":true,"href":"https:\/\/ledison.hr\/en\/wp-json\/wp\/v2\/comments?post=119974"}],"wp:featuredmedia":[{"embeddable":true,"href":"https:\/\/ledison.hr\/en\/wp-json\/wp\/v2\/media\/119975"}],"wp:attachment":[{"href":"https:\/\/ledison.hr\/en\/wp-json\/wp\/v2\/media?parent=119974"}],"wp:term":[{"taxonomy":"product_brand","embeddable":true,"href":"https:\/\/ledison.hr\/en\/wp-json\/wp\/v2\/product_brand?post=119974"},{"taxonomy":"product_cat","embeddable":true,"href":"https:\/\/ledison.hr\/en\/wp-json\/wp\/v2\/product_cat?post=119974"},{"taxonomy":"product_tag","embeddable":true,"href":"https:\/\/ledison.hr\/en\/wp-json\/wp\/v2\/product_tag?post=119974"}],"curies":[{"name":"wp","href":"https:\/\/api.w.org\/{rel}","templated":true}]}}