{"id":119977,"date":"2025-10-22T12:35:01","date_gmt":"2025-10-22T10:35:01","guid":{"rendered":"https:\/\/ledison.hr\/?post_type=product&#038;p=119977"},"modified":"2026-02-18T16:51:02","modified_gmt":"2026-02-18T15:51:02","slug":"crni-difuzor-za-alu-profil-n02-p02-2m","status":"publish","type":"product","link":"https:\/\/ledison.hr\/en\/web-trgovina\/trake-i-moduli\/profili-aluminijski\/crni-difuzor-za-alu-profil-n02-p02-2m\/","title":{"rendered":"Crni Difuzor za ALU profil (N02, P02), 2m"},"content":{"rendered":"<ul>\n<li>Du\u017eina difuzora: 2 m<\/li>\n<li>Tip profila: Nadgradni i Ugradni (N02, P02)<\/li>\n<li>Materijal profila: Mlje\u010dna plastika<\/li>\n<\/ul>\n<p>&nbsp;<\/p>\n","protected":false},"excerpt":{"rendered":"<p>Crni Difuzor za ALU profil Nadgradni i Ugradni (N02, P02) 2m.<\/p>\n<p>\u26a0\ufe0f\u00a0NIJE MOGU\u0106A DOSTAVA U NA\u0160EM ARAN\u017dMANU \u26a0\ufe0f<\/p>\n","protected":false},"featured_media":119978,"comment_status":"open","ping_status":"closed","template":"","meta":{"_acf_changed":false},"product_brand":[],"product_cat":[1274,1285],"product_tag":[],"class_list":{"0":"post-119977","1":"product","2":"type-product","3":"status-publish","4":"has-post-thumbnail","6":"product_cat-trake-i-moduli","7":"product_cat-profili-aluminijski","10":"first","11":"instock","12":"taxable","13":"shipping-taxable","14":"purchasable","15":"product-type-simple"},"acf":[],"_links":{"self":[{"href":"https:\/\/ledison.hr\/en\/wp-json\/wp\/v2\/product\/119977","targetHints":{"allow":["GET"]}}],"collection":[{"href":"https:\/\/ledison.hr\/en\/wp-json\/wp\/v2\/product"}],"about":[{"href":"https:\/\/ledison.hr\/en\/wp-json\/wp\/v2\/types\/product"}],"replies":[{"embeddable":true,"href":"https:\/\/ledison.hr\/en\/wp-json\/wp\/v2\/comments?post=119977"}],"wp:featuredmedia":[{"embeddable":true,"href":"https:\/\/ledison.hr\/en\/wp-json\/wp\/v2\/media\/119978"}],"wp:attachment":[{"href":"https:\/\/ledison.hr\/en\/wp-json\/wp\/v2\/media?parent=119977"}],"wp:term":[{"taxonomy":"product_brand","embeddable":true,"href":"https:\/\/ledison.hr\/en\/wp-json\/wp\/v2\/product_brand?post=119977"},{"taxonomy":"product_cat","embeddable":true,"href":"https:\/\/ledison.hr\/en\/wp-json\/wp\/v2\/product_cat?post=119977"},{"taxonomy":"product_tag","embeddable":true,"href":"https:\/\/ledison.hr\/en\/wp-json\/wp\/v2\/product_tag?post=119977"}],"curies":[{"name":"wp","href":"https:\/\/api.w.org\/{rel}","templated":true}]}}