{"id":120005,"date":"2025-10-29T13:21:24","date_gmt":"2025-10-29T12:21:24","guid":{"rendered":"https:\/\/ledison.hr\/?post_type=product&#038;p=120005"},"modified":"2026-03-16T16:05:25","modified_gmt":"2026-03-16T15:05:25","slug":"led-stolna-svjetiljka-noblite-7w-3cct-crna","status":"publish","type":"product","link":"https:\/\/ledison.hr\/en\/web-trgovina\/svjetiljke-armature\/stolne-led-svjetiljke\/led-stolna-svjetiljka-noblite-7w-3cct-crna\/","title":{"rendered":"LED Stolna svjetiljka Noblite &#8211; 7W, 3CCT, Crna"},"content":{"rendered":"<ul>\n<li>Napon: 220-240V \/ 50-60HZ<\/li>\n<li>Potro\u0161nja: <strong>7W<\/strong><\/li>\n<li>Svjetlosni tok: 460lm<\/li>\n<li>Faktor za\u0161tite: <strong>IP20<\/strong><\/li>\n<li>Boja: Crna<\/li>\n<li>Materijal: Plastika<\/li>\n<li>Boja svjetlosti:\u00a0<strong>3CCT<\/strong><\/li>\n<li>Radni vijek: 25000 radnih sati<\/li>\n<li>Dimabilna: Da<\/li>\n<li>CRI Index: &gt;80<\/li>\n<li>Kut svjetlosti: 120 \u00b0<\/li>\n<li>Certifikati: CE, RoHS<\/li>\n<li>Du\u017eina kabela: 1m<\/li>\n<\/ul>\n<p><a href=\"https:\/\/ledison.hr\/wp-content\/uploads\/2025\/10\/desk-lamp-led-noblite-n-7w-3cct-black-led2b-63a17799cc13483e9733f17dcccf83dc-8daf6a5c.jpg\"><img loading=\"lazy\" decoding=\"async\" class=\"alignnone size-full wp-image-120008\" src=\"https:\/\/ledison.hr\/wp-content\/uploads\/2025\/10\/desk-lamp-led-noblite-n-7w-3cct-black-led2b-63a17799cc13483e9733f17dcccf83dc-8daf6a5c.jpg\" alt=\"\" width=\"600\" height=\"600\" srcset=\"https:\/\/ledison.hr\/wp-content\/uploads\/2025\/10\/desk-lamp-led-noblite-n-7w-3cct-black-led2b-63a17799cc13483e9733f17dcccf83dc-8daf6a5c.jpg 600w, https:\/\/ledison.hr\/wp-content\/uploads\/2025\/10\/desk-lamp-led-noblite-n-7w-3cct-black-led2b-63a17799cc13483e9733f17dcccf83dc-8daf6a5c-300x300.jpg 300w, https:\/\/ledison.hr\/wp-content\/uploads\/2025\/10\/desk-lamp-led-noblite-n-7w-3cct-black-led2b-63a17799cc13483e9733f17dcccf83dc-8daf6a5c-150x150.jpg 150w, https:\/\/ledison.hr\/wp-content\/uploads\/2025\/10\/desk-lamp-led-noblite-n-7w-3cct-black-led2b-63a17799cc13483e9733f17dcccf83dc-8daf6a5c-145x145.jpg 145w, https:\/\/ledison.hr\/wp-content\/uploads\/2025\/10\/desk-lamp-led-noblite-n-7w-3cct-black-led2b-63a17799cc13483e9733f17dcccf83dc-8daf6a5c-50x50.jpg 50w, https:\/\/ledison.hr\/wp-content\/uploads\/2025\/10\/desk-lamp-led-noblite-n-7w-3cct-black-led2b-63a17799cc13483e9733f17dcccf83dc-8daf6a5c-100x100.jpg 100w\" sizes=\"auto, (max-width: 600px) 100vw, 600px\" \/><\/a><\/p>\n","protected":false},"excerpt":{"rendered":"<p>Stolna LED dimabilna svjetiljka snage 7W sa mogu\u0107no\u0161\u0107u biranja temperature boje 3CCT.<\/p>\n","protected":false},"featured_media":120006,"comment_status":"open","ping_status":"closed","template":"","meta":{"_acf_changed":false},"product_brand":[],"product_cat":[1283,1284],"product_tag":[],"class_list":{"0":"post-120005","1":"product","2":"type-product","3":"status-publish","4":"has-post-thumbnail","6":"product_cat-svjetiljke-armature","7":"product_cat-stolne-led-svjetiljke","10":"first","11":"outofstock","12":"taxable","13":"shipping-taxable","14":"purchasable","15":"product-type-simple"},"acf":[],"_links":{"self":[{"href":"https:\/\/ledison.hr\/en\/wp-json\/wp\/v2\/product\/120005","targetHints":{"allow":["GET"]}}],"collection":[{"href":"https:\/\/ledison.hr\/en\/wp-json\/wp\/v2\/product"}],"about":[{"href":"https:\/\/ledison.hr\/en\/wp-json\/wp\/v2\/types\/product"}],"replies":[{"embeddable":true,"href":"https:\/\/ledison.hr\/en\/wp-json\/wp\/v2\/comments?post=120005"}],"wp:featuredmedia":[{"embeddable":true,"href":"https:\/\/ledison.hr\/en\/wp-json\/wp\/v2\/media\/120006"}],"wp:attachment":[{"href":"https:\/\/ledison.hr\/en\/wp-json\/wp\/v2\/media?parent=120005"}],"wp:term":[{"taxonomy":"product_brand","embeddable":true,"href":"https:\/\/ledison.hr\/en\/wp-json\/wp\/v2\/product_brand?post=120005"},{"taxonomy":"product_cat","embeddable":true,"href":"https:\/\/ledison.hr\/en\/wp-json\/wp\/v2\/product_cat?post=120005"},{"taxonomy":"product_tag","embeddable":true,"href":"https:\/\/ledison.hr\/en\/wp-json\/wp\/v2\/product_tag?post=120005"}],"curies":[{"name":"wp","href":"https:\/\/api.w.org\/{rel}","templated":true}]}}