{"id":120088,"date":"2025-11-11T13:32:44","date_gmt":"2025-11-11T12:32:44","guid":{"rendered":"https:\/\/ledison.hr\/?post_type=product&#038;p=120088"},"modified":"2026-03-12T14:20:59","modified_gmt":"2026-03-12T13:20:59","slug":"led-alu-profil-ugradni-za-knauf-gp02-2m","status":"publish","type":"product","link":"https:\/\/ledison.hr\/en\/web-trgovina\/trake-i-moduli\/profili-aluminijski\/led-alu-profil-ugradni-za-knauf-gp02-2m\/","title":{"rendered":"LED Alu Profil Ugradni za knauf (GP02), 2m"},"content":{"rendered":"<ul>\n<li>Du\u017eina profila: 2 m<\/li>\n<li>Tip profila: Ugradni<\/li>\n<li>Materijal profila: Aluminij<\/li>\n<li><strong>Boja: ALU<\/strong><\/li>\n<li>Max. \u0161irina trake: 12 mm<\/li>\n<li>\u0160irina profila: 15 mm<\/li>\n<li>\u0160irina profila sa mre\u017eicom za gletanje: 55 mm<\/li>\n<li>Dubina profila: 13 mm<\/li>\n<li>Pokrov: Opal (frosted)<\/li>\n<li>Propusnost svjetla: 80%<\/li>\n<\/ul>\n<p><strong>*Pakiranje sadr\u017ei: ALU profil, opal (pokrov), zavr\u0161ne kapice.*<\/strong><\/p>\n<p><a href=\"https:\/\/ledison.hr\/wp-content\/uploads\/2025\/11\/Upute-za-ugradnju-knauf-profil1.png\"><img loading=\"lazy\" decoding=\"async\" class=\"alignnone size-full wp-image-120150\" src=\"https:\/\/ledison.hr\/wp-content\/uploads\/2025\/11\/Upute-za-ugradnju-knauf-profil1.png\" alt=\"\" width=\"1000\" height=\"1000\" srcset=\"https:\/\/ledison.hr\/wp-content\/uploads\/2025\/11\/Upute-za-ugradnju-knauf-profil1.png 1000w, https:\/\/ledison.hr\/wp-content\/uploads\/2025\/11\/Upute-za-ugradnju-knauf-profil1-300x300.png 300w, https:\/\/ledison.hr\/wp-content\/uploads\/2025\/11\/Upute-za-ugradnju-knauf-profil1-800x800.png 800w, https:\/\/ledison.hr\/wp-content\/uploads\/2025\/11\/Upute-za-ugradnju-knauf-profil1-150x150.png 150w, https:\/\/ledison.hr\/wp-content\/uploads\/2025\/11\/Upute-za-ugradnju-knauf-profil1-768x768.png 768w, https:\/\/ledison.hr\/wp-content\/uploads\/2025\/11\/Upute-za-ugradnju-knauf-profil1-145x145.png 145w, https:\/\/ledison.hr\/wp-content\/uploads\/2025\/11\/Upute-za-ugradnju-knauf-profil1-50x50.png 50w, https:\/\/ledison.hr\/wp-content\/uploads\/2025\/11\/Upute-za-ugradnju-knauf-profil1-600x600.png 600w, https:\/\/ledison.hr\/wp-content\/uploads\/2025\/11\/Upute-za-ugradnju-knauf-profil1-100x100.png 100w\" sizes=\"auto, (max-width: 1000px) 100vw, 1000px\" \/><\/a><\/p>\n","protected":false},"excerpt":{"rendered":"<p>Ugradni Aluminijski profil za LED Trake GP02 u kompletu s frosted pokrovom te zavr\u0161nim kapicama duljine 2m.<\/p>\n<div>\n<p>\u26a0\ufe0f\u00a0NIJE MOGU\u0106A DOSTAVA U NA\u0160EM ARAN\u017dMANU \u26a0\ufe0f<\/p>\n<\/div>\n","protected":false},"featured_media":120089,"comment_status":"open","ping_status":"closed","template":"","meta":{"_acf_changed":false},"product_brand":[],"product_cat":[1274,1285],"product_tag":[],"class_list":{"0":"post-120088","1":"product","2":"type-product","3":"status-publish","4":"has-post-thumbnail","6":"product_cat-trake-i-moduli","7":"product_cat-profili-aluminijski","10":"first","11":"instock","12":"taxable","13":"shipping-taxable","14":"purchasable","15":"product-type-simple"},"acf":[],"_links":{"self":[{"href":"https:\/\/ledison.hr\/en\/wp-json\/wp\/v2\/product\/120088","targetHints":{"allow":["GET"]}}],"collection":[{"href":"https:\/\/ledison.hr\/en\/wp-json\/wp\/v2\/product"}],"about":[{"href":"https:\/\/ledison.hr\/en\/wp-json\/wp\/v2\/types\/product"}],"replies":[{"embeddable":true,"href":"https:\/\/ledison.hr\/en\/wp-json\/wp\/v2\/comments?post=120088"}],"wp:featuredmedia":[{"embeddable":true,"href":"https:\/\/ledison.hr\/en\/wp-json\/wp\/v2\/media\/120089"}],"wp:attachment":[{"href":"https:\/\/ledison.hr\/en\/wp-json\/wp\/v2\/media?parent=120088"}],"wp:term":[{"taxonomy":"product_brand","embeddable":true,"href":"https:\/\/ledison.hr\/en\/wp-json\/wp\/v2\/product_brand?post=120088"},{"taxonomy":"product_cat","embeddable":true,"href":"https:\/\/ledison.hr\/en\/wp-json\/wp\/v2\/product_cat?post=120088"},{"taxonomy":"product_tag","embeddable":true,"href":"https:\/\/ledison.hr\/en\/wp-json\/wp\/v2\/product_tag?post=120088"}],"curies":[{"name":"wp","href":"https:\/\/api.w.org\/{rel}","templated":true}]}}