{"id":120225,"date":"2026-01-23T14:29:19","date_gmt":"2026-01-23T13:29:19","guid":{"rendered":"https:\/\/ledison.hr\/?post_type=product&#038;p=120225"},"modified":"2026-02-04T14:38:18","modified_gmt":"2026-02-04T13:38:18","slug":"led-traka-el-cob-rgbw3000k-20w-m-896-24v-ip20-5m","status":"publish","type":"product","link":"https:\/\/ledison.hr\/en\/web-trgovina\/trake-i-moduli\/cob-led-trake\/cob-trake-rgb\/led-traka-el-cob-rgbw3000k-20w-m-896-24v-ip20-5m\/","title":{"rendered":"LED Traka EL COB RGBW+3000K-20W\/m, 896-24V, IP20, 5m"},"content":{"rendered":"<ul>\n<li>Snaga (Potro\u0161nja): <strong>20W\/m<\/strong><\/li>\n<li>Svjetlosni tok: 435 lm\/m<\/li>\n<li>CCT: RGB + 3000K<\/li>\n<li>Radni napon: <strong>DC 24V<\/strong><\/li>\n<li>Index uzvrata boje: CRI&gt;80<\/li>\n<li>Broj i tip LED dioda: 896 kom COB\/m<\/li>\n<li>Kut osvjetljenja: 120 stupnjeva<\/li>\n<li>\u0160irina trake PCB: 12 mm<\/li>\n<li>Du\u017eina role: <strong>5 metara<\/strong><\/li>\n<li>Vodootporna: NE<\/li>\n<\/ul>\n<p>*Preporuka svakih 5 metara provu\u0107i kablove od trake do napajanja zbog pada napona.*<br \/>\n*Traka se mo\u017ee rezati svakih 3.2 cm*<\/p>\n<p><a href=\"https:\/\/ledison.hr\/wp-content\/uploads\/2024\/10\/cob-rgb.jpg\"><img loading=\"lazy\" decoding=\"async\" class=\"alignnone size-full wp-image-118768\" src=\"https:\/\/ledison.hr\/wp-content\/uploads\/2024\/10\/cob-rgb.jpg\" alt=\"\" width=\"600\" height=\"600\" srcset=\"https:\/\/ledison.hr\/wp-content\/uploads\/2024\/10\/cob-rgb.jpg 600w, https:\/\/ledison.hr\/wp-content\/uploads\/2024\/10\/cob-rgb-300x300.jpg 300w, https:\/\/ledison.hr\/wp-content\/uploads\/2024\/10\/cob-rgb-150x150.jpg 150w, https:\/\/ledison.hr\/wp-content\/uploads\/2024\/10\/cob-rgb-145x145.jpg 145w, https:\/\/ledison.hr\/wp-content\/uploads\/2024\/10\/cob-rgb-50x50.jpg 50w, https:\/\/ledison.hr\/wp-content\/uploads\/2024\/10\/cob-rgb-100x100.jpg 100w\" sizes=\"auto, (max-width: 600px) 100vw, 600px\" \/><\/a><\/p>\n","protected":false},"excerpt":{"rendered":"<p>COB (ChipOnBoard) je nova tehnologija izrade LED traka koja osigurava \u010distu svjetlosnu liniju bez svjetlosnih to\u010dkica koje su karakteristi\u010dne za uobi\u010dajene SMD LED trake a dodatno ima znatno \u0161iri kut svjetla te veliku fleksibilnost i mehani\u010dku otpornost.<\/p>\n","protected":false},"featured_media":120226,"comment_status":"open","ping_status":"closed","template":"","meta":{"_acf_changed":false},"product_brand":[],"product_cat":[1274,1559,1364,1323],"product_tag":[],"class_list":{"0":"post-120225","1":"product","2":"type-product","3":"status-publish","4":"has-post-thumbnail","6":"product_cat-trake-i-moduli","7":"product_cat-cob-trake-rgb","8":"product_cat-cob-led-trake","9":"product_cat-led-kolor-trake","12":"first","13":"onbackorder","14":"taxable","15":"shipping-taxable","16":"purchasable","17":"product-type-simple"},"acf":[],"_links":{"self":[{"href":"https:\/\/ledison.hr\/en\/wp-json\/wp\/v2\/product\/120225","targetHints":{"allow":["GET"]}}],"collection":[{"href":"https:\/\/ledison.hr\/en\/wp-json\/wp\/v2\/product"}],"about":[{"href":"https:\/\/ledison.hr\/en\/wp-json\/wp\/v2\/types\/product"}],"replies":[{"embeddable":true,"href":"https:\/\/ledison.hr\/en\/wp-json\/wp\/v2\/comments?post=120225"}],"wp:featuredmedia":[{"embeddable":true,"href":"https:\/\/ledison.hr\/en\/wp-json\/wp\/v2\/media\/120226"}],"wp:attachment":[{"href":"https:\/\/ledison.hr\/en\/wp-json\/wp\/v2\/media?parent=120225"}],"wp:term":[{"taxonomy":"product_brand","embeddable":true,"href":"https:\/\/ledison.hr\/en\/wp-json\/wp\/v2\/product_brand?post=120225"},{"taxonomy":"product_cat","embeddable":true,"href":"https:\/\/ledison.hr\/en\/wp-json\/wp\/v2\/product_cat?post=120225"},{"taxonomy":"product_tag","embeddable":true,"href":"https:\/\/ledison.hr\/en\/wp-json\/wp\/v2\/product_tag?post=120225"}],"curies":[{"name":"wp","href":"https:\/\/api.w.org\/{rel}","templated":true}]}}