{"id":120247,"date":"2026-01-27T13:41:06","date_gmt":"2026-01-27T12:41:06","guid":{"rendered":"https:\/\/ledison.hr\/?post_type=product&#038;p=120247"},"modified":"2026-02-20T11:00:35","modified_gmt":"2026-02-20T10:00:35","slug":"led-stolna-armatura-auriq-1xe27-crna","status":"publish","type":"product","link":"https:\/\/ledison.hr\/en\/web-trgovina\/svjetiljke-armature\/stolne-led-svjetiljke\/led-stolna-armatura-auriq-1xe27-crna\/","title":{"rendered":"LED Stolna Armatura AURIQ  &#8211; 1xE27, Crna"},"content":{"rendered":"<ul>\n<li>Napon: 230V<\/li>\n<li>Grlo: <b>E27<\/b><\/li>\n<li>Faktor za\u0161tite: <strong>IP20<\/strong><\/li>\n<li>Boja: Crna<\/li>\n<\/ul>\n<p><strong>*Uz svjetiljku ne dolazi \u017earulja*<\/strong><\/p>\n<p><a href=\"https:\/\/ledison.hr\/wp-content\/uploads\/2026\/01\/AURIQ-1xE27-Black_3.jpg\"><img loading=\"lazy\" decoding=\"async\" class=\"alignnone size-full wp-image-120248\" src=\"https:\/\/ledison.hr\/wp-content\/uploads\/2026\/01\/AURIQ-1xE27-Black_3.jpg\" alt=\"\" width=\"600\" height=\"600\" srcset=\"https:\/\/ledison.hr\/wp-content\/uploads\/2026\/01\/AURIQ-1xE27-Black_3.jpg 600w, https:\/\/ledison.hr\/wp-content\/uploads\/2026\/01\/AURIQ-1xE27-Black_3-300x300.jpg 300w, https:\/\/ledison.hr\/wp-content\/uploads\/2026\/01\/AURIQ-1xE27-Black_3-150x150.jpg 150w, https:\/\/ledison.hr\/wp-content\/uploads\/2026\/01\/AURIQ-1xE27-Black_3-145x145.jpg 145w, https:\/\/ledison.hr\/wp-content\/uploads\/2026\/01\/AURIQ-1xE27-Black_3-50x50.jpg 50w, https:\/\/ledison.hr\/wp-content\/uploads\/2026\/01\/AURIQ-1xE27-Black_3-100x100.jpg 100w\" sizes=\"auto, (max-width: 600px) 100vw, 600px\" \/><\/a><\/p>\n","protected":false},"excerpt":{"rendered":"<div class=\"flex flex-col text-sm pb-25\">\n<article class=\"text-token-text-primary w-full focus:outline-none [--shadow-height:45px] has-data-writing-block:pointer-events-none has-data-writing-block:-mt-(--shadow-height) has-data-writing-block:pt-(--shadow-height) [&amp;:has([data-writing-block])&gt;*]:pointer-events-auto scroll-mt-[calc(var(--header-height)+min(200px,max(70px,20svh)))]\" dir=\"auto\" tabindex=\"-1\" data-turn-id=\"request-WEB:c6c3b442-b32f-4c86-93e0-031b3a36a96e-2\" data-testid=\"conversation-turn-6\" data-scroll-anchor=\"true\" data-turn=\"assistant\">\n<div class=\"text-base my-auto mx-auto pb-10 [--thread-content-margin:--spacing(4)] @w-sm\/main:[--thread-content-margin:--spacing(6)] @w-lg\/main:[--thread-content-margin:--spacing(16)] px-(--thread-content-margin)\">\n<div class=\"[--thread-content-max-width:40rem] @w-lg\/main:[--thread-content-max-width:48rem] mx-auto max-w-(--thread-content-max-width) flex-1 group\/turn-messages focus-visible:outline-hidden relative flex w-full min-w-0 flex-col agent-turn\" tabindex=\"-1\">\n<div class=\"flex max-w-full flex-col grow\">\n<div class=\"min-h-8 text-message relative flex w-full flex-col items-end gap-2 text-start break-words whitespace-normal [.text-message+&amp;]:mt-1\" dir=\"auto\" data-message-author-role=\"assistant\" data-message-id=\"7705e36d-f3e3-4fe7-95a4-f0625ade4cbb\" data-message-model-slug=\"gpt-5-2\">\n<div class=\"flex w-full flex-col gap-1 empty:hidden first:pt-[1px]\">\n<div class=\"markdown prose dark:prose-invert w-full wrap-break-word dark markdown-new-styling\">\n<p data-start=\"0\" data-end=\"259\" data-is-last-node=\"\" data-is-only-node=\"\">Stolna svjetiljka s dvije mogu\u0107nosti monta\u017ee: postavljanjem na bazu ili pri\u010dvr\u0161\u0107ivanjem vijcima, primjerice za radni stol. Omogu\u0107uje vertikalno pode\u0161avanje do 180\u00b0 i zakretanje sjenila za 360\u00b0. Duljina kabela iznosi pribli\u017eno 1 m.<\/p>\n<\/div>\n<\/div>\n<\/div>\n<\/div>\n<\/div>\n<\/div>\n<\/article>\n<\/div>\n","protected":false},"featured_media":120254,"comment_status":"open","ping_status":"closed","template":"","meta":{"_acf_changed":false},"product_brand":[],"product_cat":[1283,1284],"product_tag":[],"class_list":{"0":"post-120247","1":"product","2":"type-product","3":"status-publish","4":"has-post-thumbnail","6":"product_cat-svjetiljke-armature","7":"product_cat-stolne-led-svjetiljke","10":"first","11":"instock","12":"taxable","13":"shipping-taxable","14":"purchasable","15":"product-type-simple"},"acf":[],"_links":{"self":[{"href":"https:\/\/ledison.hr\/en\/wp-json\/wp\/v2\/product\/120247","targetHints":{"allow":["GET"]}}],"collection":[{"href":"https:\/\/ledison.hr\/en\/wp-json\/wp\/v2\/product"}],"about":[{"href":"https:\/\/ledison.hr\/en\/wp-json\/wp\/v2\/types\/product"}],"replies":[{"embeddable":true,"href":"https:\/\/ledison.hr\/en\/wp-json\/wp\/v2\/comments?post=120247"}],"wp:featuredmedia":[{"embeddable":true,"href":"https:\/\/ledison.hr\/en\/wp-json\/wp\/v2\/media\/120254"}],"wp:attachment":[{"href":"https:\/\/ledison.hr\/en\/wp-json\/wp\/v2\/media?parent=120247"}],"wp:term":[{"taxonomy":"product_brand","embeddable":true,"href":"https:\/\/ledison.hr\/en\/wp-json\/wp\/v2\/product_brand?post=120247"},{"taxonomy":"product_cat","embeddable":true,"href":"https:\/\/ledison.hr\/en\/wp-json\/wp\/v2\/product_cat?post=120247"},{"taxonomy":"product_tag","embeddable":true,"href":"https:\/\/ledison.hr\/en\/wp-json\/wp\/v2\/product_tag?post=120247"}],"curies":[{"name":"wp","href":"https:\/\/api.w.org\/{rel}","templated":true}]}}