{"id":120271,"date":"2026-01-27T13:40:25","date_gmt":"2026-01-27T12:40:25","guid":{"rendered":"https:\/\/ledison.hr\/?post_type=product&#038;p=120271"},"modified":"2026-03-13T18:12:48","modified_gmt":"2026-03-13T17:12:48","slug":"led-armatura-oh14-za-gu10-mr16-crna","status":"publish","type":"product","link":"https:\/\/ledison.hr\/en\/web-trgovina\/svjetiljke-armature\/gips-i-alu-armature\/led-armatura-oh14-za-gu10-mr16-crna\/","title":{"rendered":"LED Armatura OH14 za GU10\/MR16, Crna"},"content":{"rendered":"<p>*U pakiranju dolazi samo armatura, grlo i \u017earulja se kupuju zasebno.&#8221;<\/p>\n<p><a href=\"https:\/\/ledison.hr\/wp-content\/uploads\/2026\/01\/OH14-armatura-bijela_2.jpg\"><img loading=\"lazy\" decoding=\"async\" class=\"alignnone size-full wp-image-120261\" src=\"https:\/\/ledison.hr\/wp-content\/uploads\/2026\/01\/OH14-armatura-bijela_2.jpg\" alt=\"\" width=\"700\" height=\"700\" srcset=\"https:\/\/ledison.hr\/wp-content\/uploads\/2026\/01\/OH14-armatura-bijela_2.jpg 700w, https:\/\/ledison.hr\/wp-content\/uploads\/2026\/01\/OH14-armatura-bijela_2-300x300.jpg 300w, https:\/\/ledison.hr\/wp-content\/uploads\/2026\/01\/OH14-armatura-bijela_2-150x150.jpg 150w, https:\/\/ledison.hr\/wp-content\/uploads\/2026\/01\/OH14-armatura-bijela_2-145x145.jpg 145w, https:\/\/ledison.hr\/wp-content\/uploads\/2026\/01\/OH14-armatura-bijela_2-50x50.jpg 50w, https:\/\/ledison.hr\/wp-content\/uploads\/2026\/01\/OH14-armatura-bijela_2-600x600.jpg 600w, https:\/\/ledison.hr\/wp-content\/uploads\/2026\/01\/OH14-armatura-bijela_2-100x100.jpg 100w\" sizes=\"auto, (max-width: 700px) 100vw, 700px\" \/><\/a><\/p>\n","protected":false},"excerpt":{"rendered":"<div class=\"flex flex-col text-sm pb-25\">\n<article class=\"text-token-text-primary w-full focus:outline-none [--shadow-height:45px] has-data-writing-block:pointer-events-none has-data-writing-block:-mt-(--shadow-height) has-data-writing-block:pt-(--shadow-height) [&amp;:has([data-writing-block])&gt;*]:pointer-events-auto scroll-mt-[calc(var(--header-height)+min(200px,max(70px,20svh)))]\" dir=\"auto\" tabindex=\"-1\" data-turn-id=\"request-WEB:c6c3b442-b32f-4c86-93e0-031b3a36a96e-3\" data-testid=\"conversation-turn-8\" data-scroll-anchor=\"true\" data-turn=\"assistant\">\n<div class=\"text-base my-auto mx-auto pb-10 [--thread-content-margin:--spacing(4)] @w-sm\/main:[--thread-content-margin:--spacing(6)] @w-lg\/main:[--thread-content-margin:--spacing(16)] px-(--thread-content-margin)\">\n<div class=\"[--thread-content-max-width:40rem] @w-lg\/main:[--thread-content-max-width:48rem] mx-auto max-w-(--thread-content-max-width) flex-1 group\/turn-messages focus-visible:outline-hidden relative flex w-full min-w-0 flex-col agent-turn\" tabindex=\"-1\">\n<div class=\"flex max-w-full flex-col grow\">\n<div class=\"min-h-8 text-message relative flex w-full flex-col items-end gap-2 text-start break-words whitespace-normal [.text-message+&amp;]:mt-1\" dir=\"auto\" data-message-author-role=\"assistant\" data-message-id=\"e4f8e504-c6d6-4868-adc6-9eb763825cd7\" data-message-model-slug=\"gpt-5-2\">\n<div class=\"flex w-full flex-col gap-1 empty:hidden first:pt-[1px]\">\n<div class=\"markdown prose dark:prose-invert w-full wrap-break-word dark markdown-new-styling\">\n<p data-start=\"0\" data-end=\"218\" data-is-last-node=\"\" data-is-only-node=\"\">OH14 je fiksni dekorativni prsten namijenjen za ugradnju u spu\u0161tene stropove. Pru\u017ea elegantnu zavr\u0161nu obradu rasvjetnih tijela te se skladno uklapa u moderne i klasi\u010dne interijere.<\/p>\n<\/div>\n<\/div>\n<\/div>\n<\/div>\n<\/div>\n<\/div>\n<\/article>\n<\/div>\n","protected":false},"featured_media":120274,"comment_status":"open","ping_status":"closed","template":"","meta":{"_acf_changed":false},"product_brand":[],"product_cat":[1283,1333],"product_tag":[],"class_list":{"0":"post-120271","1":"product","2":"type-product","3":"status-publish","4":"has-post-thumbnail","6":"product_cat-svjetiljke-armature","7":"product_cat-gips-i-alu-armature","10":"first","11":"instock","12":"taxable","13":"shipping-taxable","14":"purchasable","15":"product-type-simple"},"acf":[],"_links":{"self":[{"href":"https:\/\/ledison.hr\/en\/wp-json\/wp\/v2\/product\/120271","targetHints":{"allow":["GET"]}}],"collection":[{"href":"https:\/\/ledison.hr\/en\/wp-json\/wp\/v2\/product"}],"about":[{"href":"https:\/\/ledison.hr\/en\/wp-json\/wp\/v2\/types\/product"}],"replies":[{"embeddable":true,"href":"https:\/\/ledison.hr\/en\/wp-json\/wp\/v2\/comments?post=120271"}],"wp:featuredmedia":[{"embeddable":true,"href":"https:\/\/ledison.hr\/en\/wp-json\/wp\/v2\/media\/120274"}],"wp:attachment":[{"href":"https:\/\/ledison.hr\/en\/wp-json\/wp\/v2\/media?parent=120271"}],"wp:term":[{"taxonomy":"product_brand","embeddable":true,"href":"https:\/\/ledison.hr\/en\/wp-json\/wp\/v2\/product_brand?post=120271"},{"taxonomy":"product_cat","embeddable":true,"href":"https:\/\/ledison.hr\/en\/wp-json\/wp\/v2\/product_cat?post=120271"},{"taxonomy":"product_tag","embeddable":true,"href":"https:\/\/ledison.hr\/en\/wp-json\/wp\/v2\/product_tag?post=120271"}],"curies":[{"name":"wp","href":"https:\/\/api.w.org\/{rel}","templated":true}]}}