{"id":120341,"date":"2026-02-10T15:50:52","date_gmt":"2026-02-10T14:50:52","guid":{"rendered":"https:\/\/ledison.hr\/?post_type=product&#038;p=120341"},"modified":"2026-03-24T16:39:59","modified_gmt":"2026-03-24T15:39:59","slug":"led-zarulja-el-mr16-5w-3000k-12v","status":"publish","type":"product","link":"https:\/\/ledison.hr\/en\/web-trgovina\/zarulje-i-cijevi\/grlo-gu10-mr16\/led-zarulja-el-mr16-5w-3000k-12v\/","title":{"rendered":"LED \u017darulja EL MR16 \u2013 5W 3000K 12V"},"content":{"rendered":"<p>Tip grla: MR16<br \/>\nSnaga: 5 W<br \/>\nBoja svjetlosti: 3000 K<br \/>\nIP stupanj za\u0161tite: IP20<br \/>\nNapon: 12V<br \/>\nSvjetlosna u\u010dinkovitost: 450lm<br \/>\nKut svjetlosti: 120 \u00b0<br \/>\nRadni vijek: 20 000 radnih sati<br \/>\nDimenzije artikla: \u00d8 50 x 47 mm<\/p>\n","protected":false},"excerpt":{"rendered":"<div>\n<p>LED MR16 \u017earulja potro\u0161nje 5W isporu\u010duje 450lm tople bijele svjetlosti temperature boje 3000K. Radi na 12V naponu.<\/p>\n<\/div>\n","protected":false},"featured_media":120344,"comment_status":"open","ping_status":"closed","template":"","meta":{"_acf_changed":false},"product_brand":[],"product_cat":[1475,1363],"product_tag":[],"class_list":{"0":"post-120341","1":"product","2":"type-product","3":"status-publish","4":"has-post-thumbnail","6":"product_cat-zarulje-i-cijevi","7":"product_cat-grlo-gu10-mr16","10":"first","11":"instock","12":"taxable","13":"shipping-taxable","14":"purchasable","15":"product-type-simple"},"acf":[],"_links":{"self":[{"href":"https:\/\/ledison.hr\/en\/wp-json\/wp\/v2\/product\/120341","targetHints":{"allow":["GET"]}}],"collection":[{"href":"https:\/\/ledison.hr\/en\/wp-json\/wp\/v2\/product"}],"about":[{"href":"https:\/\/ledison.hr\/en\/wp-json\/wp\/v2\/types\/product"}],"replies":[{"embeddable":true,"href":"https:\/\/ledison.hr\/en\/wp-json\/wp\/v2\/comments?post=120341"}],"wp:featuredmedia":[{"embeddable":true,"href":"https:\/\/ledison.hr\/en\/wp-json\/wp\/v2\/media\/120344"}],"wp:attachment":[{"href":"https:\/\/ledison.hr\/en\/wp-json\/wp\/v2\/media?parent=120341"}],"wp:term":[{"taxonomy":"product_brand","embeddable":true,"href":"https:\/\/ledison.hr\/en\/wp-json\/wp\/v2\/product_brand?post=120341"},{"taxonomy":"product_cat","embeddable":true,"href":"https:\/\/ledison.hr\/en\/wp-json\/wp\/v2\/product_cat?post=120341"},{"taxonomy":"product_tag","embeddable":true,"href":"https:\/\/ledison.hr\/en\/wp-json\/wp\/v2\/product_tag?post=120341"}],"curies":[{"name":"wp","href":"https:\/\/api.w.org\/{rel}","templated":true}]}}