{"id":120487,"date":"2026-02-24T15:15:05","date_gmt":"2026-02-24T14:15:05","guid":{"rendered":"https:\/\/ledison.hr\/?post_type=product&#038;p=120487"},"modified":"2026-03-02T13:07:50","modified_gmt":"2026-03-02T12:07:50","slug":"led-zidna-armatura-querk-3-2xgu10-crna-ip54","status":"publish","type":"product","link":"https:\/\/ledison.hr\/en\/web-trgovina\/svjetiljke-armature\/zidne-led-svjetiljke\/led-zidna-armatura-querk-3-2xgu10-crna-ip54\/","title":{"rendered":"LED Zidna Armatura QUERK 3 &#8211; 2xGU10, Crna, IP54"},"content":{"rendered":"<ul>\n<li>Napon: AC 220-240 V<\/li>\n<li>Grlo: 2xGU10<\/li>\n<li>Faktor za\u0161tite: IP54<\/li>\n<li>Boja: Crna<\/li>\n<li>Materijal: ALU+glass<\/li>\n<li>Dimenzije artikla: 260mm x 65mm<\/li>\n<\/ul>\n<p><a href=\"https:\/\/ledison.hr\/wp-content\/uploads\/2026\/02\/QUERK-3-2xGU10.jpg\"><img loading=\"lazy\" decoding=\"async\" class=\"alignnone size-full wp-image-120490\" src=\"https:\/\/ledison.hr\/wp-content\/uploads\/2026\/02\/QUERK-3-2xGU10.jpg\" alt=\"\" width=\"700\" height=\"700\" srcset=\"https:\/\/ledison.hr\/wp-content\/uploads\/2026\/02\/QUERK-3-2xGU10.jpg 700w, https:\/\/ledison.hr\/wp-content\/uploads\/2026\/02\/QUERK-3-2xGU10-300x300.jpg 300w, https:\/\/ledison.hr\/wp-content\/uploads\/2026\/02\/QUERK-3-2xGU10-150x150.jpg 150w, https:\/\/ledison.hr\/wp-content\/uploads\/2026\/02\/QUERK-3-2xGU10-145x145.jpg 145w, https:\/\/ledison.hr\/wp-content\/uploads\/2026\/02\/QUERK-3-2xGU10-50x50.jpg 50w, https:\/\/ledison.hr\/wp-content\/uploads\/2026\/02\/QUERK-3-2xGU10-600x600.jpg 600w, https:\/\/ledison.hr\/wp-content\/uploads\/2026\/02\/QUERK-3-2xGU10-100x100.jpg 100w\" sizes=\"auto, (max-width: 700px) 100vw, 700px\" \/><\/a><\/p>\n","protected":false},"excerpt":{"rendered":"<p>QUERK 3 je dvosmjerno zidno svjetlo, savr\u0161eno za fasade, ulaze, dnevne boravke, stubi\u0161ta, pa \u010dak i kupaonice.<\/p>\n","protected":false},"featured_media":120492,"comment_status":"open","ping_status":"closed","template":"","meta":{"_acf_changed":false},"product_brand":[],"product_cat":[1298,1283,1399],"product_tag":[],"class_list":{"0":"post-120487","1":"product","2":"type-product","3":"status-publish","4":"has-post-thumbnail","6":"product_cat-zidne-led-svjetiljke","7":"product_cat-svjetiljke-armature","8":"product_cat-vrtne-svjetiljke","11":"first","12":"instock","13":"taxable","14":"shipping-taxable","15":"purchasable","16":"product-type-simple"},"acf":[],"_links":{"self":[{"href":"https:\/\/ledison.hr\/en\/wp-json\/wp\/v2\/product\/120487","targetHints":{"allow":["GET"]}}],"collection":[{"href":"https:\/\/ledison.hr\/en\/wp-json\/wp\/v2\/product"}],"about":[{"href":"https:\/\/ledison.hr\/en\/wp-json\/wp\/v2\/types\/product"}],"replies":[{"embeddable":true,"href":"https:\/\/ledison.hr\/en\/wp-json\/wp\/v2\/comments?post=120487"}],"wp:featuredmedia":[{"embeddable":true,"href":"https:\/\/ledison.hr\/en\/wp-json\/wp\/v2\/media\/120492"}],"wp:attachment":[{"href":"https:\/\/ledison.hr\/en\/wp-json\/wp\/v2\/media?parent=120487"}],"wp:term":[{"taxonomy":"product_brand","embeddable":true,"href":"https:\/\/ledison.hr\/en\/wp-json\/wp\/v2\/product_brand?post=120487"},{"taxonomy":"product_cat","embeddable":true,"href":"https:\/\/ledison.hr\/en\/wp-json\/wp\/v2\/product_cat?post=120487"},{"taxonomy":"product_tag","embeddable":true,"href":"https:\/\/ledison.hr\/en\/wp-json\/wp\/v2\/product_tag?post=120487"}],"curies":[{"name":"wp","href":"https:\/\/api.w.org\/{rel}","templated":true}]}}