{"id":120513,"date":"2026-02-24T15:48:43","date_gmt":"2026-02-24T14:48:43","guid":{"rendered":"https:\/\/ledison.hr\/?post_type=product&#038;p=120513"},"modified":"2026-03-02T13:06:28","modified_gmt":"2026-03-02T12:06:28","slug":"led-kabinet-wl-120-16w-3cct-230v-l120cm","status":"publish","type":"product","link":"https:\/\/ledison.hr\/en\/web-trgovina\/led-linearna-rasvjeta\/kabinet-led-rasvjeta\/led-kabinet-wl-120-16w-3cct-230v-l120cm\/","title":{"rendered":"LED Kabinet WL 120 &#8211; 16W, 3CCT, 230V, L=120cm"},"content":{"rendered":"<ul>\n<li><strong>Radni napon: 230V<\/strong><\/li>\n<li>Potro\u0161nja (Snaga): <strong>16W<\/strong><\/li>\n<li>Duljina: <strong>120 cm<\/strong><\/li>\n<li>Temperatura boje:\u00a0<strong>3CCT<\/strong><\/li>\n<li>Na\u010din uklju\u010divanja: <strong>ONN\/OFF\u00a0<\/strong>prekida\u010d<\/li>\n<li>Kut osvjetljavanja: 120 stupnjeva<\/li>\n<li>Faktor za\u0161tite: IP20<\/li>\n<\/ul>\n<div class=\"flex flex-col text-sm pb-25\">\n<article class=\"text-token-text-primary w-full focus:outline-none [--shadow-height:45px] has-data-writing-block:pointer-events-none has-data-writing-block:-mt-(--shadow-height) has-data-writing-block:pt-(--shadow-height) [&amp;:has([data-writing-block])&gt;*]:pointer-events-auto scroll-mt-[calc(var(--header-height)+min(200px,max(70px,20svh)))]\" dir=\"auto\" tabindex=\"-1\" data-turn-id=\"request-WEB:1b346727-79f1-484c-b5ae-d94d1ff60b4f-3\" data-testid=\"conversation-turn-8\" data-scroll-anchor=\"true\" data-turn=\"assistant\">\n<div class=\"text-base my-auto mx-auto pb-10 [--thread-content-margin:--spacing(4)] @w-sm\/main:[--thread-content-margin:--spacing(6)] @w-lg\/main:[--thread-content-margin:--spacing(16)] px-(--thread-content-margin)\">\n<div class=\"[--thread-content-max-width:40rem] @w-lg\/main:[--thread-content-max-width:48rem] mx-auto max-w-(--thread-content-max-width) flex-1 group\/turn-messages focus-visible:outline-hidden relative flex w-full min-w-0 flex-col agent-turn\" tabindex=\"-1\">\n<div class=\"flex max-w-full flex-col grow\">\n<div class=\"min-h-8 text-message relative flex w-full flex-col items-end gap-2 text-start break-words whitespace-normal [.text-message+&amp;]:mt-1\" dir=\"auto\" data-message-author-role=\"assistant\" data-message-id=\"49da5ea0-2ae5-461c-80c6-1f611bdf0009\" data-message-model-slug=\"gpt-5-2\">\n<div class=\"flex w-full flex-col gap-1 empty:hidden first:pt-[1px]\">\n<div class=\"markdown prose dark:prose-invert w-full wrap-break-word dark markdown-new-styling\">\n<p data-start=\"0\" data-end=\"727\" data-is-last-node=\"\" data-is-only-node=\"\">\u2714 \u0160iroki kut svjetlosnog snopa: 120\u00b0 \u2013 Osigurava optimalno osvjetljenje povr\u0161ina.<br data-start=\"196\" data-end=\"199\" \/>\u2714 Mogu\u0107nost serijskog povezivanja \u2013 Podr\u017eava povezivanje do 120 W izravno ili putem konektora od 30 cm (uklju\u010den).<br data-start=\"313\" data-end=\"316\" \/>\u2714 Podesiva 3CCT temperatura boje \u2013 Odaberite izme\u0111u 3000 K (topla), 4000 K (neutralna) i 6500 K (hladna) pomo\u0107u ugra\u0111enog prekida\u010da.<br data-start=\"448\" data-end=\"451\" \/>\u2714 Jednostavna monta\u017ea \u2013 Mo\u017ee se postaviti vijcima ili dvostranom ljepljivom trakom (oboje uklju\u010deno).<\/p>\n<\/div>\n<p data-start=\"0\" data-end=\"727\" data-is-last-node=\"\" data-is-only-node=\"\"><a href=\"https:\/\/ledison.hr\/wp-content\/uploads\/2026\/02\/Kabinet-rasvjeta_1.jpg\"><img loading=\"lazy\" decoding=\"async\" class=\"alignnone size-full wp-image-120499\" src=\"https:\/\/ledison.hr\/wp-content\/uploads\/2026\/02\/Kabinet-rasvjeta_1.jpg\" alt=\"\" width=\"600\" height=\"600\" srcset=\"https:\/\/ledison.hr\/wp-content\/uploads\/2026\/02\/Kabinet-rasvjeta_1.jpg 600w, https:\/\/ledison.hr\/wp-content\/uploads\/2026\/02\/Kabinet-rasvjeta_1-300x300.jpg 300w, https:\/\/ledison.hr\/wp-content\/uploads\/2026\/02\/Kabinet-rasvjeta_1-150x150.jpg 150w, https:\/\/ledison.hr\/wp-content\/uploads\/2026\/02\/Kabinet-rasvjeta_1-145x145.jpg 145w, https:\/\/ledison.hr\/wp-content\/uploads\/2026\/02\/Kabinet-rasvjeta_1-50x50.jpg 50w, https:\/\/ledison.hr\/wp-content\/uploads\/2026\/02\/Kabinet-rasvjeta_1-100x100.jpg 100w\" sizes=\"auto, (max-width: 600px) 100vw, 600px\" \/><\/a><\/p>\n<\/div>\n<\/div>\n<\/div>\n<\/div>\n<\/div>\n<\/article>\n<\/div>\n","protected":false},"excerpt":{"rendered":"<article class=\"text-token-text-primary w-full focus:outline-none [--shadow-height:45px] has-data-writing-block:pointer-events-none has-data-writing-block:-mt-(--shadow-height) has-data-writing-block:pt-(--shadow-height) [&amp;:has([data-writing-block])&gt;*]:pointer-events-auto scroll-mt-(--header-height)\" dir=\"auto\" tabindex=\"-1\" data-turn-id=\"c4fd9956-96bb-40b7-bf1b-489b432133c8\" data-testid=\"conversation-turn-5\" data-scroll-anchor=\"false\" data-turn=\"user\"><\/article>\n<article class=\"text-token-text-primary w-full focus:outline-none [--shadow-height:45px] has-data-writing-block:pointer-events-none has-data-writing-block:-mt-(--shadow-height) has-data-writing-block:pt-(--shadow-height) [&amp;:has([data-writing-block])&gt;*]:pointer-events-auto scroll-mt-[calc(var(--header-height)+min(200px,max(70px,20svh)))]\" dir=\"auto\" tabindex=\"-1\" data-turn-id=\"request-WEB:1b346727-79f1-484c-b5ae-d94d1ff60b4f-2\" data-testid=\"conversation-turn-6\" data-scroll-anchor=\"true\" data-turn=\"assistant\">\n<div class=\"text-base my-auto mx-auto pb-10 [--thread-content-margin:--spacing(4)] @w-sm\/main:[--thread-content-margin:--spacing(6)] @w-lg\/main:[--thread-content-margin:--spacing(16)] px-(--thread-content-margin)\">\n<div class=\"[--thread-content-max-width:40rem] @w-lg\/main:[--thread-content-max-width:48rem] mx-auto max-w-(--thread-content-max-width) flex-1 group\/turn-messages focus-visible:outline-hidden relative flex w-full min-w-0 flex-col agent-turn\" tabindex=\"-1\">\n<div class=\"flex max-w-full flex-col grow\">\n<div class=\"min-h-8 text-message relative flex w-full flex-col items-end gap-2 text-start break-words whitespace-normal [.text-message+&amp;]:mt-1\" dir=\"auto\" data-message-author-role=\"assistant\" data-message-id=\"b9c1e81e-c885-4a92-b8d8-37b4ea1d0f4a\" data-message-model-slug=\"gpt-5-2\">\n<div class=\"flex w-full flex-col gap-1 empty:hidden first:pt-[1px]\">\n<div class=\"markdown prose dark:prose-invert w-full wrap-break-word dark markdown-new-styling\">\n<p data-start=\"0\" data-end=\"264\" data-is-last-node=\"\" data-is-only-node=\"\">Tra\u017eite prakti\u010dnu i modernu rasvjetu za svoj namje\u0161taj? LED WL 3CCT savr\u0161eno je rje\u0161enje za ormare, elemente i kuhinjski namje\u0161taj. Zahvaljuju\u0107i svom tankom dizajnu, nenametljivo se uklapa u interijer te pru\u017ea ravnomjerno i energetski u\u010dinkovito osvjetljenje.<\/p>\n<\/div>\n<\/div>\n<\/div>\n<\/div>\n<\/div>\n<\/div>\n<\/article>\n","protected":false},"featured_media":120516,"comment_status":"open","ping_status":"closed","template":"","meta":{"_acf_changed":false},"product_brand":[],"product_cat":[1320,1270],"product_tag":[],"class_list":{"0":"post-120513","1":"product","2":"type-product","3":"status-publish","4":"has-post-thumbnail","6":"product_cat-kabinet-led-rasvjeta","7":"product_cat-led-linearna-rasvjeta","10":"first","11":"instock","12":"taxable","13":"shipping-taxable","14":"purchasable","15":"product-type-simple"},"acf":[],"_links":{"self":[{"href":"https:\/\/ledison.hr\/en\/wp-json\/wp\/v2\/product\/120513","targetHints":{"allow":["GET"]}}],"collection":[{"href":"https:\/\/ledison.hr\/en\/wp-json\/wp\/v2\/product"}],"about":[{"href":"https:\/\/ledison.hr\/en\/wp-json\/wp\/v2\/types\/product"}],"replies":[{"embeddable":true,"href":"https:\/\/ledison.hr\/en\/wp-json\/wp\/v2\/comments?post=120513"}],"wp:featuredmedia":[{"embeddable":true,"href":"https:\/\/ledison.hr\/en\/wp-json\/wp\/v2\/media\/120516"}],"wp:attachment":[{"href":"https:\/\/ledison.hr\/en\/wp-json\/wp\/v2\/media?parent=120513"}],"wp:term":[{"taxonomy":"product_brand","embeddable":true,"href":"https:\/\/ledison.hr\/en\/wp-json\/wp\/v2\/product_brand?post=120513"},{"taxonomy":"product_cat","embeddable":true,"href":"https:\/\/ledison.hr\/en\/wp-json\/wp\/v2\/product_cat?post=120513"},{"taxonomy":"product_tag","embeddable":true,"href":"https:\/\/ledison.hr\/en\/wp-json\/wp\/v2\/product_tag?post=120513"}],"curies":[{"name":"wp","href":"https:\/\/api.w.org\/{rel}","templated":true}]}}