{"id":120770,"date":"2026-04-16T14:00:59","date_gmt":"2026-04-16T12:00:59","guid":{"rendered":"https:\/\/ledison.hr\/?post_type=product&#038;p=120770"},"modified":"2026-04-16T14:02:36","modified_gmt":"2026-04-16T12:02:36","slug":"led-traka-el-cob-7w-m-480-12-4000k-cri90-ip20-5mm-5m","status":"publish","type":"product","link":"https:\/\/ledison.hr\/en\/web-trgovina\/trake-i-moduli\/cob-led-trake\/cob-trake-ip20\/led-traka-el-cob-7w-m-480-12-4000k-cri90-ip20-5mm-5m\/","title":{"rendered":"LED Traka EL COB 7W\/m, 480-12-4000K, CRI&gt;90, IP20, 5mm, 5m"},"content":{"rendered":"<ul>\n<li>Snaga (Potro\u0161nja): 7W\/m<\/li>\n<li>Svjetlosni tok: 560 lm\/m<\/li>\n<li>Temperatura boje: 4000K (Neutral bijela)<\/li>\n<li>Radni napon: DC 12V<\/li>\n<li>Index uzvrata boje: CRI&gt;90<\/li>\n<li>O\u010dekivani radni vijek: 50.000 h<\/li>\n<li>Broj i tip LED dioda: 480 kom COB\/m<\/li>\n<li>Kut osvjetljenja: 180 stupnjeva<\/li>\n<li><strong>\u0160irina trake PCB:<\/strong> 5 mm<\/li>\n<li>Du\u017eina role: 5 metara<\/li>\n<li>Vodootporna: NE (IP20 rating)<\/li>\n<li>Samoljepiva: DA (3M folija)<\/li>\n<\/ul>\n<p>*Preporuka svakih 5 metara provu\u0107i kablove od trake do napajanja zbog pada napona.*<br \/>\n*Traka se mo\u017ee rezati svakih 2.5cm*<\/p>\n<p><a href=\"https:\/\/ledison.hr\/wp-content\/uploads\/2025\/02\/COB_LED-Strip_700x346.jpg\"><img loading=\"lazy\" decoding=\"async\" class=\"alignnone size-full wp-image-118727\" src=\"https:\/\/ledison.hr\/wp-content\/uploads\/2025\/02\/COB_LED-Strip_700x346.jpg\" alt=\"\" width=\"700\" height=\"346\" srcset=\"https:\/\/ledison.hr\/wp-content\/uploads\/2025\/02\/COB_LED-Strip_700x346.jpg 700w, https:\/\/ledison.hr\/wp-content\/uploads\/2025\/02\/COB_LED-Strip_700x346-300x148.jpg 300w, https:\/\/ledison.hr\/wp-content\/uploads\/2025\/02\/COB_LED-Strip_700x346-600x297.jpg 600w\" sizes=\"auto, (max-width: 700px) 100vw, 700px\" \/><\/a><a href=\"https:\/\/ledison.hr\/wp-content\/uploads\/2020\/12\/COB-vs-SMD.jpg\"><img loading=\"lazy\" decoding=\"async\" class=\"alignnone size-full wp-image-110949\" src=\"https:\/\/ledison.hr\/wp-content\/uploads\/2020\/12\/COB-vs-SMD.jpg\" alt=\"\" width=\"700\" height=\"346\" srcset=\"https:\/\/ledison.hr\/wp-content\/uploads\/2020\/12\/COB-vs-SMD.jpg 700w, https:\/\/ledison.hr\/wp-content\/uploads\/2020\/12\/COB-vs-SMD-600x297.jpg 600w, https:\/\/ledison.hr\/wp-content\/uploads\/2020\/12\/COB-vs-SMD-300x148.jpg 300w\" sizes=\"auto, (max-width: 700px) 100vw, 700px\" \/><\/a><\/p>\n","protected":false},"excerpt":{"rendered":"<p>COB (ChipOnBoard) je nova tehnologija izrade LED traka koja osigurava \u010distu svjetlosnu liniju bez svjetlosnih to\u010dkica koje su karakteristi\u010dne za uobi\u010dajene SMD LED trake a dodatno ima znatno \u0161iri kut svjetla te veliku fleksibilnost i mehani\u010dku otpornost.<\/p>\n","protected":false},"featured_media":120766,"comment_status":"open","ping_status":"closed","template":"","meta":{"_acf_changed":false},"product_brand":[],"product_cat":[1274,1557,1364],"product_tag":[],"class_list":{"0":"post-120770","1":"product","2":"type-product","3":"status-publish","4":"has-post-thumbnail","6":"product_cat-trake-i-moduli","7":"product_cat-cob-trake-ip20","8":"product_cat-cob-led-trake","11":"first","12":"outofstock","13":"taxable","14":"shipping-taxable","15":"purchasable","16":"product-type-simple"},"acf":[],"_links":{"self":[{"href":"https:\/\/ledison.hr\/en\/wp-json\/wp\/v2\/product\/120770","targetHints":{"allow":["GET"]}}],"collection":[{"href":"https:\/\/ledison.hr\/en\/wp-json\/wp\/v2\/product"}],"about":[{"href":"https:\/\/ledison.hr\/en\/wp-json\/wp\/v2\/types\/product"}],"replies":[{"embeddable":true,"href":"https:\/\/ledison.hr\/en\/wp-json\/wp\/v2\/comments?post=120770"}],"wp:featuredmedia":[{"embeddable":true,"href":"https:\/\/ledison.hr\/en\/wp-json\/wp\/v2\/media\/120766"}],"wp:attachment":[{"href":"https:\/\/ledison.hr\/en\/wp-json\/wp\/v2\/media?parent=120770"}],"wp:term":[{"taxonomy":"product_brand","embeddable":true,"href":"https:\/\/ledison.hr\/en\/wp-json\/wp\/v2\/product_brand?post=120770"},{"taxonomy":"product_cat","embeddable":true,"href":"https:\/\/ledison.hr\/en\/wp-json\/wp\/v2\/product_cat?post=120770"},{"taxonomy":"product_tag","embeddable":true,"href":"https:\/\/ledison.hr\/en\/wp-json\/wp\/v2\/product_tag?post=120770"}],"curies":[{"name":"wp","href":"https:\/\/api.w.org\/{rel}","templated":true}]}}