{"id":120771,"date":"2025-10-22T11:28:05","date_gmt":"2025-10-22T09:28:05","guid":{"rendered":"https:\/\/ledison.hr\/?post_type=product&#038;p=120771"},"modified":"2026-04-16T14:08:18","modified_gmt":"2026-04-16T12:08:18","slug":"led-alu-profil-nadgradni-n02-2m-bijeli","status":"publish","type":"product","link":"https:\/\/ledison.hr\/en\/web-trgovina\/trake-i-moduli\/profili-aluminijski\/led-alu-profil-nadgradni-n02-2m-bijeli\/","title":{"rendered":"LED Alu Profil Nadgradni (N02), 2m, Bijeli"},"content":{"rendered":"<ul>\n<li>Du\u017eina profila: 2 m<\/li>\n<li>Tip profila: Nadgradni<\/li>\n<li>Materijal profila: Aluminij<\/li>\n<li><strong>Boja: Bijeli<\/strong><\/li>\n<li>Max. \u0161irina trake: 12 mm<\/li>\n<li>\u0160irina profila: 16.1 mm<\/li>\n<li>Dubina profila: 6.05 mm<\/li>\n<li>Pokrov: Opal (mlije\u010dni)<\/li>\n<li>Propusnost svjetla: 80%<\/li>\n<\/ul>\n<p><strong>*Pakiranje sadr\u017ei: ALU profil, opal (pokrov), zavr\u0161ne kapice.*<\/strong><\/p>\n<p>*Mogu\u0107a kupnja crnog difuzora za ovaj model alu profila*<\/p>\n","protected":false},"excerpt":{"rendered":"<p>Nadgradni Aluminijski profil za LED Trake N02 (Bijeli) u kompletu s mlije\u010dnim pokrovom te zavr\u0161nim kapicama duljine 2m.<\/p>\n<div>\n<p>\u26a0\ufe0f\u00a0NIJE MOGU\u0106A DOSTAVA U NA\u0160EM ARAN\u017dMANU \u26a0\ufe0f<\/p>\n<\/div>\n","protected":false},"featured_media":120772,"comment_status":"open","ping_status":"closed","template":"","meta":{"_acf_changed":false},"product_brand":[],"product_cat":[1274,1285],"product_tag":[],"class_list":{"0":"post-120771","1":"product","2":"type-product","3":"status-publish","4":"has-post-thumbnail","6":"product_cat-trake-i-moduli","7":"product_cat-profili-aluminijski","10":"first","11":"outofstock","12":"taxable","13":"shipping-taxable","14":"purchasable","15":"product-type-simple"},"acf":[],"_links":{"self":[{"href":"https:\/\/ledison.hr\/en\/wp-json\/wp\/v2\/product\/120771","targetHints":{"allow":["GET"]}}],"collection":[{"href":"https:\/\/ledison.hr\/en\/wp-json\/wp\/v2\/product"}],"about":[{"href":"https:\/\/ledison.hr\/en\/wp-json\/wp\/v2\/types\/product"}],"replies":[{"embeddable":true,"href":"https:\/\/ledison.hr\/en\/wp-json\/wp\/v2\/comments?post=120771"}],"wp:featuredmedia":[{"embeddable":true,"href":"https:\/\/ledison.hr\/en\/wp-json\/wp\/v2\/media\/120772"}],"wp:attachment":[{"href":"https:\/\/ledison.hr\/en\/wp-json\/wp\/v2\/media?parent=120771"}],"wp:term":[{"taxonomy":"product_brand","embeddable":true,"href":"https:\/\/ledison.hr\/en\/wp-json\/wp\/v2\/product_brand?post=120771"},{"taxonomy":"product_cat","embeddable":true,"href":"https:\/\/ledison.hr\/en\/wp-json\/wp\/v2\/product_cat?post=120771"},{"taxonomy":"product_tag","embeddable":true,"href":"https:\/\/ledison.hr\/en\/wp-json\/wp\/v2\/product_tag?post=120771"}],"curies":[{"name":"wp","href":"https:\/\/api.w.org\/{rel}","templated":true}]}}