{"id":14047,"date":"2020-10-18T17:43:30","date_gmt":"2020-10-18T15:43:30","guid":{"rendered":"https:\/\/ledison.hr\/web-trgovina\/Bez%20kategorije\/led-daljinski-rf-2-4g-desk-rgb-upravljac-skydance-rk3\/"},"modified":"2026-03-12T15:13:18","modified_gmt":"2026-03-12T14:13:18","slug":"led-daljinski-rf-2-4g-desk-rgb-upravljac-skydance-rk3","status":"publish","type":"product","link":"https:\/\/ledison.hr\/en\/web-trgovina\/led-upravljacki-sistemi\/upravljaci-rf-2-4ghz\/led-daljinski-rf-2-4g-desk-rgb-upravljac-skydance-rk3\/","title":{"rendered":"Daljinski RF 2.4G Desk RGB upravlja\u010d, Skydance RK3"},"content":{"rendered":"<ul>\n<li>Izlazni signal: RF 2.4GHz<\/li>\n<li>Doseg upravlja\u010da: do 30m<\/li>\n<li><strong>Broj zona: 1<\/strong><\/li>\n<li><strong>Funkcija<\/strong>: Dimming, on\/off, Promjena boje (RGB)<\/li>\n<li>Baterija: CR2032<\/li>\n<li>Radna struja: &lt; 5mA<\/li>\n<\/ul>\n<p><strong>Uparivanje:<\/strong><\/p>\n<p><strong>Putem MATCH key na kontroleru:<\/strong><\/p>\n<p>Kratko pritisnite tipku \u201cMatch\u201d na kontroleru (dimmeru), zatim odmah pritisnite i dr\u017eite nekoliko sekundi tipku za uklju\u010divanje\/isklju\u010divanje na daljinskom upravlja\u010du.<br data-start=\"224\" data-end=\"227\" \/>Ako LED indikator brzo zatreperi nekoliko puta, to zna\u010di da je uparivanje uspje\u0161no.<\/p>\n<p><strong>DELETE funkcija:<\/strong><br \/>\nPritisnite i dr\u017eite tipku \u201cMatch\u201d na kontroleru 5 sekundi za brisanje svih uparenih ure\u0111aja.<br data-start=\"108\" data-end=\"111\" \/>Ako LED indikator brzo zatreperi nekoliko puta, to zna\u010di da su svi upareni daljinski upravlja\u010di izbrisani.<\/p>\n<p><strong>Bez MATCH key:<br \/>\n<\/strong><\/p>\n<p>Isklju\u010dite napajanje, zatim ga ponovno uklju\u010dite i ponovite postupak jo\u0161 jednom.<br data-start=\"122\" data-end=\"125\" \/>Odmah nakon toga, kratko pritisnite tipku za uklju\u010divanje\/isklju\u010divanje na daljinskom upravlja\u010du 3 puta.<br data-start=\"229\" data-end=\"232\" \/>Ako svjetlo trepne 3 puta, to zna\u010di da je uparivanje uspje\u0161no.<\/p>\n<p><strong>DELETE funkcija:<\/strong><br \/>\nIsklju\u010dite napajanje, zatim ga ponovno uklju\u010dite i ponovite postupak jo\u0161 jednom.<br data-start=\"122\" data-end=\"125\" \/>Odmah nakon toga, kratko pritisnite tipku za uklju\u010divanje\/isklju\u010divanje na daljinskom upravlja\u010du 5 puta.<br data-start=\"229\" data-end=\"232\" \/>Ako svjetlo trepne 5 puta, to zna\u010di da su svi upareni daljinski upravlja\u010di izbrisani.<\/p>\n<p><a href=\"https:\/\/ledison.hr\/wp-content\/uploads\/2020\/10\/RK1_RK2_RK33.jpg\"><img loading=\"lazy\" decoding=\"async\" class=\"alignnone size-full wp-image-113541\" src=\"https:\/\/ledison.hr\/wp-content\/uploads\/2020\/10\/RK1_RK2_RK33.jpg\" alt=\"\" width=\"1170\" height=\"643\" srcset=\"https:\/\/ledison.hr\/wp-content\/uploads\/2020\/10\/RK1_RK2_RK33.jpg 1170w, https:\/\/ledison.hr\/wp-content\/uploads\/2020\/10\/RK1_RK2_RK33-300x165.jpg 300w, https:\/\/ledison.hr\/wp-content\/uploads\/2020\/10\/RK1_RK2_RK33-800x440.jpg 800w, https:\/\/ledison.hr\/wp-content\/uploads\/2020\/10\/RK1_RK2_RK33-768x422.jpg 768w, https:\/\/ledison.hr\/wp-content\/uploads\/2020\/10\/RK1_RK2_RK33-600x330.jpg 600w\" sizes=\"auto, (max-width: 1170px) 100vw, 1170px\" \/><\/a> <a href=\"https:\/\/ledison.hr\/wp-content\/uploads\/2020\/10\/RK1_RK2_RK3-2.jpg\"><img loading=\"lazy\" decoding=\"async\" class=\"alignnone size-full wp-image-113531\" src=\"https:\/\/ledison.hr\/wp-content\/uploads\/2020\/10\/RK1_RK2_RK3-2.jpg\" alt=\"\" width=\"1170\" height=\"634\" srcset=\"https:\/\/ledison.hr\/wp-content\/uploads\/2020\/10\/RK1_RK2_RK3-2.jpg 1170w, https:\/\/ledison.hr\/wp-content\/uploads\/2020\/10\/RK1_RK2_RK3-2-300x163.jpg 300w, https:\/\/ledison.hr\/wp-content\/uploads\/2020\/10\/RK1_RK2_RK3-2-800x434.jpg 800w, https:\/\/ledison.hr\/wp-content\/uploads\/2020\/10\/RK1_RK2_RK3-2-768x416.jpg 768w, https:\/\/ledison.hr\/wp-content\/uploads\/2020\/10\/RK1_RK2_RK3-2-600x325.jpg 600w\" sizes=\"auto, (max-width: 1170px) 100vw, 1170px\" \/><\/a> <a href=\"https:\/\/ledison.hr\/wp-content\/uploads\/2020\/10\/RK1_RK2_RK3-3.jpg\"><img loading=\"lazy\" decoding=\"async\" class=\"alignnone size-full wp-image-113533\" src=\"https:\/\/ledison.hr\/wp-content\/uploads\/2020\/10\/RK1_RK2_RK3-3.jpg\" alt=\"\" width=\"1170\" height=\"670\" srcset=\"https:\/\/ledison.hr\/wp-content\/uploads\/2020\/10\/RK1_RK2_RK3-3.jpg 1170w, https:\/\/ledison.hr\/wp-content\/uploads\/2020\/10\/RK1_RK2_RK3-3-300x172.jpg 300w, https:\/\/ledison.hr\/wp-content\/uploads\/2020\/10\/RK1_RK2_RK3-3-800x458.jpg 800w, https:\/\/ledison.hr\/wp-content\/uploads\/2020\/10\/RK1_RK2_RK3-3-768x440.jpg 768w, https:\/\/ledison.hr\/wp-content\/uploads\/2020\/10\/RK1_RK2_RK3-3-600x344.jpg 600w\" sizes=\"auto, (max-width: 1170px) 100vw, 1170px\" \/><\/a> <a href=\"https:\/\/ledison.hr\/wp-content\/uploads\/2020\/10\/RK1_RK2_RK3-4.jpg\"><img loading=\"lazy\" decoding=\"async\" class=\"alignnone size-full wp-image-113535\" src=\"https:\/\/ledison.hr\/wp-content\/uploads\/2020\/10\/RK1_RK2_RK3-4.jpg\" alt=\"\" width=\"1170\" height=\"617\" srcset=\"https:\/\/ledison.hr\/wp-content\/uploads\/2020\/10\/RK1_RK2_RK3-4.jpg 1170w, https:\/\/ledison.hr\/wp-content\/uploads\/2020\/10\/RK1_RK2_RK3-4-300x158.jpg 300w, https:\/\/ledison.hr\/wp-content\/uploads\/2020\/10\/RK1_RK2_RK3-4-800x422.jpg 800w, https:\/\/ledison.hr\/wp-content\/uploads\/2020\/10\/RK1_RK2_RK3-4-768x405.jpg 768w, https:\/\/ledison.hr\/wp-content\/uploads\/2020\/10\/RK1_RK2_RK3-4-600x316.jpg 600w\" sizes=\"auto, (max-width: 1170px) 100vw, 1170px\" \/><\/a> <a href=\"https:\/\/ledison.hr\/wp-content\/uploads\/2020\/10\/RK1RK2.RK33.jpg\"><img loading=\"lazy\" decoding=\"async\" class=\"alignnone size-full wp-image-113539\" src=\"https:\/\/ledison.hr\/wp-content\/uploads\/2020\/10\/RK1RK2.RK33.jpg\" alt=\"\" width=\"1100\" height=\"732\" srcset=\"https:\/\/ledison.hr\/wp-content\/uploads\/2020\/10\/RK1RK2.RK33.jpg 1100w, https:\/\/ledison.hr\/wp-content\/uploads\/2020\/10\/RK1RK2.RK33-300x200.jpg 300w, https:\/\/ledison.hr\/wp-content\/uploads\/2020\/10\/RK1RK2.RK33-800x532.jpg 800w, https:\/\/ledison.hr\/wp-content\/uploads\/2020\/10\/RK1RK2.RK33-768x511.jpg 768w, https:\/\/ledison.hr\/wp-content\/uploads\/2020\/10\/RK1RK2.RK33-600x399.jpg 600w\" sizes=\"auto, (max-width: 1100px) 100vw, 1100px\" \/><\/a> <a href=\"https:\/\/ledison.hr\/wp-content\/uploads\/2020\/10\/RK1RK2RK3-1.jpg\"><img loading=\"lazy\" decoding=\"async\" class=\"alignnone size-full wp-image-113525\" src=\"https:\/\/ledison.hr\/wp-content\/uploads\/2020\/10\/RK1RK2RK3-1.jpg\" alt=\"\" width=\"525\" height=\"676\" srcset=\"https:\/\/ledison.hr\/wp-content\/uploads\/2020\/10\/RK1RK2RK3-1.jpg 525w, https:\/\/ledison.hr\/wp-content\/uploads\/2020\/10\/RK1RK2RK3-1-233x300.jpg 233w\" sizes=\"auto, (max-width: 525px) 100vw, 525px\" \/><\/a><\/p>\n","protected":false},"excerpt":{"rendered":"<p>Desktop daljinski upravlja\u010d s rotacionim gumbom za Skydance RF RGB kontrolere koji rade na 2.4GHz. Jedan daljinski upravlja\u010d mo\u017ee upravljati s vi\u0161e kontrolera.\u00a0 Okretanjem ili pritiskanjem gumba mijenjarte boju ili intezitet svjetla kratkim pritiskom na gub palite ili gasite izvor svjetlosti a kratkim dvostrukim pritiskom na gumb tako\u0111er mijenjate boju RGB spektra.<\/p>\n","protected":false},"featured_media":119477,"comment_status":"open","ping_status":"closed","template":"","meta":{"_acf_changed":false},"product_brand":[],"product_cat":[1293,1384],"product_tag":[],"class_list":{"0":"post-14047","1":"product","2":"type-product","3":"status-publish","4":"has-post-thumbnail","6":"product_cat-led-upravljacki-sistemi","7":"product_cat-upravljaci-rf-2-4ghz","10":"first","11":"instock","12":"taxable","13":"shipping-taxable","14":"purchasable","15":"product-type-simple"},"acf":[],"_links":{"self":[{"href":"https:\/\/ledison.hr\/en\/wp-json\/wp\/v2\/product\/14047","targetHints":{"allow":["GET"]}}],"collection":[{"href":"https:\/\/ledison.hr\/en\/wp-json\/wp\/v2\/product"}],"about":[{"href":"https:\/\/ledison.hr\/en\/wp-json\/wp\/v2\/types\/product"}],"replies":[{"embeddable":true,"href":"https:\/\/ledison.hr\/en\/wp-json\/wp\/v2\/comments?post=14047"}],"wp:featuredmedia":[{"embeddable":true,"href":"https:\/\/ledison.hr\/en\/wp-json\/wp\/v2\/media\/119477"}],"wp:attachment":[{"href":"https:\/\/ledison.hr\/en\/wp-json\/wp\/v2\/media?parent=14047"}],"wp:term":[{"taxonomy":"product_brand","embeddable":true,"href":"https:\/\/ledison.hr\/en\/wp-json\/wp\/v2\/product_brand?post=14047"},{"taxonomy":"product_cat","embeddable":true,"href":"https:\/\/ledison.hr\/en\/wp-json\/wp\/v2\/product_cat?post=14047"},{"taxonomy":"product_tag","embeddable":true,"href":"https:\/\/ledison.hr\/en\/wp-json\/wp\/v2\/product_tag?post=14047"}],"curies":[{"name":"wp","href":"https:\/\/api.w.org\/{rel}","templated":true}]}}