{"id":14051,"date":"2018-01-01T15:43:30","date_gmt":"2018-01-01T14:43:30","guid":{"rendered":"https:\/\/ledison.hr\/web-trgovina\/Bez%20kategorije\/led-dimabilni-driver-48w-dc-27-42v\/"},"modified":"2026-03-26T13:50:40","modified_gmt":"2026-03-26T12:50:40","slug":"led-dimabilni-driver-48w-dc-27-42v","status":"publish","type":"product","link":"https:\/\/ledison.hr\/en\/web-trgovina\/napajanja-za-led\/led-driveri-cc-cv\/led-dimabilni-driver-48w-dc-27-42v\/","title":{"rendered":"LED Dimabilni Driver 48W DC 27-42V"},"content":{"rendered":"<ul>\n<li>Izlazna snaga: 144W 288W 432W<\/li>\n<li>Vrsta drivera: 0\/1-10V\u00a0 + Push Dim<\/li>\n<li>Ulazni napon: DC 12V &#8211; 36V<\/li>\n<li>Izlazni napon: DC 12V\u00a0 24V 36V<\/li>\n<li>Max. izlazna struja: 12A<\/li>\n<li>Raspon dimanja: 0 &#8211; 100%<\/li>\n<li>Radna temperatura: -30 do +55 C<\/li>\n<li>Certifikati: CE MCE LVD<\/li>\n<li>Faktor za\u0161tite: IP20<\/li>\n<\/ul>\n","protected":false},"excerpt":{"rendered":"<p>Dimabilni LED driver prema 0-10V te 1-10V standardu s PWM konstantnim izlaznim naponom 12V 24V ili 36V.<br \/>\nKako biste mogli regulirati (dimati) ja\u010dinu svjetla npr. LED trake koja radi na 12V ili 24V osim dimabilnog drivera potreban vam je i dimmer naj\u010de\u0161\u0107e u RF varijanti.<\/p>\n","protected":false},"featured_media":8302,"comment_status":"open","ping_status":"closed","template":"","meta":{"_acf_changed":false},"product_brand":[],"product_cat":[1300],"product_tag":[],"class_list":{"0":"post-14051","1":"product","2":"type-product","3":"status-publish","4":"has-post-thumbnail","6":"product_cat-led-driveri-cc-cv","9":"first","10":"instock","11":"taxable","12":"shipping-taxable","13":"purchasable","14":"product-type-simple"},"acf":[],"_links":{"self":[{"href":"https:\/\/ledison.hr\/en\/wp-json\/wp\/v2\/product\/14051","targetHints":{"allow":["GET"]}}],"collection":[{"href":"https:\/\/ledison.hr\/en\/wp-json\/wp\/v2\/product"}],"about":[{"href":"https:\/\/ledison.hr\/en\/wp-json\/wp\/v2\/types\/product"}],"replies":[{"embeddable":true,"href":"https:\/\/ledison.hr\/en\/wp-json\/wp\/v2\/comments?post=14051"}],"wp:featuredmedia":[{"embeddable":true,"href":"https:\/\/ledison.hr\/en\/wp-json\/wp\/v2\/media\/8302"}],"wp:attachment":[{"href":"https:\/\/ledison.hr\/en\/wp-json\/wp\/v2\/media?parent=14051"}],"wp:term":[{"taxonomy":"product_brand","embeddable":true,"href":"https:\/\/ledison.hr\/en\/wp-json\/wp\/v2\/product_brand?post=14051"},{"taxonomy":"product_cat","embeddable":true,"href":"https:\/\/ledison.hr\/en\/wp-json\/wp\/v2\/product_cat?post=14051"},{"taxonomy":"product_tag","embeddable":true,"href":"https:\/\/ledison.hr\/en\/wp-json\/wp\/v2\/product_tag?post=14051"}],"curies":[{"name":"wp","href":"https:\/\/api.w.org\/{rel}","templated":true}]}}