{"id":14057,"date":"2020-10-18T17:43:31","date_gmt":"2020-10-18T15:43:31","guid":{"rendered":"https:\/\/ledison.hr\/web-trgovina\/Bez%20kategorije\/led-kontroler-skydance-wifi-relay-wifi-2-rf2-4g\/"},"modified":"2025-07-17T14:54:14","modified_gmt":"2025-07-17T12:54:14","slug":"led-kontroler-skydance-wifi-relay-wifi-2-rf2-4g","status":"publish","type":"product","link":"https:\/\/ledison.hr\/en\/web-trgovina\/led-upravljacki-sistemi\/dimmeri-cv-cc-2-4ghz\/led-kontroler-skydance-wifi-relay-wifi-2-rf2-4g\/","title":{"rendered":"Kontroler Skydance, WiFi-Relay 2.4GHz"},"content":{"rendered":"<ul>\n<li>Ulazni napon: 5V &#8211; 24V<\/li>\n<li>Radna frekvencija: 2.4Ghz<\/li>\n<li>WiFi standard: 2.4GHz 802.11 b\/g\/n<\/li>\n<li>Kontrola: Dimanje CCT RGB RGBW<\/li>\n<li>WiFi domet: 30m<\/li>\n<li>Software platforme: Android &amp; iOS<\/li>\n<li>Aplikacija: SkySmart<\/li>\n<\/ul>\n<p>Upute za monta\u017eu mo\u017eete prona\u0107i\u00a0<a href=\"http:\/\/www.iskydance.com\/uploads\/goods_file\/WiFi-Relay.pdf\" target=\"_blank\" rel=\"noopener\">OVDJE<\/a><\/p>\n","protected":false},"excerpt":{"rendered":"<p>Skydance WiFi Relay konvertira WiFi signal na RF 2.4G \u0161to zna\u010di da vam omogu\u0107ava upravljenje LED rasvjetom putem aplikacije na mobitelu lokalno ili s udaljene lokacije.<\/p>\n","protected":false},"featured_media":119472,"comment_status":"open","ping_status":"closed","template":"","meta":{"_acf_changed":false},"product_brand":[],"product_cat":[1293,1294,1299,1385],"product_tag":[],"class_list":{"0":"post-14057","1":"product","2":"type-product","3":"status-publish","4":"has-post-thumbnail","6":"product_cat-led-upravljacki-sistemi","7":"product_cat-dimmeri-cv-cc-2-4ghz","8":"product_cat-kontroleri-rgb-2-4ghz","9":"product_cat-kontroleri-cct-2-4ghz","12":"first","13":"instock","14":"taxable","15":"shipping-taxable","16":"purchasable","17":"product-type-simple"},"acf":[],"_links":{"self":[{"href":"https:\/\/ledison.hr\/en\/wp-json\/wp\/v2\/product\/14057","targetHints":{"allow":["GET"]}}],"collection":[{"href":"https:\/\/ledison.hr\/en\/wp-json\/wp\/v2\/product"}],"about":[{"href":"https:\/\/ledison.hr\/en\/wp-json\/wp\/v2\/types\/product"}],"replies":[{"embeddable":true,"href":"https:\/\/ledison.hr\/en\/wp-json\/wp\/v2\/comments?post=14057"}],"wp:featuredmedia":[{"embeddable":true,"href":"https:\/\/ledison.hr\/en\/wp-json\/wp\/v2\/media\/119472"}],"wp:attachment":[{"href":"https:\/\/ledison.hr\/en\/wp-json\/wp\/v2\/media?parent=14057"}],"wp:term":[{"taxonomy":"product_brand","embeddable":true,"href":"https:\/\/ledison.hr\/en\/wp-json\/wp\/v2\/product_brand?post=14057"},{"taxonomy":"product_cat","embeddable":true,"href":"https:\/\/ledison.hr\/en\/wp-json\/wp\/v2\/product_cat?post=14057"},{"taxonomy":"product_tag","embeddable":true,"href":"https:\/\/ledison.hr\/en\/wp-json\/wp\/v2\/product_tag?post=14057"}],"curies":[{"name":"wp","href":"https:\/\/api.w.org\/{rel}","templated":true}]}}