{"id":14124,"date":"2020-10-18T17:43:43","date_gmt":"2020-10-18T15:43:43","guid":{"rendered":"https:\/\/ledison.hr\/web-trgovina\/Bez%20kategorije\/led-hicloud-50w-5800lm-5000k\/"},"modified":"2025-07-15T15:31:13","modified_gmt":"2025-07-15T13:31:13","slug":"led-hicloud-50w-5800lm-5000k","status":"publish","type":"product","link":"https:\/\/ledison.hr\/en\/web-trgovina\/eol\/led-hicloud-50w-5800lm-5000k\/","title":{"rendered":"LED HiCloud &#8211; 50W 5800lm 5000K"},"content":{"rendered":"<p>Profesionalna industrijska High-Bay LED rasvjeta vrhunske kvalitete snage 50W te 5.800lm s Nichia \u010dipovima te Meanwell driverom.<\/p>\n<p>Tehni\u010dke specifikacije:<\/p>\n<ul>\n<li><strong>Model No.: HB01-50<\/strong><\/li>\n<li><span>LED \u010cipovi: Nichia (Japan)<\/span><\/li>\n<li><strong>Snaga (Potro\u0161nja): 50W<\/strong><\/li>\n<li>Radni napon: AC 110-240V (50-60Hz)<\/li>\n<li><strong>Svjetlosni tok (lumen): 6.250 lm<\/strong><\/li>\n<li>Efikasnost: 125lm\/W<\/li>\n<li>Dimenzije (mm): fi264\u00d7122mm<\/li>\n<li><span>Kut osvjetljavanja: 120\u00b0<\/span><\/li>\n<li>Materijal ku\u0107i\u0161ta: Legura Aluminija<\/li>\n<li><strong>LED \u017eivotni vijek: 50.000 sati<\/strong><\/li>\n<li>Indeks uzvrata boje (CRI): &gt;70<\/li>\n<li>Faktor snage: &gt;0.95<\/li>\n<li><strong>Temperatura boje: 5000K<\/strong><\/li>\n<li><span>Napajanje: Meanwell<\/span><\/li>\n<li>IP Faktor zastite: IP65<\/li>\n<li>Certifikati: CE ROHS<\/li>\n<li><strong>HID Ekvivalent: 120W<\/strong><\/li>\n<\/ul>\n<p><strong>Jamstvo: 36 mjeseci&nbsp;<\/strong><\/p>\n","protected":false},"excerpt":{"rendered":"<p>Profesionalna industrijska High-Bay LED rasvjeta vrhunske kvalitete snage 50W te 5.800lm s Nichia \u010dipovima te Meanwell driverom. Tehni\u010dke specifikacije: Model No.: HB01-50 LED \u010cipovi: Nichia (Japan) Snaga (Potro\u0161nja): 50W Radni napon: AC 110-240V (50-60Hz) Svjetlosni tok (lumen): 6.250 lm Efikasnost: 125lm\/W Dimenzije (mm): fi264\u00d7122mm Kut osvjetljavanja: 120\u00b0 Materijal ku\u0107i\u0161ta: Legura Aluminija LED \u017eivotni vijek: 50.000&hellip; <a class=\"read-more-link\" href=\"https:\/\/ledison.hr\/en\/web-trgovina\/eol\/led-hicloud-50w-5800lm-5000k\/\">Read More<\/a><\/p>\n","protected":false},"featured_media":8402,"comment_status":"open","ping_status":"closed","template":"","meta":{"_acf_changed":false},"product_brand":[],"product_cat":[1402],"product_tag":[],"class_list":{"0":"post-14124","1":"product","2":"type-product","3":"status-publish","4":"has-post-thumbnail","6":"product_cat-eol","9":"first","10":"instock","11":"taxable","12":"shipping-taxable","13":"purchasable","14":"product-type-simple"},"acf":[],"_links":{"self":[{"href":"https:\/\/ledison.hr\/en\/wp-json\/wp\/v2\/product\/14124","targetHints":{"allow":["GET"]}}],"collection":[{"href":"https:\/\/ledison.hr\/en\/wp-json\/wp\/v2\/product"}],"about":[{"href":"https:\/\/ledison.hr\/en\/wp-json\/wp\/v2\/types\/product"}],"replies":[{"embeddable":true,"href":"https:\/\/ledison.hr\/en\/wp-json\/wp\/v2\/comments?post=14124"}],"wp:featuredmedia":[{"embeddable":true,"href":"https:\/\/ledison.hr\/en\/wp-json\/wp\/v2\/media\/8402"}],"wp:attachment":[{"href":"https:\/\/ledison.hr\/en\/wp-json\/wp\/v2\/media?parent=14124"}],"wp:term":[{"taxonomy":"product_brand","embeddable":true,"href":"https:\/\/ledison.hr\/en\/wp-json\/wp\/v2\/product_brand?post=14124"},{"taxonomy":"product_cat","embeddable":true,"href":"https:\/\/ledison.hr\/en\/wp-json\/wp\/v2\/product_cat?post=14124"},{"taxonomy":"product_tag","embeddable":true,"href":"https:\/\/ledison.hr\/en\/wp-json\/wp\/v2\/product_tag?post=14124"}],"curies":[{"name":"wp","href":"https:\/\/api.w.org\/{rel}","templated":true}]}}