{"id":14125,"date":"2020-10-18T17:43:43","date_gmt":"2020-10-18T15:43:43","guid":{"rendered":"https:\/\/ledison.hr\/web-trgovina\/Bez%20kategorije\/led-hicloud-90w-11250lm-5000k\/"},"modified":"2025-07-15T15:31:43","modified_gmt":"2025-07-15T13:31:43","slug":"led-hicloud-90w-11250lm-5000k","status":"publish","type":"product","link":"https:\/\/ledison.hr\/en\/web-trgovina\/eol\/led-hicloud-90w-11250lm-5000k\/","title":{"rendered":"LED HiCloud &#8211; 90W 11250lm 5000K"},"content":{"rendered":"<p>Profesionalna industrijska High-Bay LED rasvjeta vrhunske kvalitete snage 90W te&nbsp;<span>11.250lm<\/span>&nbsp;s Nichia \u010dipovima te Meanwell driverom.<\/p>\n<p>Tehni\u010dke specifikacije:<\/p>\n<ul>\n<li>Model No.: HB01-90<\/li>\n<li>LED \u010cipovi: Nichia (Japan)&nbsp;<\/li>\n<li><strong>Snaga (Potro\u0161nja): 90W<\/strong><\/li>\n<li>Radni napon: AC 110-240V (50-60Hz)<\/li>\n<li><span>Svjetlosni tok (lumen): 11.250 lm<\/span><\/li>\n<li>Efikasnost: 125lm\/W<\/li>\n<li>Dimenzije (mm): fi264\u00d71725mm<\/li>\n<li>Kut osvjetljavanja: 120\u00b0<\/li>\n<li>Materijal ku\u0107i\u0161ta: Legura Aluminija<\/li>\n<li><strong>LED \u017eivotni vijek: 50.000 sati<\/strong><\/li>\n<li>Indeks uzvrata boje (CRI): &gt;70<\/li>\n<li>Faktor snage: &gt;0.95<\/li>\n<li><strong>Temperatura boje: 5000K<\/strong><\/li>\n<li>Napajanje: Meanwell&nbsp;<\/li>\n<li>IP Faktor zastite: IP65<\/li>\n<li>Certifikati: CE ROHS<\/li>\n<li><strong>HID Ekvivalent: 200W<\/strong><\/li>\n<\/ul>\n<p><strong>Jamstvo: 36 mjeseci<\/strong><\/p>\n","protected":false},"excerpt":{"rendered":"<p>Profesionalna industrijska High-Bay LED rasvjeta vrhunske kvalitete snage 90W te&nbsp;11.250lm&nbsp;s Nichia \u010dipovima te Meanwell driverom. Tehni\u010dke specifikacije: Model No.: HB01-90 LED \u010cipovi: Nichia (Japan)&nbsp; Snaga (Potro\u0161nja): 90W Radni napon: AC 110-240V (50-60Hz) Svjetlosni tok (lumen): 11.250 lm Efikasnost: 125lm\/W Dimenzije (mm): fi264\u00d71725mm Kut osvjetljavanja: 120\u00b0 Materijal ku\u0107i\u0161ta: Legura Aluminija LED \u017eivotni vijek: 50.000 sati Indeks&hellip; <a class=\"read-more-link\" href=\"https:\/\/ledison.hr\/en\/web-trgovina\/eol\/led-hicloud-90w-11250lm-5000k\/\">Read More<\/a><\/p>\n","protected":false},"featured_media":8402,"comment_status":"open","ping_status":"closed","template":"","meta":{"_acf_changed":false},"product_brand":[],"product_cat":[1402],"product_tag":[],"class_list":{"0":"post-14125","1":"product","2":"type-product","3":"status-publish","4":"has-post-thumbnail","6":"product_cat-eol","9":"first","10":"instock","11":"taxable","12":"shipping-taxable","13":"purchasable","14":"product-type-simple"},"acf":[],"_links":{"self":[{"href":"https:\/\/ledison.hr\/en\/wp-json\/wp\/v2\/product\/14125","targetHints":{"allow":["GET"]}}],"collection":[{"href":"https:\/\/ledison.hr\/en\/wp-json\/wp\/v2\/product"}],"about":[{"href":"https:\/\/ledison.hr\/en\/wp-json\/wp\/v2\/types\/product"}],"replies":[{"embeddable":true,"href":"https:\/\/ledison.hr\/en\/wp-json\/wp\/v2\/comments?post=14125"}],"wp:featuredmedia":[{"embeddable":true,"href":"https:\/\/ledison.hr\/en\/wp-json\/wp\/v2\/media\/8402"}],"wp:attachment":[{"href":"https:\/\/ledison.hr\/en\/wp-json\/wp\/v2\/media?parent=14125"}],"wp:term":[{"taxonomy":"product_brand","embeddable":true,"href":"https:\/\/ledison.hr\/en\/wp-json\/wp\/v2\/product_brand?post=14125"},{"taxonomy":"product_cat","embeddable":true,"href":"https:\/\/ledison.hr\/en\/wp-json\/wp\/v2\/product_cat?post=14125"},{"taxonomy":"product_tag","embeddable":true,"href":"https:\/\/ledison.hr\/en\/wp-json\/wp\/v2\/product_tag?post=14125"}],"curies":[{"name":"wp","href":"https:\/\/api.w.org\/{rel}","templated":true}]}}