{"id":14212,"date":"2020-10-18T17:43:55","date_gmt":"2020-10-18T15:43:55","guid":{"rendered":"https:\/\/ledison.hr\/web-trgovina\/Bez%20kategorije\/led-hisquare-120w-13200lm-5700k\/"},"modified":"2024-02-01T15:50:35","modified_gmt":"2024-02-01T14:50:35","slug":"led-hisquare-120w-13200lm-5700k","status":"publish","type":"product","link":"https:\/\/ledison.hr\/en\/web-trgovina\/eol\/led-hisquare-120w-13200lm-5700k\/","title":{"rendered":"LED HiSquare 120W 13200lm 5700K"},"content":{"rendered":"<p>Profesionalna industrijska Lumax High-Bay Square LED rasvjeta vrhunske kvalitete snage&nbsp;<span>120W<\/span>&nbsp;te toka svjetlosti od&nbsp;<span>13.200lm<\/span> pogonjena<span>&nbsp;Meanwell&nbsp;<\/span>napajanjem te<span>&nbsp;Nichia&nbsp;<\/span>LED \u010dipovima.<\/p>\n<p>Tehni\u010dke specifikacije:<\/p>\n<ul>\n<li>Model No.: LHB-120SQ<\/li>\n<li><span>Snaga (Potro\u0161nja): 120W<\/span><\/li>\n<li>LED \u010cipovi: Nichia 1.4W (Japan)<\/li>\n<li>Radni napon: AC 90-305V (50-60Hz)<\/li>\n<li><span>Svjetlosni tok (lumen): 13.200 lm<\/span><\/li>\n<li>Dimabilan: NE<\/li>\n<li>Dimenzije (mm): 352\u00d7352x147mm<\/li>\n<li><span>Kut osvjetljavanja: 120\u00b0<\/span><\/li>\n<li>Materijal ku\u0107i\u0161ta: Legura Aluminija<\/li>\n<li>LED \u017eivotni vijek: 50.000 sati<\/li>\n<li>Indeks uzvrata boje (CRI): &gt;73<\/li>\n<li>Faktor snage: &gt;0.95<\/li>\n<li>Energetski razred: A+<\/li>\n<li><span>Temperatura boje: 5700K<\/span><\/li>\n<li>Napajanje: Meanwell<\/li>\n<li>IP Faktor zastite: IP65<\/li>\n<li>Certifikati: CE ROHS<\/li>\n<li><span>HID Ekvivalent: 250W<\/span><\/li>\n<\/ul>\n<p><span>Jamstvo: 36 mjeseci&nbsp;<\/span><\/p>\n","protected":false},"excerpt":{"rendered":"<p>Profesionalna industrijska Lumax High-Bay Square LED rasvjeta vrhunske kvalitete snage&nbsp;120W&nbsp;te toka svjetlosti od&nbsp;13.200lm pogonjena&nbsp;Meanwell&nbsp;napajanjem te&nbsp;Nichia&nbsp;LED \u010dipovima. Tehni\u010dke specifikacije: Model No.: LHB-120SQ Snaga (Potro\u0161nja): 120W LED \u010cipovi: Nichia 1.4W (Japan) Radni napon: AC 90-305V (50-60Hz) Svjetlosni tok (lumen): 13.200 lm Dimabilan: NE Dimenzije (mm): 352\u00d7352x147mm Kut osvjetljavanja: 120\u00b0 Materijal ku\u0107i\u0161ta: Legura Aluminija LED \u017eivotni vijek: 50.000&hellip; <a class=\"read-more-link\" href=\"https:\/\/ledison.hr\/en\/web-trgovina\/eol\/led-hisquare-120w-13200lm-5700k\/\">Read More<\/a><\/p>\n","protected":false},"featured_media":8541,"comment_status":"open","ping_status":"closed","template":"","meta":{"_acf_changed":false},"product_brand":[],"product_cat":[1402],"product_tag":[],"class_list":{"0":"post-14212","1":"product","2":"type-product","3":"status-publish","4":"has-post-thumbnail","6":"product_cat-eol","9":"first","10":"instock","11":"taxable","12":"shipping-taxable","13":"purchasable","14":"product-type-simple"},"acf":[],"_links":{"self":[{"href":"https:\/\/ledison.hr\/en\/wp-json\/wp\/v2\/product\/14212","targetHints":{"allow":["GET"]}}],"collection":[{"href":"https:\/\/ledison.hr\/en\/wp-json\/wp\/v2\/product"}],"about":[{"href":"https:\/\/ledison.hr\/en\/wp-json\/wp\/v2\/types\/product"}],"replies":[{"embeddable":true,"href":"https:\/\/ledison.hr\/en\/wp-json\/wp\/v2\/comments?post=14212"}],"wp:featuredmedia":[{"embeddable":true,"href":"https:\/\/ledison.hr\/en\/wp-json\/wp\/v2\/media\/8541"}],"wp:attachment":[{"href":"https:\/\/ledison.hr\/en\/wp-json\/wp\/v2\/media?parent=14212"}],"wp:term":[{"taxonomy":"product_brand","embeddable":true,"href":"https:\/\/ledison.hr\/en\/wp-json\/wp\/v2\/product_brand?post=14212"},{"taxonomy":"product_cat","embeddable":true,"href":"https:\/\/ledison.hr\/en\/wp-json\/wp\/v2\/product_cat?post=14212"},{"taxonomy":"product_tag","embeddable":true,"href":"https:\/\/ledison.hr\/en\/wp-json\/wp\/v2\/product_tag?post=14212"}],"curies":[{"name":"wp","href":"https:\/\/api.w.org\/{rel}","templated":true}]}}