{"id":14235,"date":"2024-10-01T15:32:58","date_gmt":"2024-10-01T13:32:58","guid":{"rendered":"https:\/\/ledison.hr\/web-trgovina\/Bez%20kategorije\/wellmax-e27-13w-1200lm-80w-4000k-2\/"},"modified":"2026-03-05T11:27:14","modified_gmt":"2026-03-05T10:27:14","slug":"wellmax-e27-13w-1200lm-80w-4000k-2","status":"publish","type":"product","link":"https:\/\/ledison.hr\/en\/web-trgovina\/zarulje-i-cijevi\/grlo-e14-e27\/wellmax-e27-13w-1200lm-80w-4000k-2\/","title":{"rendered":"LED \u017darulja Wellmax E27 &#8211; 13W 1200lm (80W) 4000K"},"content":{"rendered":"<ul>\n<li>Potro\u0161nja (Snaga): 13W<\/li>\n<li>Ekvivalent za klasi\u010dnu: 80W<\/li>\n<li>Radni napon: AC 220V-240V<\/li>\n<li>Svjetlosni tok: 1200 ln<\/li>\n<li>LED Chip: Samsung<\/li>\n<li>Grlo (Navoj): E27<\/li>\n<li>Oblik \u017earulje: A65<\/li>\n<li>Boja svjetlosti: Neutralna bijela<\/li>\n<li>Temperatura boje: 4000K<\/li>\n<li>Index uzvrata boje (CRI): &gt;80<\/li>\n<li>Kut osvjetljavanja: 230\u00b0<\/li>\n<li>IP faktor zastite: IP20<\/li>\n<li>Radni napon: AC 220V-240V<\/li>\n<li>Dimabilna: NE<\/li>\n<li>O\u010dekivani \u017eivotni vijek: 25000 h<\/li>\n<li>Broj ON\/OFF ciklusa: &gt;12500<\/li>\n<li>Certifikati: CE RoHS<\/li>\n<\/ul>\n","protected":false},"excerpt":{"rendered":"<p>Kvalitetna Wellmax Ballet LED E27 \u017earulja s originalnim Samsung SMD chipovima potro\u0161nje 13W isporu\u010duje 1200lm neutralno bijele svjetlosti od 4000K \u0161to je pribli\u017eno kao klasi\u010dna \u017earulja sod 80W.<\/p>\n","protected":false},"featured_media":117701,"comment_status":"open","ping_status":"closed","template":"","meta":{"_acf_changed":false},"product_brand":[],"product_cat":[1475,1339],"product_tag":[],"class_list":{"0":"post-14235","1":"product","2":"type-product","3":"status-publish","4":"has-post-thumbnail","6":"product_cat-zarulje-i-cijevi","7":"product_cat-grlo-e14-e27","10":"first","11":"instock","12":"taxable","13":"shipping-taxable","14":"purchasable","15":"product-type-simple"},"acf":[],"_links":{"self":[{"href":"https:\/\/ledison.hr\/en\/wp-json\/wp\/v2\/product\/14235","targetHints":{"allow":["GET"]}}],"collection":[{"href":"https:\/\/ledison.hr\/en\/wp-json\/wp\/v2\/product"}],"about":[{"href":"https:\/\/ledison.hr\/en\/wp-json\/wp\/v2\/types\/product"}],"replies":[{"embeddable":true,"href":"https:\/\/ledison.hr\/en\/wp-json\/wp\/v2\/comments?post=14235"}],"wp:featuredmedia":[{"embeddable":true,"href":"https:\/\/ledison.hr\/en\/wp-json\/wp\/v2\/media\/117701"}],"wp:attachment":[{"href":"https:\/\/ledison.hr\/en\/wp-json\/wp\/v2\/media?parent=14235"}],"wp:term":[{"taxonomy":"product_brand","embeddable":true,"href":"https:\/\/ledison.hr\/en\/wp-json\/wp\/v2\/product_brand?post=14235"},{"taxonomy":"product_cat","embeddable":true,"href":"https:\/\/ledison.hr\/en\/wp-json\/wp\/v2\/product_cat?post=14235"},{"taxonomy":"product_tag","embeddable":true,"href":"https:\/\/ledison.hr\/en\/wp-json\/wp\/v2\/product_tag?post=14235"}],"curies":[{"name":"wp","href":"https:\/\/api.w.org\/{rel}","templated":true}]}}