{"id":14269,"date":"2024-01-01T13:20:09","date_gmt":"2024-01-01T12:20:09","guid":{"rendered":"https:\/\/ledison.hr\/web-trgovina\/Bez%20kategorije\/led-daljinski-za-rf-dimmer-2-4g-r1\/"},"modified":"2026-04-13T15:09:01","modified_gmt":"2026-04-13T13:09:01","slug":"led-daljinski-za-rf-dimmer-2-4g-r1-crni","status":"publish","type":"product","link":"https:\/\/ledison.hr\/en\/web-trgovina\/led-upravljacki-sistemi\/upravljaci-rf-2-4ghz\/led-daljinski-za-rf-dimmer-2-4g-r1-crni\/","title":{"rendered":"Daljinski RF 2.4G Upravlja\u010d Za Dimere, Skydance R1, Crni"},"content":{"rendered":"<ul>\n<li>Izlazni signal: RF 2.4GHz<\/li>\n<li>Doseg upravlja\u010da: do 30m<\/li>\n<li><strong>Broj zona: 1<\/strong><\/li>\n<li><strong>Funkcija<\/strong>: Dimanje<\/li>\n<li>Baterija: CR2032<\/li>\n<li>Radna struja: &lt; 5mA<\/li>\n<li>Dimenzije: 135 x 40 x 11 mm<\/li>\n<\/ul>\n<p><strong>Uparivanje:<\/strong><\/p>\n<p><strong>Putem MATCH key na kontroleru:<\/strong><\/p>\n<p>Kratko pritisnite tipku \u201cMatch\u201d na kontroleru (dimmeru), zatim odmah pritisnite i dr\u017eite nekoliko sekundi tipku za uklju\u010divanje\/isklju\u010divanje na daljinskom upravlja\u010du.<br data-start=\"224\" data-end=\"227\" \/>Ako LED indikator brzo zatreperi nekoliko puta, to zna\u010di da je uparivanje uspje\u0161no.<\/p>\n<p><strong>DELETE funkcija:<\/strong><br \/>\nPritisnite i dr\u017eite tipku \u201cMatch\u201d na kontroleru 5 sekundi za brisanje svih uparenih ure\u0111aja.<br data-start=\"108\" data-end=\"111\" \/>Ako LED indikator brzo zatreperi nekoliko puta, to zna\u010di da su svi upareni daljinski upravlja\u010di izbrisani.<\/p>\n<p><strong>Bez MATCH key:<br \/>\n<\/strong><\/p>\n<p>Isklju\u010dite napajanje, zatim ga ponovno uklju\u010dite i ponovite postupak jo\u0161 jednom.<br data-start=\"122\" data-end=\"125\" \/>Odmah nakon toga, kratko pritisnite tipku za uklju\u010divanje\/isklju\u010divanje na daljinskom upravlja\u010du 3 puta.<br data-start=\"229\" data-end=\"232\" \/>Ako svjetlo trepne 3 puta, to zna\u010di da je uparivanje uspje\u0161no.<\/p>\n<p><strong>DELETE funkcija:<\/strong><br \/>\nIsklju\u010dite napajanje, zatim ga ponovno uklju\u010dite i ponovite postupak jo\u0161 jednom.<br data-start=\"122\" data-end=\"125\" \/>Odmah nakon toga, kratko pritisnite tipku za uklju\u010divanje\/isklju\u010divanje na daljinskom upravlja\u010du 5 puta.<br data-start=\"229\" data-end=\"232\" \/>Ako svjetlo trepne 5 puta, to zna\u010di da su svi upareni daljinski upravlja\u010di izbrisani.<\/p>\n<p>&nbsp;<\/p>\n","protected":false},"excerpt":{"rendered":"<p>Daljinski 1-zone upravlja\u010d za RF Dimmere koji rade na 2.4GHz za kontrolu dimmera do 30 m udaljenosti. Dolazi u kompletu s zidnim nosa\u010dem.<\/p>\n","protected":false},"featured_media":119461,"comment_status":"open","ping_status":"closed","template":"","meta":{"_acf_changed":false},"product_brand":[],"product_cat":[1384,1293],"product_tag":[],"class_list":{"0":"post-14269","1":"product","2":"type-product","3":"status-publish","4":"has-post-thumbnail","6":"product_cat-upravljaci-rf-2-4ghz","7":"product_cat-led-upravljacki-sistemi","10":"first","11":"instock","12":"taxable","13":"shipping-taxable","14":"purchasable","15":"product-type-simple"},"acf":[],"_links":{"self":[{"href":"https:\/\/ledison.hr\/en\/wp-json\/wp\/v2\/product\/14269","targetHints":{"allow":["GET"]}}],"collection":[{"href":"https:\/\/ledison.hr\/en\/wp-json\/wp\/v2\/product"}],"about":[{"href":"https:\/\/ledison.hr\/en\/wp-json\/wp\/v2\/types\/product"}],"replies":[{"embeddable":true,"href":"https:\/\/ledison.hr\/en\/wp-json\/wp\/v2\/comments?post=14269"}],"wp:featuredmedia":[{"embeddable":true,"href":"https:\/\/ledison.hr\/en\/wp-json\/wp\/v2\/media\/119461"}],"wp:attachment":[{"href":"https:\/\/ledison.hr\/en\/wp-json\/wp\/v2\/media?parent=14269"}],"wp:term":[{"taxonomy":"product_brand","embeddable":true,"href":"https:\/\/ledison.hr\/en\/wp-json\/wp\/v2\/product_brand?post=14269"},{"taxonomy":"product_cat","embeddable":true,"href":"https:\/\/ledison.hr\/en\/wp-json\/wp\/v2\/product_cat?post=14269"},{"taxonomy":"product_tag","embeddable":true,"href":"https:\/\/ledison.hr\/en\/wp-json\/wp\/v2\/product_tag?post=14269"}],"curies":[{"name":"wp","href":"https:\/\/api.w.org\/{rel}","templated":true}]}}